{"id":966,"date":"2020-09-03T14:48:57","date_gmt":"2020-09-03T17:48:57","guid":{"rendered":"https:\/\/clinicaraizes.com.br\/loja\/?post_type=product&#038;p=966"},"modified":"2026-04-23T19:14:39","modified_gmt":"2026-04-23T22:14:39","slug":"day-spa-so-volto-amanha-vale-presente","status":"publish","type":"product","link":"https:\/\/clinicaraizes.com.br\/loja\/shop\/day-spa\/para-ela\/so-volto-amanha\/day-spa-so-volto-amanha-vale-presente\/","title":{"rendered":"Day Spa S\u00f3 Volto Amanh\u00e3"},"content":{"rendered":"<p>Day Spa S\u00f3 Volto Amanh\u00e3<\/p>\n<p>Dura\u00e7\u00e3o: 5 horas<\/p>\n<p>No Day Spa S\u00f3 Volto Amanh\u00e3, aliamos cuidados com o corpo, mente e alma, atrav\u00e9s de tratamentos de relaxamento, bem-estar e de\u00a0<a href=\"https:\/\/clinicaraizes.com.br\/raizes-estetica\/estetica-corporal\/\">est\u00e9tica corporal<\/a>\u00a0e facial.<\/p>\n<ul>\n<li>Spa dos P\u00e9s de Boas vindas com aroma terapia +<\/li>\n<li>Reflexologia Podal: Massagem em pontos espec\u00edficos dos p\u00e9s para dissipar os bloqueios de energia do corpo<\/li>\n<li>Massagem Relaxante com movimentos suaves, proporcionando relaxamento intenso e profundo +<\/li>\n<li>Banho de Ofur\u00f4 de Sais, para um\u00a0<a href=\"https:\/\/clinicaraizes.com.br\/spa\/bem-estar\/\">relaxamento completo<\/a>, bem-estar e al\u00edvio para as tens\u00f5es di\u00e1rias +<\/li>\n<li>Limpeza de Pele Profunda com Spa das M\u00e3os +<\/li>\n<li>Lavagem e Escova<\/li>\n<\/ul>\n<p>Nossas Massagens s\u00e3o realizadas em Bangal\u00f4s externos individuais, climatizados e com m\u00fasica ambiente.<\/p>\n<p>Durante o Banho de Ofur\u00f4, oferecemos \u00e1gua aromatizada e frutas secas.<\/p>\n<p>Em todo Day Spa realizado na Cl\u00ednica Ra\u00edzes, oferecemos biqu\u00edni ou sunga descart\u00e1vel para seu maior conforto, roup\u00e3o e chinelo para uso interno.<\/p>\n","protected":false},"excerpt":{"rendered":"<p>Dura\u00e7\u00e3o: 5 horas<\/p>\n<ul>\n<li>Spa dos P\u00e9s de Boas vindas com aroma terapia +<\/li>\n<li>Reflexologia Podal: Massagem em pontos espec\u00edficos dos p\u00e9s para dissipar os bloqueios de energia do corpo<\/li>\n<li>Massagem Relaxante com movimentos suaves, proporcionando relaxamento intenso e profundo +<\/li>\n<li>Banho de Ofur\u00f4 de Sais, para um\u00a0<a href=\"https:\/\/clinicaraizes.com.br\/spa\/bem-estar\/\">relaxamento completo<\/a>, bem-estar e al\u00edvio para as tens\u00f5es di\u00e1rias +<\/li>\n<li>Limpeza de Pele Profunda com Spa das M\u00e3os +<\/li>\n<li>Lavagem e Escova<\/li>\n<\/ul>\n","protected":false},"featured_media":2396,"comment_status":"open","ping_status":"closed","template":"","meta":{"bwfblock_default_font":""},"product_brand":[],"product_cat":[125,292],"product_tag":[216,215],"class_list":{"0":"post-966","1":"product","2":"type-product","3":"status-publish","4":"has-post-thumbnail","6":"product_cat-so-volto-amanha","7":"product_cat-vale-presente","8":"product_tag-presentear-amigos","9":"product_tag-vale-presente","11":"first","12":"instock","13":"virtual","14":"purchasable","15":"product-type-simple"},"yoast_head":"<!-- This site is optimized with the Yoast SEO plugin v27.4 - https:\/\/yoast.com\/product\/yoast-seo-wordpress\/ -->\n<title>Day Spa S\u00f3 Volto Amanh\u00e3 - Cl\u00ednica Ra\u00edzes | Tatuap\u00e9<\/title>\n<meta name=\"description\" content=\"No Day Spa S\u00f3 Volto Amanh\u00e3 aliamos cuidados com o corpo, mente e alma, atrav\u00e9s de tratamentos de relaxamento e de est\u00e9tica corporal e facial.\" \/>\n<meta name=\"robots\" content=\"index, follow, max-snippet:-1, max-image-preview:large, max-video-preview:-1\" \/>\n<link rel=\"canonical\" href=\"https:\/\/clinicaraizes.com.br\/loja\/shop\/day-spa\/para-ela\/so-volto-amanha\/day-spa-so-volto-amanha-vale-presente\/\" \/>\n<meta property=\"og:locale\" content=\"pt_BR\" \/>\n<meta property=\"og:type\" content=\"article\" \/>\n<meta property=\"og:title\" content=\"Day Spa S\u00f3 Volto Amanh\u00e3 - Cl\u00ednica Ra\u00edzes | Tatuap\u00e9\" \/>\n<meta property=\"og:description\" content=\"No Day Spa S\u00f3 Volto Amanh\u00e3 aliamos cuidados com o corpo, mente e alma, atrav\u00e9s de tratamentos de relaxamento e de est\u00e9tica corporal e facial.\" \/>\n<meta property=\"og:url\" content=\"https:\/\/clinicaraizes.com.br\/loja\/shop\/day-spa\/para-ela\/so-volto-amanha\/day-spa-so-volto-amanha-vale-presente\/\" \/>\n<meta property=\"og:site_name\" content=\"Cl\u00ednica Ra\u00edzes\" \/>\n<meta property=\"article:publisher\" content=\"https:\/\/www.facebook.com\/clinicaraizes\" \/>\n<meta property=\"article:modified_time\" content=\"2026-04-23T22:14:39+00:00\" \/>\n<meta property=\"og:image\" content=\"https:\/\/clinicaraizes.com.br\/loja\/wp-content\/uploads\/2020\/05\/Folder-Site-Menu.-Day-Spa-Ela-So-volto-amanha.png\" \/>\n\t<meta property=\"og:image:width\" content=\"600\" \/>\n\t<meta property=\"og:image:height\" content=\"600\" \/>\n\t<meta property=\"og:image:type\" content=\"image\/png\" \/>\n<meta name=\"twitter:card\" content=\"summary_large_image\" \/>\n<meta name=\"twitter:label1\" content=\"Est. tempo de leitura\" \/>\n\t<meta name=\"twitter:data1\" content=\"1 minuto\" \/>\n<script type=\"application\/ld+json\" class=\"yoast-schema-graph\">{\"@context\":\"https:\\\/\\\/schema.org\",\"@graph\":[{\"@type\":\"WebPage\",\"@id\":\"https:\\\/\\\/clinicaraizes.com.br\\\/loja\\\/shop\\\/day-spa\\\/para-ela\\\/so-volto-amanha\\\/day-spa-so-volto-amanha-vale-presente\\\/\",\"url\":\"https:\\\/\\\/clinicaraizes.com.br\\\/loja\\\/shop\\\/day-spa\\\/para-ela\\\/so-volto-amanha\\\/day-spa-so-volto-amanha-vale-presente\\\/\",\"name\":\"Day Spa S\u00f3 Volto Amanh\u00e3 - Cl\u00ednica Ra\u00edzes | Tatuap\u00e9\",\"isPartOf\":{\"@id\":\"https:\\\/\\\/clinicaraizes.com.br\\\/loja\\\/#website\"},\"primaryImageOfPage\":{\"@id\":\"https:\\\/\\\/clinicaraizes.com.br\\\/loja\\\/shop\\\/day-spa\\\/para-ela\\\/so-volto-amanha\\\/day-spa-so-volto-amanha-vale-presente\\\/#primaryimage\"},\"image\":{\"@id\":\"https:\\\/\\\/clinicaraizes.com.br\\\/loja\\\/shop\\\/day-spa\\\/para-ela\\\/so-volto-amanha\\\/day-spa-so-volto-amanha-vale-presente\\\/#primaryimage\"},\"thumbnailUrl\":\"https:\\\/\\\/clinicaraizes.com.br\\\/loja\\\/wp-content\\\/uploads\\\/2020\\\/05\\\/Folder-Site-Menu.-Day-Spa-Ela-So-volto-amanha.png\",\"datePublished\":\"2020-09-03T17:48:57+00:00\",\"dateModified\":\"2026-04-23T22:14:39+00:00\",\"description\":\"No Day Spa S\u00f3 Volto Amanh\u00e3 aliamos cuidados com o corpo, mente e alma, atrav\u00e9s de tratamentos de relaxamento e de est\u00e9tica corporal e facial.\",\"breadcrumb\":{\"@id\":\"https:\\\/\\\/clinicaraizes.com.br\\\/loja\\\/shop\\\/day-spa\\\/para-ela\\\/so-volto-amanha\\\/day-spa-so-volto-amanha-vale-presente\\\/#breadcrumb\"},\"inLanguage\":\"pt-BR\",\"potentialAction\":[{\"@type\":\"ReadAction\",\"target\":[\"https:\\\/\\\/clinicaraizes.com.br\\\/loja\\\/shop\\\/day-spa\\\/para-ela\\\/so-volto-amanha\\\/day-spa-so-volto-amanha-vale-presente\\\/\"]}]},{\"@type\":\"ImageObject\",\"inLanguage\":\"pt-BR\",\"@id\":\"https:\\\/\\\/clinicaraizes.com.br\\\/loja\\\/shop\\\/day-spa\\\/para-ela\\\/so-volto-amanha\\\/day-spa-so-volto-amanha-vale-presente\\\/#primaryimage\",\"url\":\"https:\\\/\\\/clinicaraizes.com.br\\\/loja\\\/wp-content\\\/uploads\\\/2020\\\/05\\\/Folder-Site-Menu.-Day-Spa-Ela-So-volto-amanha.png\",\"contentUrl\":\"https:\\\/\\\/clinicaraizes.com.br\\\/loja\\\/wp-content\\\/uploads\\\/2020\\\/05\\\/Folder-Site-Menu.-Day-Spa-Ela-So-volto-amanha.png\",\"width\":600,\"height\":600,\"caption\":\"Day Spa Cl\u00ednica Ra\u00edzes (S\u00f3 volto amanh\u00e3)\"},{\"@type\":\"BreadcrumbList\",\"@id\":\"https:\\\/\\\/clinicaraizes.com.br\\\/loja\\\/shop\\\/day-spa\\\/para-ela\\\/so-volto-amanha\\\/day-spa-so-volto-amanha-vale-presente\\\/#breadcrumb\",\"itemListElement\":[{\"@type\":\"ListItem\",\"position\":1,\"name\":\"In\u00edcio\",\"item\":\"https:\\\/\\\/clinicaraizes.com.br\\\/loja\\\/\"},{\"@type\":\"ListItem\",\"position\":2,\"name\":\"Shop\",\"item\":\"https:\\\/\\\/clinicaraizes.com.br\\\/loja\\\/shop\\\/\"},{\"@type\":\"ListItem\",\"position\":3,\"name\":\"Day Spa S\u00f3 Volto Amanh\u00e3\"}]},{\"@type\":\"WebSite\",\"@id\":\"https:\\\/\\\/clinicaraizes.com.br\\\/loja\\\/#website\",\"url\":\"https:\\\/\\\/clinicaraizes.com.br\\\/loja\\\/\",\"name\":\"Cl\u00ednica Ra\u00edzes\",\"description\":\"Dicas &amp; Tutoriais de Beleza e Bem Estar\",\"publisher\":{\"@id\":\"https:\\\/\\\/clinicaraizes.com.br\\\/loja\\\/#organization\"},\"potentialAction\":[{\"@type\":\"SearchAction\",\"target\":{\"@type\":\"EntryPoint\",\"urlTemplate\":\"https:\\\/\\\/clinicaraizes.com.br\\\/loja\\\/?s={search_term_string}\"},\"query-input\":{\"@type\":\"PropertyValueSpecification\",\"valueRequired\":true,\"valueName\":\"search_term_string\"}}],\"inLanguage\":\"pt-BR\"},{\"@type\":\"Organization\",\"@id\":\"https:\\\/\\\/clinicaraizes.com.br\\\/loja\\\/#organization\",\"name\":\"Cl\u00ednica Ra\u00edzes\",\"url\":\"https:\\\/\\\/clinicaraizes.com.br\\\/loja\\\/\",\"logo\":{\"@type\":\"ImageObject\",\"inLanguage\":\"pt-BR\",\"@id\":\"https:\\\/\\\/clinicaraizes.com.br\\\/loja\\\/#\\\/schema\\\/logo\\\/image\\\/\",\"url\":\"https:\\\/\\\/clinicaraizes.com.br\\\/loja\\\/wp-content\\\/uploads\\\/2019\\\/03\\\/logo-raizes.png\",\"contentUrl\":\"https:\\\/\\\/clinicaraizes.com.br\\\/loja\\\/wp-content\\\/uploads\\\/2019\\\/03\\\/logo-raizes.png\",\"width\":480,\"height\":180,\"caption\":\"Cl\u00ednica Ra\u00edzes\"},\"image\":{\"@id\":\"https:\\\/\\\/clinicaraizes.com.br\\\/loja\\\/#\\\/schema\\\/logo\\\/image\\\/\"},\"sameAs\":[\"https:\\\/\\\/www.facebook.com\\\/clinicaraizes\",\"https:\\\/\\\/www.instagram.com\\\/clinicaraizes\"]}]}<\/script>\n<!-- \/ Yoast SEO plugin. -->","yoast_head_json":{"title":"Day Spa S\u00f3 Volto Amanh\u00e3 - Cl\u00ednica Ra\u00edzes | Tatuap\u00e9","description":"No Day Spa S\u00f3 Volto Amanh\u00e3 aliamos cuidados com o corpo, mente e alma, atrav\u00e9s de tratamentos de relaxamento e de est\u00e9tica corporal e facial.","robots":{"index":"index","follow":"follow","max-snippet":"max-snippet:-1","max-image-preview":"max-image-preview:large","max-video-preview":"max-video-preview:-1"},"canonical":"https:\/\/clinicaraizes.com.br\/loja\/shop\/day-spa\/para-ela\/so-volto-amanha\/day-spa-so-volto-amanha-vale-presente\/","og_locale":"pt_BR","og_type":"article","og_title":"Day Spa S\u00f3 Volto Amanh\u00e3 - Cl\u00ednica Ra\u00edzes | Tatuap\u00e9","og_description":"No Day Spa S\u00f3 Volto Amanh\u00e3 aliamos cuidados com o corpo, mente e alma, atrav\u00e9s de tratamentos de relaxamento e de est\u00e9tica corporal e facial.","og_url":"https:\/\/clinicaraizes.com.br\/loja\/shop\/day-spa\/para-ela\/so-volto-amanha\/day-spa-so-volto-amanha-vale-presente\/","og_site_name":"Cl\u00ednica Ra\u00edzes","article_publisher":"https:\/\/www.facebook.com\/clinicaraizes","article_modified_time":"2026-04-23T22:14:39+00:00","og_image":[{"width":600,"height":600,"url":"https:\/\/clinicaraizes.com.br\/loja\/wp-content\/uploads\/2020\/05\/Folder-Site-Menu.-Day-Spa-Ela-So-volto-amanha.png","type":"image\/png"}],"twitter_card":"summary_large_image","twitter_misc":{"Est. tempo de leitura":"1 minuto"},"schema":{"@context":"https:\/\/schema.org","@graph":[{"@type":"WebPage","@id":"https:\/\/clinicaraizes.com.br\/loja\/shop\/day-spa\/para-ela\/so-volto-amanha\/day-spa-so-volto-amanha-vale-presente\/","url":"https:\/\/clinicaraizes.com.br\/loja\/shop\/day-spa\/para-ela\/so-volto-amanha\/day-spa-so-volto-amanha-vale-presente\/","name":"Day Spa S\u00f3 Volto Amanh\u00e3 - Cl\u00ednica Ra\u00edzes | Tatuap\u00e9","isPartOf":{"@id":"https:\/\/clinicaraizes.com.br\/loja\/#website"},"primaryImageOfPage":{"@id":"https:\/\/clinicaraizes.com.br\/loja\/shop\/day-spa\/para-ela\/so-volto-amanha\/day-spa-so-volto-amanha-vale-presente\/#primaryimage"},"image":{"@id":"https:\/\/clinicaraizes.com.br\/loja\/shop\/day-spa\/para-ela\/so-volto-amanha\/day-spa-so-volto-amanha-vale-presente\/#primaryimage"},"thumbnailUrl":"https:\/\/clinicaraizes.com.br\/loja\/wp-content\/uploads\/2020\/05\/Folder-Site-Menu.-Day-Spa-Ela-So-volto-amanha.png","datePublished":"2020-09-03T17:48:57+00:00","dateModified":"2026-04-23T22:14:39+00:00","description":"No Day Spa S\u00f3 Volto Amanh\u00e3 aliamos cuidados com o corpo, mente e alma, atrav\u00e9s de tratamentos de relaxamento e de est\u00e9tica corporal e facial.","breadcrumb":{"@id":"https:\/\/clinicaraizes.com.br\/loja\/shop\/day-spa\/para-ela\/so-volto-amanha\/day-spa-so-volto-amanha-vale-presente\/#breadcrumb"},"inLanguage":"pt-BR","potentialAction":[{"@type":"ReadAction","target":["https:\/\/clinicaraizes.com.br\/loja\/shop\/day-spa\/para-ela\/so-volto-amanha\/day-spa-so-volto-amanha-vale-presente\/"]}]},{"@type":"ImageObject","inLanguage":"pt-BR","@id":"https:\/\/clinicaraizes.com.br\/loja\/shop\/day-spa\/para-ela\/so-volto-amanha\/day-spa-so-volto-amanha-vale-presente\/#primaryimage","url":"https:\/\/clinicaraizes.com.br\/loja\/wp-content\/uploads\/2020\/05\/Folder-Site-Menu.-Day-Spa-Ela-So-volto-amanha.png","contentUrl":"https:\/\/clinicaraizes.com.br\/loja\/wp-content\/uploads\/2020\/05\/Folder-Site-Menu.-Day-Spa-Ela-So-volto-amanha.png","width":600,"height":600,"caption":"Day Spa Cl\u00ednica Ra\u00edzes (S\u00f3 volto amanh\u00e3)"},{"@type":"BreadcrumbList","@id":"https:\/\/clinicaraizes.com.br\/loja\/shop\/day-spa\/para-ela\/so-volto-amanha\/day-spa-so-volto-amanha-vale-presente\/#breadcrumb","itemListElement":[{"@type":"ListItem","position":1,"name":"In\u00edcio","item":"https:\/\/clinicaraizes.com.br\/loja\/"},{"@type":"ListItem","position":2,"name":"Shop","item":"https:\/\/clinicaraizes.com.br\/loja\/shop\/"},{"@type":"ListItem","position":3,"name":"Day Spa S\u00f3 Volto Amanh\u00e3"}]},{"@type":"WebSite","@id":"https:\/\/clinicaraizes.com.br\/loja\/#website","url":"https:\/\/clinicaraizes.com.br\/loja\/","name":"Cl\u00ednica Ra\u00edzes","description":"Dicas &amp; Tutoriais de Beleza e Bem Estar","publisher":{"@id":"https:\/\/clinicaraizes.com.br\/loja\/#organization"},"potentialAction":[{"@type":"SearchAction","target":{"@type":"EntryPoint","urlTemplate":"https:\/\/clinicaraizes.com.br\/loja\/?s={search_term_string}"},"query-input":{"@type":"PropertyValueSpecification","valueRequired":true,"valueName":"search_term_string"}}],"inLanguage":"pt-BR"},{"@type":"Organization","@id":"https:\/\/clinicaraizes.com.br\/loja\/#organization","name":"Cl\u00ednica Ra\u00edzes","url":"https:\/\/clinicaraizes.com.br\/loja\/","logo":{"@type":"ImageObject","inLanguage":"pt-BR","@id":"https:\/\/clinicaraizes.com.br\/loja\/#\/schema\/logo\/image\/","url":"https:\/\/clinicaraizes.com.br\/loja\/wp-content\/uploads\/2019\/03\/logo-raizes.png","contentUrl":"https:\/\/clinicaraizes.com.br\/loja\/wp-content\/uploads\/2019\/03\/logo-raizes.png","width":480,"height":180,"caption":"Cl\u00ednica Ra\u00edzes"},"image":{"@id":"https:\/\/clinicaraizes.com.br\/loja\/#\/schema\/logo\/image\/"},"sameAs":["https:\/\/www.facebook.com\/clinicaraizes","https:\/\/www.instagram.com\/clinicaraizes"]}]}},"jetpack_sharing_enabled":true,"_links":{"self":[{"href":"https:\/\/clinicaraizes.com.br\/loja\/wp-json\/wp\/v2\/product\/966","targetHints":{"allow":["GET"]}}],"collection":[{"href":"https:\/\/clinicaraizes.com.br\/loja\/wp-json\/wp\/v2\/product"}],"about":[{"href":"https:\/\/clinicaraizes.com.br\/loja\/wp-json\/wp\/v2\/types\/product"}],"replies":[{"embeddable":true,"href":"https:\/\/clinicaraizes.com.br\/loja\/wp-json\/wp\/v2\/comments?post=966"}],"wp:featuredmedia":[{"embeddable":true,"href":"https:\/\/clinicaraizes.com.br\/loja\/wp-json\/wp\/v2\/media\/2396"}],"wp:attachment":[{"href":"https:\/\/clinicaraizes.com.br\/loja\/wp-json\/wp\/v2\/media?parent=966"}],"wp:term":[{"taxonomy":"product_brand","embeddable":true,"href":"https:\/\/clinicaraizes.com.br\/loja\/wp-json\/wp\/v2\/product_brand?post=966"},{"taxonomy":"product_cat","embeddable":true,"href":"https:\/\/clinicaraizes.com.br\/loja\/wp-json\/wp\/v2\/product_cat?post=966"},{"taxonomy":"product_tag","embeddable":true,"href":"https:\/\/clinicaraizes.com.br\/loja\/wp-json\/wp\/v2\/product_tag?post=966"}],"curies":[{"name":"wp","href":"https:\/\/api.w.org\/{rel}","templated":true}]}}