{"id":825,"date":"2020-08-16T09:18:53","date_gmt":"2020-08-16T12:18:53","guid":{"rendered":"https:\/\/clinicaraizes.com.br\/loja\/?post_type=product&#038;p=825"},"modified":"2026-04-23T19:15:05","modified_gmt":"2026-04-23T22:15:05","slug":"limpeza-de-pele-profunda","status":"publish","type":"product","link":"https:\/\/clinicaraizes.com.br\/loja\/shop\/facial\/pele\/limpeza-de-pele-profunda\/","title":{"rendered":"Limpeza de Pele Profunda"},"content":{"rendered":"<p><strong>Limpeza de Pele Profunda<\/strong><\/p>\n<p><strong>Dura\u00e7\u00e3o aproximada:<\/strong> 90 minutos<\/p>\n<p>Os principais benef\u00edcios da Limpeza de Pele profunda s\u00e3o:<\/p>\n<ul>\n<li>Remo\u00e7\u00e3o de comed\u00f5es (cravos) e acnes (espinhas);<\/li>\n<li>Retirada de milium;<\/li>\n<li>Remo\u00e7\u00e3o de impurezas;<\/li>\n<li>Desobstru\u00e7\u00e3o de poros;<\/li>\n<li>Aumento da oxigena\u00e7\u00e3o e da nutri\u00e7\u00e3o da pele;<\/li>\n<li>Renova\u00e7\u00e3o celular;<\/li>\n<li>Remo\u00e7\u00e3o das c\u00e9lulas mortas;<\/li>\n<li>Melhora do aspecto geral da pele, principalmente em peles ressecadas e sem vi\u00e7o.<\/li>\n<\/ul>\n<p>Antes de qualquer tratamento no rosto, recomendamos a<a href=\"https:\/\/clinicaraizes.com.br\/raizes-estetica\/estetica-facial\/limpeza-de-pele\/\"> Limpeza de Pele<\/a>, pois todos os benef\u00edcios citados, deixam a pele realmente limpa e aumentam a absor\u00e7\u00e3o de dermocosm\u00e9ticos utilizados nos <a href=\"https:\/\/clinicaraizes.com.br\/dermatologia\/\">tratamentos posteriores<\/a>.<\/p>\n<p>Apesar de ser um procedimento simples, a Limpeza de Pele deve ser realizada por profissionais da \u00e1rea, pois um procedimento inadequado de extra\u00e7\u00e3o poder\u00e1 resultar em manchas e at\u00e9 cicatrizes.<\/p>\n","protected":false},"excerpt":{"rendered":"<p><strong>Dura\u00e7\u00e3o aproximada:<\/strong>\u00a0 90 minutos<\/p>\n<p>A Limpeza de Pele \u00e9 uma t\u00e9cnica que tem por objetivo remover cravos e impurezas da pele, mantendo-a macia e saud\u00e1vel. Auxiliando no equil\u00edbrio de todos os tipos de pele.<\/p>\n","protected":false},"featured_media":896,"comment_status":"open","ping_status":"closed","template":"","meta":{"bwfblock_default_font":""},"product_brand":[],"product_cat":[134,240],"product_tag":[190,188,189],"class_list":{"0":"post-825","1":"product","2":"type-product","3":"status-publish","4":"has-post-thumbnail","6":"product_cat-facial","7":"product_cat-pele","8":"product_tag-cuidados-com-a-pele","9":"product_tag-limpeza-de-pele","10":"product_tag-skin-care","12":"first","13":"instock","14":"virtual","15":"purchasable","16":"product-type-simple"},"yoast_head":"<!-- This site is optimized with the Yoast SEO plugin v27.6 - https:\/\/yoast.com\/product\/yoast-seo-wordpress\/ -->\n<title>Limpeza de Pele Profunda | Tatuap\u00e9 | Cl\u00ednica Ra\u00edzes<\/title>\n<meta name=\"description\" content=\"A Limpeza de Pele Profunda tem por objetivo remover cravos e impurezas da pele, mantendo-a saud\u00e1vel. Indicada para todos os tipos de pele.\" \/>\n<meta name=\"robots\" content=\"index, follow, max-snippet:-1, max-image-preview:large, max-video-preview:-1\" \/>\n<link rel=\"canonical\" href=\"https:\/\/clinicaraizes.com.br\/loja\/shop\/facial\/pele\/limpeza-de-pele-profunda\/\" \/>\n<meta property=\"og:locale\" content=\"pt_BR\" \/>\n<meta property=\"og:type\" content=\"article\" \/>\n<meta property=\"og:title\" content=\"Limpeza de Pele Profunda | Tatuap\u00e9 | Cl\u00ednica Ra\u00edzes\" \/>\n<meta property=\"og:description\" content=\"A Limpeza de Pele Profunda tem por objetivo remover cravos e impurezas da pele, mantendo-a saud\u00e1vel. Indicada para todos os tipos de pele.\" \/>\n<meta property=\"og:url\" content=\"https:\/\/clinicaraizes.com.br\/loja\/shop\/facial\/pele\/limpeza-de-pele-profunda\/\" \/>\n<meta property=\"og:site_name\" content=\"Cl\u00ednica Ra\u00edzes\" \/>\n<meta property=\"article:publisher\" content=\"https:\/\/www.facebook.com\/clinicaraizes\" \/>\n<meta property=\"article:modified_time\" content=\"2026-04-23T22:15:05+00:00\" \/>\n<meta property=\"og:image\" content=\"https:\/\/clinicaraizes.com.br\/loja\/wp-content\/uploads\/2020\/08\/Limpeza-de-Pele-Profunda-.jpg\" \/>\n\t<meta property=\"og:image:width\" content=\"1000\" \/>\n\t<meta property=\"og:image:height\" content=\"1414\" \/>\n\t<meta property=\"og:image:type\" content=\"image\/jpeg\" \/>\n<meta name=\"twitter:card\" content=\"summary_large_image\" \/>\n<meta name=\"twitter:label1\" content=\"Est. tempo de leitura\" \/>\n\t<meta name=\"twitter:data1\" content=\"1 minuto\" \/>\n<script type=\"application\/ld+json\" class=\"yoast-schema-graph\">{\"@context\":\"https:\\\/\\\/schema.org\",\"@graph\":[{\"@type\":\"WebPage\",\"@id\":\"https:\\\/\\\/clinicaraizes.com.br\\\/loja\\\/shop\\\/facial\\\/pele\\\/limpeza-de-pele-profunda\\\/\",\"url\":\"https:\\\/\\\/clinicaraizes.com.br\\\/loja\\\/shop\\\/facial\\\/pele\\\/limpeza-de-pele-profunda\\\/\",\"name\":\"Limpeza de Pele Profunda | Tatuap\u00e9 | Cl\u00ednica Ra\u00edzes\",\"isPartOf\":{\"@id\":\"https:\\\/\\\/clinicaraizes.com.br\\\/loja\\\/#website\"},\"primaryImageOfPage\":{\"@id\":\"https:\\\/\\\/clinicaraizes.com.br\\\/loja\\\/shop\\\/facial\\\/pele\\\/limpeza-de-pele-profunda\\\/#primaryimage\"},\"image\":{\"@id\":\"https:\\\/\\\/clinicaraizes.com.br\\\/loja\\\/shop\\\/facial\\\/pele\\\/limpeza-de-pele-profunda\\\/#primaryimage\"},\"thumbnailUrl\":\"https:\\\/\\\/clinicaraizes.com.br\\\/loja\\\/wp-content\\\/uploads\\\/2020\\\/08\\\/Limpeza-de-Pele-Profunda-.jpg\",\"datePublished\":\"2020-08-16T12:18:53+00:00\",\"dateModified\":\"2026-04-23T22:15:05+00:00\",\"description\":\"A Limpeza de Pele Profunda tem por objetivo remover cravos e impurezas da pele, mantendo-a saud\u00e1vel. Indicada para todos os tipos de pele.\",\"breadcrumb\":{\"@id\":\"https:\\\/\\\/clinicaraizes.com.br\\\/loja\\\/shop\\\/facial\\\/pele\\\/limpeza-de-pele-profunda\\\/#breadcrumb\"},\"inLanguage\":\"pt-BR\",\"potentialAction\":[{\"@type\":\"ReadAction\",\"target\":[\"https:\\\/\\\/clinicaraizes.com.br\\\/loja\\\/shop\\\/facial\\\/pele\\\/limpeza-de-pele-profunda\\\/\"]}]},{\"@type\":\"ImageObject\",\"inLanguage\":\"pt-BR\",\"@id\":\"https:\\\/\\\/clinicaraizes.com.br\\\/loja\\\/shop\\\/facial\\\/pele\\\/limpeza-de-pele-profunda\\\/#primaryimage\",\"url\":\"https:\\\/\\\/clinicaraizes.com.br\\\/loja\\\/wp-content\\\/uploads\\\/2020\\\/08\\\/Limpeza-de-Pele-Profunda-.jpg\",\"contentUrl\":\"https:\\\/\\\/clinicaraizes.com.br\\\/loja\\\/wp-content\\\/uploads\\\/2020\\\/08\\\/Limpeza-de-Pele-Profunda-.jpg\",\"width\":1000,\"height\":1414,\"caption\":\"Limpeza de Pele Profunda tatuape\"},{\"@type\":\"BreadcrumbList\",\"@id\":\"https:\\\/\\\/clinicaraizes.com.br\\\/loja\\\/shop\\\/facial\\\/pele\\\/limpeza-de-pele-profunda\\\/#breadcrumb\",\"itemListElement\":[{\"@type\":\"ListItem\",\"position\":1,\"name\":\"In\u00edcio\",\"item\":\"https:\\\/\\\/clinicaraizes.com.br\\\/loja\\\/\"},{\"@type\":\"ListItem\",\"position\":2,\"name\":\"Shop\",\"item\":\"https:\\\/\\\/clinicaraizes.com.br\\\/loja\\\/shop\\\/\"},{\"@type\":\"ListItem\",\"position\":3,\"name\":\"Limpeza de Pele Profunda\"}]},{\"@type\":\"WebSite\",\"@id\":\"https:\\\/\\\/clinicaraizes.com.br\\\/loja\\\/#website\",\"url\":\"https:\\\/\\\/clinicaraizes.com.br\\\/loja\\\/\",\"name\":\"Cl\u00ednica Ra\u00edzes\",\"description\":\"Dicas &amp; Tutoriais de Beleza e Bem Estar\",\"publisher\":{\"@id\":\"https:\\\/\\\/clinicaraizes.com.br\\\/loja\\\/#organization\"},\"potentialAction\":[{\"@type\":\"SearchAction\",\"target\":{\"@type\":\"EntryPoint\",\"urlTemplate\":\"https:\\\/\\\/clinicaraizes.com.br\\\/loja\\\/?s={search_term_string}\"},\"query-input\":{\"@type\":\"PropertyValueSpecification\",\"valueRequired\":true,\"valueName\":\"search_term_string\"}}],\"inLanguage\":\"pt-BR\"},{\"@type\":\"Organization\",\"@id\":\"https:\\\/\\\/clinicaraizes.com.br\\\/loja\\\/#organization\",\"name\":\"Cl\u00ednica Ra\u00edzes\",\"url\":\"https:\\\/\\\/clinicaraizes.com.br\\\/loja\\\/\",\"logo\":{\"@type\":\"ImageObject\",\"inLanguage\":\"pt-BR\",\"@id\":\"https:\\\/\\\/clinicaraizes.com.br\\\/loja\\\/#\\\/schema\\\/logo\\\/image\\\/\",\"url\":\"https:\\\/\\\/clinicaraizes.com.br\\\/loja\\\/wp-content\\\/uploads\\\/2019\\\/03\\\/logo-raizes.png\",\"contentUrl\":\"https:\\\/\\\/clinicaraizes.com.br\\\/loja\\\/wp-content\\\/uploads\\\/2019\\\/03\\\/logo-raizes.png\",\"width\":480,\"height\":180,\"caption\":\"Cl\u00ednica Ra\u00edzes\"},\"image\":{\"@id\":\"https:\\\/\\\/clinicaraizes.com.br\\\/loja\\\/#\\\/schema\\\/logo\\\/image\\\/\"},\"sameAs\":[\"https:\\\/\\\/www.facebook.com\\\/clinicaraizes\",\"https:\\\/\\\/www.instagram.com\\\/clinicaraizes\"]}]}<\/script>\n<!-- \/ Yoast SEO plugin. -->","yoast_head_json":{"title":"Limpeza de Pele Profunda | Tatuap\u00e9 | Cl\u00ednica Ra\u00edzes","description":"A Limpeza de Pele Profunda tem por objetivo remover cravos e impurezas da pele, mantendo-a saud\u00e1vel. Indicada para todos os tipos de pele.","robots":{"index":"index","follow":"follow","max-snippet":"max-snippet:-1","max-image-preview":"max-image-preview:large","max-video-preview":"max-video-preview:-1"},"canonical":"https:\/\/clinicaraizes.com.br\/loja\/shop\/facial\/pele\/limpeza-de-pele-profunda\/","og_locale":"pt_BR","og_type":"article","og_title":"Limpeza de Pele Profunda | Tatuap\u00e9 | Cl\u00ednica Ra\u00edzes","og_description":"A Limpeza de Pele Profunda tem por objetivo remover cravos e impurezas da pele, mantendo-a saud\u00e1vel. Indicada para todos os tipos de pele.","og_url":"https:\/\/clinicaraizes.com.br\/loja\/shop\/facial\/pele\/limpeza-de-pele-profunda\/","og_site_name":"Cl\u00ednica Ra\u00edzes","article_publisher":"https:\/\/www.facebook.com\/clinicaraizes","article_modified_time":"2026-04-23T22:15:05+00:00","og_image":[{"width":1000,"height":1414,"url":"https:\/\/clinicaraizes.com.br\/loja\/wp-content\/uploads\/2020\/08\/Limpeza-de-Pele-Profunda-.jpg","type":"image\/jpeg"}],"twitter_card":"summary_large_image","twitter_misc":{"Est. tempo de leitura":"1 minuto"},"schema":{"@context":"https:\/\/schema.org","@graph":[{"@type":"WebPage","@id":"https:\/\/clinicaraizes.com.br\/loja\/shop\/facial\/pele\/limpeza-de-pele-profunda\/","url":"https:\/\/clinicaraizes.com.br\/loja\/shop\/facial\/pele\/limpeza-de-pele-profunda\/","name":"Limpeza de Pele Profunda | Tatuap\u00e9 | Cl\u00ednica Ra\u00edzes","isPartOf":{"@id":"https:\/\/clinicaraizes.com.br\/loja\/#website"},"primaryImageOfPage":{"@id":"https:\/\/clinicaraizes.com.br\/loja\/shop\/facial\/pele\/limpeza-de-pele-profunda\/#primaryimage"},"image":{"@id":"https:\/\/clinicaraizes.com.br\/loja\/shop\/facial\/pele\/limpeza-de-pele-profunda\/#primaryimage"},"thumbnailUrl":"https:\/\/clinicaraizes.com.br\/loja\/wp-content\/uploads\/2020\/08\/Limpeza-de-Pele-Profunda-.jpg","datePublished":"2020-08-16T12:18:53+00:00","dateModified":"2026-04-23T22:15:05+00:00","description":"A Limpeza de Pele Profunda tem por objetivo remover cravos e impurezas da pele, mantendo-a saud\u00e1vel. Indicada para todos os tipos de pele.","breadcrumb":{"@id":"https:\/\/clinicaraizes.com.br\/loja\/shop\/facial\/pele\/limpeza-de-pele-profunda\/#breadcrumb"},"inLanguage":"pt-BR","potentialAction":[{"@type":"ReadAction","target":["https:\/\/clinicaraizes.com.br\/loja\/shop\/facial\/pele\/limpeza-de-pele-profunda\/"]}]},{"@type":"ImageObject","inLanguage":"pt-BR","@id":"https:\/\/clinicaraizes.com.br\/loja\/shop\/facial\/pele\/limpeza-de-pele-profunda\/#primaryimage","url":"https:\/\/clinicaraizes.com.br\/loja\/wp-content\/uploads\/2020\/08\/Limpeza-de-Pele-Profunda-.jpg","contentUrl":"https:\/\/clinicaraizes.com.br\/loja\/wp-content\/uploads\/2020\/08\/Limpeza-de-Pele-Profunda-.jpg","width":1000,"height":1414,"caption":"Limpeza de Pele Profunda tatuape"},{"@type":"BreadcrumbList","@id":"https:\/\/clinicaraizes.com.br\/loja\/shop\/facial\/pele\/limpeza-de-pele-profunda\/#breadcrumb","itemListElement":[{"@type":"ListItem","position":1,"name":"In\u00edcio","item":"https:\/\/clinicaraizes.com.br\/loja\/"},{"@type":"ListItem","position":2,"name":"Shop","item":"https:\/\/clinicaraizes.com.br\/loja\/shop\/"},{"@type":"ListItem","position":3,"name":"Limpeza de Pele Profunda"}]},{"@type":"WebSite","@id":"https:\/\/clinicaraizes.com.br\/loja\/#website","url":"https:\/\/clinicaraizes.com.br\/loja\/","name":"Cl\u00ednica Ra\u00edzes","description":"Dicas &amp; Tutoriais de Beleza e Bem Estar","publisher":{"@id":"https:\/\/clinicaraizes.com.br\/loja\/#organization"},"potentialAction":[{"@type":"SearchAction","target":{"@type":"EntryPoint","urlTemplate":"https:\/\/clinicaraizes.com.br\/loja\/?s={search_term_string}"},"query-input":{"@type":"PropertyValueSpecification","valueRequired":true,"valueName":"search_term_string"}}],"inLanguage":"pt-BR"},{"@type":"Organization","@id":"https:\/\/clinicaraizes.com.br\/loja\/#organization","name":"Cl\u00ednica Ra\u00edzes","url":"https:\/\/clinicaraizes.com.br\/loja\/","logo":{"@type":"ImageObject","inLanguage":"pt-BR","@id":"https:\/\/clinicaraizes.com.br\/loja\/#\/schema\/logo\/image\/","url":"https:\/\/clinicaraizes.com.br\/loja\/wp-content\/uploads\/2019\/03\/logo-raizes.png","contentUrl":"https:\/\/clinicaraizes.com.br\/loja\/wp-content\/uploads\/2019\/03\/logo-raizes.png","width":480,"height":180,"caption":"Cl\u00ednica Ra\u00edzes"},"image":{"@id":"https:\/\/clinicaraizes.com.br\/loja\/#\/schema\/logo\/image\/"},"sameAs":["https:\/\/www.facebook.com\/clinicaraizes","https:\/\/www.instagram.com\/clinicaraizes"]}]}},"jetpack_sharing_enabled":true,"_links":{"self":[{"href":"https:\/\/clinicaraizes.com.br\/loja\/wp-json\/wp\/v2\/product\/825","targetHints":{"allow":["GET"]}}],"collection":[{"href":"https:\/\/clinicaraizes.com.br\/loja\/wp-json\/wp\/v2\/product"}],"about":[{"href":"https:\/\/clinicaraizes.com.br\/loja\/wp-json\/wp\/v2\/types\/product"}],"replies":[{"embeddable":true,"href":"https:\/\/clinicaraizes.com.br\/loja\/wp-json\/wp\/v2\/comments?post=825"}],"wp:featuredmedia":[{"embeddable":true,"href":"https:\/\/clinicaraizes.com.br\/loja\/wp-json\/wp\/v2\/media\/896"}],"wp:attachment":[{"href":"https:\/\/clinicaraizes.com.br\/loja\/wp-json\/wp\/v2\/media?parent=825"}],"wp:term":[{"taxonomy":"product_brand","embeddable":true,"href":"https:\/\/clinicaraizes.com.br\/loja\/wp-json\/wp\/v2\/product_brand?post=825"},{"taxonomy":"product_cat","embeddable":true,"href":"https:\/\/clinicaraizes.com.br\/loja\/wp-json\/wp\/v2\/product_cat?post=825"},{"taxonomy":"product_tag","embeddable":true,"href":"https:\/\/clinicaraizes.com.br\/loja\/wp-json\/wp\/v2\/product_tag?post=825"}],"curies":[{"name":"wp","href":"https:\/\/api.w.org\/{rel}","templated":true}]}}