{"id":6572,"date":"2025-04-10T16:20:14","date_gmt":"2025-04-10T19:20:14","guid":{"rendered":"https:\/\/clinicaraizes.com.br\/loja\/?post_type=product&#038;p=6572"},"modified":"2026-04-23T18:32:15","modified_gmt":"2026-04-23T21:32:15","slug":"day-spa-entre-nos","status":"publish","type":"product","link":"https:\/\/clinicaraizes.com.br\/loja\/shop\/mini-day-spa\/duplo-mini-day-spa\/day-spa-entre-nos\/","title":{"rendered":"Day Spa Entre N\u00f3s"},"content":{"rendered":"<p>Day Spa Entre N\u00f3s<\/p>\n<p>Dura\u00e7\u00e3o: 1:30 horas<\/p>\n<p>O Day Spa Entre N\u00f3s, \u00e9 perfeito para quem precisa de um momento a dois.<\/p>\n<p>Permita-se usufruir do que h\u00e1 de melhor, em um momento \u00fanico e s\u00f3 seu.<\/p>\n<ul>\n<li>2 Massagens Relaxantes com movimentos suaves, proporcionando relaxamento intenso e profundo +<\/li>\n<li>Banho de Ofur\u00f4 Duplo de Sais para um <a href=\"https:\/\/clinicaraizes.com.br\/spa\/bem-estar\/\">relaxamento completo<\/a>, bem-estar e al\u00edvio para as tens\u00f5es di\u00e1rias.<\/li>\n<\/ul>\n<p>Nossas Massagens s\u00e3o realizadas em Bangal\u00f4s externos individuais, climatizados e com m\u00fasica ambiente.<\/p>\n<p>Em todo Day Spa realizado na Cl\u00ednica Ra\u00edzes, oferecemos roup\u00e3o e chinelo para uso interno.<\/p>\n","protected":false},"excerpt":{"rendered":"<p>Dura\u00e7\u00e3o: 1:30 horas<\/p>\n<ul>\n<li>2 Massagens Relaxantes com movimentos suaves, proporcionando relaxamento intenso e profundo +<\/li>\n<li>Banho de Ofur\u00f4 Duplo de Sais para um <a href=\"https:\/\/clinicaraizes.com.br\/spa\/bem-estar\/\">relaxamento completo<\/a>, bem-estar e al\u00edvio para as tens\u00f5es di\u00e1rias.<\/li>\n<\/ul>\n<p>&nbsp;<\/p>\n","protected":false},"featured_media":6573,"comment_status":"open","ping_status":"closed","template":"","meta":{"bwfblock_default_font":""},"product_brand":[],"product_cat":[304,298,292],"product_tag":[192,173,168,167,179,163,185,215],"class_list":{"0":"post-6572","1":"product","2":"type-product","3":"status-publish","4":"has-post-thumbnail","6":"product_cat-duplo-mini-day-spa","7":"product_cat-mini-day-spa","8":"product_cat-vale-presente","9":"product_tag-bangalo-tatuape","10":"product_tag-day-spa-tatuape","11":"product_tag-escalda-pes-tatuape","12":"product_tag-massagem-relaxante","13":"product_tag-massagem-tatuape","14":"product_tag-podologia-tatuape","15":"product_tag-relaxamento","16":"product_tag-vale-presente","18":"first","19":"instock","20":"virtual","21":"purchasable","22":"product-type-simple"},"yoast_head":"<!-- This site is optimized with the Yoast SEO plugin v27.4 - https:\/\/yoast.com\/product\/yoast-seo-wordpress\/ -->\n<title>Day Spa Entre N\u00f3s | Spa Urbano Tatuap\u00e9 - Cl\u00ednica Ra\u00edzes<\/title>\n<meta name=\"description\" content=\"O Day Spa Entre N\u00f3s, \u00e9 perfeito para quem precisa de um momento a dois. Conhe\u00e7a nossas op\u00e7\u00f5es de Day Spas (11)2294-7070 whats (11)99940-7089\" \/>\n<meta name=\"robots\" content=\"index, follow, max-snippet:-1, max-image-preview:large, max-video-preview:-1\" \/>\n<link rel=\"canonical\" href=\"https:\/\/clinicaraizes.com.br\/loja\/shop\/mini-day-spa\/duplo-mini-day-spa\/day-spa-entre-nos\/\" \/>\n<meta property=\"og:locale\" content=\"pt_BR\" \/>\n<meta property=\"og:type\" content=\"article\" \/>\n<meta property=\"og:title\" content=\"Day Spa Entre N\u00f3s | Spa Urbano Tatuap\u00e9 - Cl\u00ednica Ra\u00edzes\" \/>\n<meta property=\"og:description\" content=\"O Day Spa Entre N\u00f3s, \u00e9 perfeito para quem precisa de um momento a dois. Conhe\u00e7a nossas op\u00e7\u00f5es de Day Spas (11)2294-7070 whats (11)99940-7089\" \/>\n<meta property=\"og:url\" content=\"https:\/\/clinicaraizes.com.br\/loja\/shop\/mini-day-spa\/duplo-mini-day-spa\/day-spa-entre-nos\/\" \/>\n<meta property=\"og:site_name\" content=\"Cl\u00ednica Ra\u00edzes\" \/>\n<meta property=\"article:publisher\" content=\"https:\/\/www.facebook.com\/clinicaraizes\" \/>\n<meta property=\"article:modified_time\" content=\"2026-04-23T21:32:15+00:00\" \/>\n<meta property=\"og:image\" content=\"https:\/\/clinicaraizes.com.br\/loja\/wp-content\/uploads\/2025\/04\/Folder-Site-Menu.-Day-Spa-Entre-nos.png\" \/>\n\t<meta property=\"og:image:width\" content=\"600\" \/>\n\t<meta property=\"og:image:height\" content=\"600\" \/>\n\t<meta property=\"og:image:type\" content=\"image\/png\" \/>\n<meta name=\"twitter:card\" content=\"summary_large_image\" \/>\n<meta name=\"twitter:label1\" content=\"Est. tempo de leitura\" \/>\n\t<meta name=\"twitter:data1\" content=\"1 minuto\" \/>\n<script type=\"application\/ld+json\" class=\"yoast-schema-graph\">{\"@context\":\"https:\\\/\\\/schema.org\",\"@graph\":[{\"@type\":\"WebPage\",\"@id\":\"https:\\\/\\\/clinicaraizes.com.br\\\/loja\\\/shop\\\/mini-day-spa\\\/duplo-mini-day-spa\\\/day-spa-entre-nos\\\/\",\"url\":\"https:\\\/\\\/clinicaraizes.com.br\\\/loja\\\/shop\\\/mini-day-spa\\\/duplo-mini-day-spa\\\/day-spa-entre-nos\\\/\",\"name\":\"Day Spa Entre N\u00f3s | Spa Urbano Tatuap\u00e9 - Cl\u00ednica Ra\u00edzes\",\"isPartOf\":{\"@id\":\"https:\\\/\\\/clinicaraizes.com.br\\\/loja\\\/#website\"},\"primaryImageOfPage\":{\"@id\":\"https:\\\/\\\/clinicaraizes.com.br\\\/loja\\\/shop\\\/mini-day-spa\\\/duplo-mini-day-spa\\\/day-spa-entre-nos\\\/#primaryimage\"},\"image\":{\"@id\":\"https:\\\/\\\/clinicaraizes.com.br\\\/loja\\\/shop\\\/mini-day-spa\\\/duplo-mini-day-spa\\\/day-spa-entre-nos\\\/#primaryimage\"},\"thumbnailUrl\":\"https:\\\/\\\/clinicaraizes.com.br\\\/loja\\\/wp-content\\\/uploads\\\/2025\\\/04\\\/Folder-Site-Menu.-Day-Spa-Entre-nos.png\",\"datePublished\":\"2025-04-10T19:20:14+00:00\",\"dateModified\":\"2026-04-23T21:32:15+00:00\",\"description\":\"O Day Spa Entre N\u00f3s, \u00e9 perfeito para quem precisa de um momento a dois. Conhe\u00e7a nossas op\u00e7\u00f5es de Day Spas (11)2294-7070 whats (11)99940-7089\",\"breadcrumb\":{\"@id\":\"https:\\\/\\\/clinicaraizes.com.br\\\/loja\\\/shop\\\/mini-day-spa\\\/duplo-mini-day-spa\\\/day-spa-entre-nos\\\/#breadcrumb\"},\"inLanguage\":\"pt-BR\",\"potentialAction\":[{\"@type\":\"ReadAction\",\"target\":[\"https:\\\/\\\/clinicaraizes.com.br\\\/loja\\\/shop\\\/mini-day-spa\\\/duplo-mini-day-spa\\\/day-spa-entre-nos\\\/\"]}]},{\"@type\":\"ImageObject\",\"inLanguage\":\"pt-BR\",\"@id\":\"https:\\\/\\\/clinicaraizes.com.br\\\/loja\\\/shop\\\/mini-day-spa\\\/duplo-mini-day-spa\\\/day-spa-entre-nos\\\/#primaryimage\",\"url\":\"https:\\\/\\\/clinicaraizes.com.br\\\/loja\\\/wp-content\\\/uploads\\\/2025\\\/04\\\/Folder-Site-Menu.-Day-Spa-Entre-nos.png\",\"contentUrl\":\"https:\\\/\\\/clinicaraizes.com.br\\\/loja\\\/wp-content\\\/uploads\\\/2025\\\/04\\\/Folder-Site-Menu.-Day-Spa-Entre-nos.png\",\"width\":600,\"height\":600},{\"@type\":\"BreadcrumbList\",\"@id\":\"https:\\\/\\\/clinicaraizes.com.br\\\/loja\\\/shop\\\/mini-day-spa\\\/duplo-mini-day-spa\\\/day-spa-entre-nos\\\/#breadcrumb\",\"itemListElement\":[{\"@type\":\"ListItem\",\"position\":1,\"name\":\"In\u00edcio\",\"item\":\"https:\\\/\\\/clinicaraizes.com.br\\\/loja\\\/\"},{\"@type\":\"ListItem\",\"position\":2,\"name\":\"Shop\",\"item\":\"https:\\\/\\\/clinicaraizes.com.br\\\/loja\\\/shop\\\/\"},{\"@type\":\"ListItem\",\"position\":3,\"name\":\"Day Spa Entre N\u00f3s\"}]},{\"@type\":\"WebSite\",\"@id\":\"https:\\\/\\\/clinicaraizes.com.br\\\/loja\\\/#website\",\"url\":\"https:\\\/\\\/clinicaraizes.com.br\\\/loja\\\/\",\"name\":\"Cl\u00ednica Ra\u00edzes\",\"description\":\"Dicas &amp; Tutoriais de Beleza e Bem Estar\",\"publisher\":{\"@id\":\"https:\\\/\\\/clinicaraizes.com.br\\\/loja\\\/#organization\"},\"potentialAction\":[{\"@type\":\"SearchAction\",\"target\":{\"@type\":\"EntryPoint\",\"urlTemplate\":\"https:\\\/\\\/clinicaraizes.com.br\\\/loja\\\/?s={search_term_string}\"},\"query-input\":{\"@type\":\"PropertyValueSpecification\",\"valueRequired\":true,\"valueName\":\"search_term_string\"}}],\"inLanguage\":\"pt-BR\"},{\"@type\":\"Organization\",\"@id\":\"https:\\\/\\\/clinicaraizes.com.br\\\/loja\\\/#organization\",\"name\":\"Cl\u00ednica Ra\u00edzes\",\"url\":\"https:\\\/\\\/clinicaraizes.com.br\\\/loja\\\/\",\"logo\":{\"@type\":\"ImageObject\",\"inLanguage\":\"pt-BR\",\"@id\":\"https:\\\/\\\/clinicaraizes.com.br\\\/loja\\\/#\\\/schema\\\/logo\\\/image\\\/\",\"url\":\"https:\\\/\\\/clinicaraizes.com.br\\\/loja\\\/wp-content\\\/uploads\\\/2019\\\/03\\\/logo-raizes.png\",\"contentUrl\":\"https:\\\/\\\/clinicaraizes.com.br\\\/loja\\\/wp-content\\\/uploads\\\/2019\\\/03\\\/logo-raizes.png\",\"width\":480,\"height\":180,\"caption\":\"Cl\u00ednica Ra\u00edzes\"},\"image\":{\"@id\":\"https:\\\/\\\/clinicaraizes.com.br\\\/loja\\\/#\\\/schema\\\/logo\\\/image\\\/\"},\"sameAs\":[\"https:\\\/\\\/www.facebook.com\\\/clinicaraizes\",\"https:\\\/\\\/www.instagram.com\\\/clinicaraizes\"]}]}<\/script>\n<!-- \/ Yoast SEO plugin. -->","yoast_head_json":{"title":"Day Spa Entre N\u00f3s | Spa Urbano Tatuap\u00e9 - Cl\u00ednica Ra\u00edzes","description":"O Day Spa Entre N\u00f3s, \u00e9 perfeito para quem precisa de um momento a dois. Conhe\u00e7a nossas op\u00e7\u00f5es de Day Spas (11)2294-7070 whats (11)99940-7089","robots":{"index":"index","follow":"follow","max-snippet":"max-snippet:-1","max-image-preview":"max-image-preview:large","max-video-preview":"max-video-preview:-1"},"canonical":"https:\/\/clinicaraizes.com.br\/loja\/shop\/mini-day-spa\/duplo-mini-day-spa\/day-spa-entre-nos\/","og_locale":"pt_BR","og_type":"article","og_title":"Day Spa Entre N\u00f3s | Spa Urbano Tatuap\u00e9 - Cl\u00ednica Ra\u00edzes","og_description":"O Day Spa Entre N\u00f3s, \u00e9 perfeito para quem precisa de um momento a dois. Conhe\u00e7a nossas op\u00e7\u00f5es de Day Spas (11)2294-7070 whats (11)99940-7089","og_url":"https:\/\/clinicaraizes.com.br\/loja\/shop\/mini-day-spa\/duplo-mini-day-spa\/day-spa-entre-nos\/","og_site_name":"Cl\u00ednica Ra\u00edzes","article_publisher":"https:\/\/www.facebook.com\/clinicaraizes","article_modified_time":"2026-04-23T21:32:15+00:00","og_image":[{"width":600,"height":600,"url":"https:\/\/clinicaraizes.com.br\/loja\/wp-content\/uploads\/2025\/04\/Folder-Site-Menu.-Day-Spa-Entre-nos.png","type":"image\/png"}],"twitter_card":"summary_large_image","twitter_misc":{"Est. tempo de leitura":"1 minuto"},"schema":{"@context":"https:\/\/schema.org","@graph":[{"@type":"WebPage","@id":"https:\/\/clinicaraizes.com.br\/loja\/shop\/mini-day-spa\/duplo-mini-day-spa\/day-spa-entre-nos\/","url":"https:\/\/clinicaraizes.com.br\/loja\/shop\/mini-day-spa\/duplo-mini-day-spa\/day-spa-entre-nos\/","name":"Day Spa Entre N\u00f3s | Spa Urbano Tatuap\u00e9 - Cl\u00ednica Ra\u00edzes","isPartOf":{"@id":"https:\/\/clinicaraizes.com.br\/loja\/#website"},"primaryImageOfPage":{"@id":"https:\/\/clinicaraizes.com.br\/loja\/shop\/mini-day-spa\/duplo-mini-day-spa\/day-spa-entre-nos\/#primaryimage"},"image":{"@id":"https:\/\/clinicaraizes.com.br\/loja\/shop\/mini-day-spa\/duplo-mini-day-spa\/day-spa-entre-nos\/#primaryimage"},"thumbnailUrl":"https:\/\/clinicaraizes.com.br\/loja\/wp-content\/uploads\/2025\/04\/Folder-Site-Menu.-Day-Spa-Entre-nos.png","datePublished":"2025-04-10T19:20:14+00:00","dateModified":"2026-04-23T21:32:15+00:00","description":"O Day Spa Entre N\u00f3s, \u00e9 perfeito para quem precisa de um momento a dois. Conhe\u00e7a nossas op\u00e7\u00f5es de Day Spas (11)2294-7070 whats (11)99940-7089","breadcrumb":{"@id":"https:\/\/clinicaraizes.com.br\/loja\/shop\/mini-day-spa\/duplo-mini-day-spa\/day-spa-entre-nos\/#breadcrumb"},"inLanguage":"pt-BR","potentialAction":[{"@type":"ReadAction","target":["https:\/\/clinicaraizes.com.br\/loja\/shop\/mini-day-spa\/duplo-mini-day-spa\/day-spa-entre-nos\/"]}]},{"@type":"ImageObject","inLanguage":"pt-BR","@id":"https:\/\/clinicaraizes.com.br\/loja\/shop\/mini-day-spa\/duplo-mini-day-spa\/day-spa-entre-nos\/#primaryimage","url":"https:\/\/clinicaraizes.com.br\/loja\/wp-content\/uploads\/2025\/04\/Folder-Site-Menu.-Day-Spa-Entre-nos.png","contentUrl":"https:\/\/clinicaraizes.com.br\/loja\/wp-content\/uploads\/2025\/04\/Folder-Site-Menu.-Day-Spa-Entre-nos.png","width":600,"height":600},{"@type":"BreadcrumbList","@id":"https:\/\/clinicaraizes.com.br\/loja\/shop\/mini-day-spa\/duplo-mini-day-spa\/day-spa-entre-nos\/#breadcrumb","itemListElement":[{"@type":"ListItem","position":1,"name":"In\u00edcio","item":"https:\/\/clinicaraizes.com.br\/loja\/"},{"@type":"ListItem","position":2,"name":"Shop","item":"https:\/\/clinicaraizes.com.br\/loja\/shop\/"},{"@type":"ListItem","position":3,"name":"Day Spa Entre N\u00f3s"}]},{"@type":"WebSite","@id":"https:\/\/clinicaraizes.com.br\/loja\/#website","url":"https:\/\/clinicaraizes.com.br\/loja\/","name":"Cl\u00ednica Ra\u00edzes","description":"Dicas &amp; Tutoriais de Beleza e Bem Estar","publisher":{"@id":"https:\/\/clinicaraizes.com.br\/loja\/#organization"},"potentialAction":[{"@type":"SearchAction","target":{"@type":"EntryPoint","urlTemplate":"https:\/\/clinicaraizes.com.br\/loja\/?s={search_term_string}"},"query-input":{"@type":"PropertyValueSpecification","valueRequired":true,"valueName":"search_term_string"}}],"inLanguage":"pt-BR"},{"@type":"Organization","@id":"https:\/\/clinicaraizes.com.br\/loja\/#organization","name":"Cl\u00ednica Ra\u00edzes","url":"https:\/\/clinicaraizes.com.br\/loja\/","logo":{"@type":"ImageObject","inLanguage":"pt-BR","@id":"https:\/\/clinicaraizes.com.br\/loja\/#\/schema\/logo\/image\/","url":"https:\/\/clinicaraizes.com.br\/loja\/wp-content\/uploads\/2019\/03\/logo-raizes.png","contentUrl":"https:\/\/clinicaraizes.com.br\/loja\/wp-content\/uploads\/2019\/03\/logo-raizes.png","width":480,"height":180,"caption":"Cl\u00ednica Ra\u00edzes"},"image":{"@id":"https:\/\/clinicaraizes.com.br\/loja\/#\/schema\/logo\/image\/"},"sameAs":["https:\/\/www.facebook.com\/clinicaraizes","https:\/\/www.instagram.com\/clinicaraizes"]}]}},"jetpack_sharing_enabled":true,"_links":{"self":[{"href":"https:\/\/clinicaraizes.com.br\/loja\/wp-json\/wp\/v2\/product\/6572","targetHints":{"allow":["GET"]}}],"collection":[{"href":"https:\/\/clinicaraizes.com.br\/loja\/wp-json\/wp\/v2\/product"}],"about":[{"href":"https:\/\/clinicaraizes.com.br\/loja\/wp-json\/wp\/v2\/types\/product"}],"replies":[{"embeddable":true,"href":"https:\/\/clinicaraizes.com.br\/loja\/wp-json\/wp\/v2\/comments?post=6572"}],"wp:featuredmedia":[{"embeddable":true,"href":"https:\/\/clinicaraizes.com.br\/loja\/wp-json\/wp\/v2\/media\/6573"}],"wp:attachment":[{"href":"https:\/\/clinicaraizes.com.br\/loja\/wp-json\/wp\/v2\/media?parent=6572"}],"wp:term":[{"taxonomy":"product_brand","embeddable":true,"href":"https:\/\/clinicaraizes.com.br\/loja\/wp-json\/wp\/v2\/product_brand?post=6572"},{"taxonomy":"product_cat","embeddable":true,"href":"https:\/\/clinicaraizes.com.br\/loja\/wp-json\/wp\/v2\/product_cat?post=6572"},{"taxonomy":"product_tag","embeddable":true,"href":"https:\/\/clinicaraizes.com.br\/loja\/wp-json\/wp\/v2\/product_tag?post=6572"}],"curies":[{"name":"wp","href":"https:\/\/api.w.org\/{rel}","templated":true}]}}