{"id":3162,"date":"2022-05-03T14:51:38","date_gmt":"2022-05-03T17:51:38","guid":{"rendered":"https:\/\/clinicaraizes.com.br\/loja\/?post_type=product&#038;p=3162"},"modified":"2026-04-23T18:37:10","modified_gmt":"2026-04-23T21:37:10","slug":"acne-teen-raizes-vale-presente","status":"publish","type":"product","link":"https:\/\/clinicaraizes.com.br\/loja\/shop\/facial\/pele\/acne-teen-raizes-vale-presente\/","title":{"rendered":"Acne Teen Ra\u00edzes"},"content":{"rendered":"<p><strong>Acne Teen Ra\u00edzes<\/strong><\/p>\n<p><strong>Dura\u00e7\u00e3o aproximada:<\/strong> 90 minutos<\/p>\n<p>Acnes, s\u00e3o super comuns na adolesc\u00eancia.<\/p>\n<p>Mas esse problema, que atinge cerca de 90% dos adolescentes e metade dos adultos no Brasil, tamb\u00e9m n\u00e3o precisa te afetar\ud83d\ude31! Por isso, elaboramos o Acne Teen Ra\u00edzes!<\/p>\n<p>Totalmente diferente dos outros tipos de limpeza de pele, visto que \u00e9 uma pele sens\u00edvel e que precisa de cuidados redobrados. Um protocolo que diminui a inflama\u00e7\u00e3o, minimiza a oleosidade da pele e acelera a renova\u00e7\u00e3o celular.\u2800<\/p>\n<p>Perfeito para essa fase cheia de horm\u00f4nios.<\/p>\n<p>O tratamento ajuda a prevenir cravos e espinhas, amenizar a apar\u00eancia dos poros abertos e controlar a oleosidade.<br \/>\nE para isso, utilizamos produtos espec\u00edficos para combater a acne e prevenir as manchinhas.<\/p>\n<p>Apesar de ser um procedimento simples, deve ser realizada por profissionais da \u00e1rea, pois um procedimento inadequado de extra\u00e7\u00e3o poder\u00e1 resultar em manchas e at\u00e9 cicatrizes.<\/p>\n","protected":false},"excerpt":{"rendered":"<p><strong>Dura\u00e7\u00e3o aproximada:<\/strong>\u00a0 90 minutos<\/p>\n<p>Acnes, s\u00e3o super comuns na adolesc\u00eancia.<\/p>\n<p>Mas esse problema, que atinge cerca de 90% dos adolescentes e metade dos adultos no Brasil, tamb\u00e9m n\u00e3o precisa te afetar\ud83d\ude31! Por isso, elaboramos o Acne Teen Ra\u00edzes!<\/p>\n<p>Um protocolo que diminui a oleosidade da pele e acelera a renova\u00e7\u00e3o celular.<\/p>\n<p>Perfeito para essa fase cheia de horm\u00f4nios.<\/p>\n<a href=\"https:\/\/clinicaraizes.com.br\/loja\/produto\/acne-teen-raizes-vale-presente\/\" class=\"button primary is-primary is-medium\"  >\n    <span>Dar de Presente<\/span>\n  <\/a>\n\n","protected":false},"featured_media":2630,"comment_status":"open","ping_status":"closed","template":"","meta":{"bwfblock_default_font":""},"product_brand":[],"product_cat":[134,240,292],"product_tag":[190,188,189],"class_list":{"0":"post-3162","1":"product","2":"type-product","3":"status-publish","4":"has-post-thumbnail","6":"product_cat-facial","7":"product_cat-pele","8":"product_cat-vale-presente","9":"product_tag-cuidados-com-a-pele","10":"product_tag-limpeza-de-pele","11":"product_tag-skin-care","13":"first","14":"instock","15":"virtual","16":"purchasable","17":"product-type-simple"},"yoast_head":"<!-- This site is optimized with the Yoast SEO plugin v27.4 - https:\/\/yoast.com\/product\/yoast-seo-wordpress\/ -->\n<title>Acne Teen Ra\u00edzes | Tatuap\u00e9 | Cl\u00ednica Ra\u00edzes<\/title>\n<meta name=\"description\" content=\"O Acne Teen Ra\u00edzes \u00e9 totalmente diferente dos outros tipos de limpeza de pele, focada em pele adolescentes com acnes.\" \/>\n<meta name=\"robots\" content=\"index, follow, max-snippet:-1, max-image-preview:large, max-video-preview:-1\" \/>\n<link rel=\"canonical\" href=\"https:\/\/clinicaraizes.com.br\/loja\/shop\/facial\/pele\/acne-teen-raizes-vale-presente\/\" \/>\n<meta property=\"og:locale\" content=\"pt_BR\" \/>\n<meta property=\"og:type\" content=\"article\" \/>\n<meta property=\"og:title\" content=\"Acne Teen Ra\u00edzes | Tatuap\u00e9 | Cl\u00ednica Ra\u00edzes\" \/>\n<meta property=\"og:description\" content=\"O Acne Teen Ra\u00edzes \u00e9 totalmente diferente dos outros tipos de limpeza de pele, focada em pele adolescentes com acnes.\" \/>\n<meta property=\"og:url\" content=\"https:\/\/clinicaraizes.com.br\/loja\/shop\/facial\/pele\/acne-teen-raizes-vale-presente\/\" \/>\n<meta property=\"og:site_name\" content=\"Cl\u00ednica Ra\u00edzes\" \/>\n<meta property=\"article:publisher\" content=\"https:\/\/www.facebook.com\/clinicaraizes\" \/>\n<meta property=\"article:modified_time\" content=\"2026-04-23T21:37:10+00:00\" \/>\n<meta property=\"og:image\" content=\"https:\/\/clinicaraizes.com.br\/loja\/wp-content\/uploads\/2021\/11\/LP-gestante-2.png\" \/>\n\t<meta property=\"og:image:width\" content=\"800\" \/>\n\t<meta property=\"og:image:height\" content=\"800\" \/>\n\t<meta property=\"og:image:type\" content=\"image\/png\" \/>\n<meta name=\"twitter:card\" content=\"summary_large_image\" \/>\n<meta name=\"twitter:label1\" content=\"Est. tempo de leitura\" \/>\n\t<meta name=\"twitter:data1\" content=\"1 minuto\" \/>\n<script type=\"application\/ld+json\" class=\"yoast-schema-graph\">{\"@context\":\"https:\\\/\\\/schema.org\",\"@graph\":[{\"@type\":\"WebPage\",\"@id\":\"https:\\\/\\\/clinicaraizes.com.br\\\/loja\\\/shop\\\/facial\\\/pele\\\/acne-teen-raizes-vale-presente\\\/\",\"url\":\"https:\\\/\\\/clinicaraizes.com.br\\\/loja\\\/shop\\\/facial\\\/pele\\\/acne-teen-raizes-vale-presente\\\/\",\"name\":\"Acne Teen Ra\u00edzes | Tatuap\u00e9 | Cl\u00ednica Ra\u00edzes\",\"isPartOf\":{\"@id\":\"https:\\\/\\\/clinicaraizes.com.br\\\/loja\\\/#website\"},\"primaryImageOfPage\":{\"@id\":\"https:\\\/\\\/clinicaraizes.com.br\\\/loja\\\/shop\\\/facial\\\/pele\\\/acne-teen-raizes-vale-presente\\\/#primaryimage\"},\"image\":{\"@id\":\"https:\\\/\\\/clinicaraizes.com.br\\\/loja\\\/shop\\\/facial\\\/pele\\\/acne-teen-raizes-vale-presente\\\/#primaryimage\"},\"thumbnailUrl\":\"https:\\\/\\\/clinicaraizes.com.br\\\/loja\\\/wp-content\\\/uploads\\\/2021\\\/11\\\/LP-gestante-2.png\",\"datePublished\":\"2022-05-03T17:51:38+00:00\",\"dateModified\":\"2026-04-23T21:37:10+00:00\",\"description\":\"O Acne Teen Ra\u00edzes \u00e9 totalmente diferente dos outros tipos de limpeza de pele, focada em pele adolescentes com acnes.\",\"breadcrumb\":{\"@id\":\"https:\\\/\\\/clinicaraizes.com.br\\\/loja\\\/shop\\\/facial\\\/pele\\\/acne-teen-raizes-vale-presente\\\/#breadcrumb\"},\"inLanguage\":\"pt-BR\",\"potentialAction\":[{\"@type\":\"ReadAction\",\"target\":[\"https:\\\/\\\/clinicaraizes.com.br\\\/loja\\\/shop\\\/facial\\\/pele\\\/acne-teen-raizes-vale-presente\\\/\"]}]},{\"@type\":\"ImageObject\",\"inLanguage\":\"pt-BR\",\"@id\":\"https:\\\/\\\/clinicaraizes.com.br\\\/loja\\\/shop\\\/facial\\\/pele\\\/acne-teen-raizes-vale-presente\\\/#primaryimage\",\"url\":\"https:\\\/\\\/clinicaraizes.com.br\\\/loja\\\/wp-content\\\/uploads\\\/2021\\\/11\\\/LP-gestante-2.png\",\"contentUrl\":\"https:\\\/\\\/clinicaraizes.com.br\\\/loja\\\/wp-content\\\/uploads\\\/2021\\\/11\\\/LP-gestante-2.png\",\"width\":800,\"height\":800,\"caption\":\"Acne Teen Ra\u00edzes\"},{\"@type\":\"BreadcrumbList\",\"@id\":\"https:\\\/\\\/clinicaraizes.com.br\\\/loja\\\/shop\\\/facial\\\/pele\\\/acne-teen-raizes-vale-presente\\\/#breadcrumb\",\"itemListElement\":[{\"@type\":\"ListItem\",\"position\":1,\"name\":\"In\u00edcio\",\"item\":\"https:\\\/\\\/clinicaraizes.com.br\\\/loja\\\/\"},{\"@type\":\"ListItem\",\"position\":2,\"name\":\"Shop\",\"item\":\"https:\\\/\\\/clinicaraizes.com.br\\\/loja\\\/shop\\\/\"},{\"@type\":\"ListItem\",\"position\":3,\"name\":\"Acne Teen Ra\u00edzes\"}]},{\"@type\":\"WebSite\",\"@id\":\"https:\\\/\\\/clinicaraizes.com.br\\\/loja\\\/#website\",\"url\":\"https:\\\/\\\/clinicaraizes.com.br\\\/loja\\\/\",\"name\":\"Cl\u00ednica Ra\u00edzes\",\"description\":\"Dicas &amp; Tutoriais de Beleza e Bem Estar\",\"publisher\":{\"@id\":\"https:\\\/\\\/clinicaraizes.com.br\\\/loja\\\/#organization\"},\"potentialAction\":[{\"@type\":\"SearchAction\",\"target\":{\"@type\":\"EntryPoint\",\"urlTemplate\":\"https:\\\/\\\/clinicaraizes.com.br\\\/loja\\\/?s={search_term_string}\"},\"query-input\":{\"@type\":\"PropertyValueSpecification\",\"valueRequired\":true,\"valueName\":\"search_term_string\"}}],\"inLanguage\":\"pt-BR\"},{\"@type\":\"Organization\",\"@id\":\"https:\\\/\\\/clinicaraizes.com.br\\\/loja\\\/#organization\",\"name\":\"Cl\u00ednica Ra\u00edzes\",\"url\":\"https:\\\/\\\/clinicaraizes.com.br\\\/loja\\\/\",\"logo\":{\"@type\":\"ImageObject\",\"inLanguage\":\"pt-BR\",\"@id\":\"https:\\\/\\\/clinicaraizes.com.br\\\/loja\\\/#\\\/schema\\\/logo\\\/image\\\/\",\"url\":\"https:\\\/\\\/clinicaraizes.com.br\\\/loja\\\/wp-content\\\/uploads\\\/2019\\\/03\\\/logo-raizes.png\",\"contentUrl\":\"https:\\\/\\\/clinicaraizes.com.br\\\/loja\\\/wp-content\\\/uploads\\\/2019\\\/03\\\/logo-raizes.png\",\"width\":480,\"height\":180,\"caption\":\"Cl\u00ednica Ra\u00edzes\"},\"image\":{\"@id\":\"https:\\\/\\\/clinicaraizes.com.br\\\/loja\\\/#\\\/schema\\\/logo\\\/image\\\/\"},\"sameAs\":[\"https:\\\/\\\/www.facebook.com\\\/clinicaraizes\",\"https:\\\/\\\/www.instagram.com\\\/clinicaraizes\"]}]}<\/script>\n<!-- \/ Yoast SEO plugin. -->","yoast_head_json":{"title":"Acne Teen Ra\u00edzes | Tatuap\u00e9 | Cl\u00ednica Ra\u00edzes","description":"O Acne Teen Ra\u00edzes \u00e9 totalmente diferente dos outros tipos de limpeza de pele, focada em pele adolescentes com acnes.","robots":{"index":"index","follow":"follow","max-snippet":"max-snippet:-1","max-image-preview":"max-image-preview:large","max-video-preview":"max-video-preview:-1"},"canonical":"https:\/\/clinicaraizes.com.br\/loja\/shop\/facial\/pele\/acne-teen-raizes-vale-presente\/","og_locale":"pt_BR","og_type":"article","og_title":"Acne Teen Ra\u00edzes | Tatuap\u00e9 | Cl\u00ednica Ra\u00edzes","og_description":"O Acne Teen Ra\u00edzes \u00e9 totalmente diferente dos outros tipos de limpeza de pele, focada em pele adolescentes com acnes.","og_url":"https:\/\/clinicaraizes.com.br\/loja\/shop\/facial\/pele\/acne-teen-raizes-vale-presente\/","og_site_name":"Cl\u00ednica Ra\u00edzes","article_publisher":"https:\/\/www.facebook.com\/clinicaraizes","article_modified_time":"2026-04-23T21:37:10+00:00","og_image":[{"width":800,"height":800,"url":"https:\/\/clinicaraizes.com.br\/loja\/wp-content\/uploads\/2021\/11\/LP-gestante-2.png","type":"image\/png"}],"twitter_card":"summary_large_image","twitter_misc":{"Est. tempo de leitura":"1 minuto"},"schema":{"@context":"https:\/\/schema.org","@graph":[{"@type":"WebPage","@id":"https:\/\/clinicaraizes.com.br\/loja\/shop\/facial\/pele\/acne-teen-raizes-vale-presente\/","url":"https:\/\/clinicaraizes.com.br\/loja\/shop\/facial\/pele\/acne-teen-raizes-vale-presente\/","name":"Acne Teen Ra\u00edzes | Tatuap\u00e9 | Cl\u00ednica Ra\u00edzes","isPartOf":{"@id":"https:\/\/clinicaraizes.com.br\/loja\/#website"},"primaryImageOfPage":{"@id":"https:\/\/clinicaraizes.com.br\/loja\/shop\/facial\/pele\/acne-teen-raizes-vale-presente\/#primaryimage"},"image":{"@id":"https:\/\/clinicaraizes.com.br\/loja\/shop\/facial\/pele\/acne-teen-raizes-vale-presente\/#primaryimage"},"thumbnailUrl":"https:\/\/clinicaraizes.com.br\/loja\/wp-content\/uploads\/2021\/11\/LP-gestante-2.png","datePublished":"2022-05-03T17:51:38+00:00","dateModified":"2026-04-23T21:37:10+00:00","description":"O Acne Teen Ra\u00edzes \u00e9 totalmente diferente dos outros tipos de limpeza de pele, focada em pele adolescentes com acnes.","breadcrumb":{"@id":"https:\/\/clinicaraizes.com.br\/loja\/shop\/facial\/pele\/acne-teen-raizes-vale-presente\/#breadcrumb"},"inLanguage":"pt-BR","potentialAction":[{"@type":"ReadAction","target":["https:\/\/clinicaraizes.com.br\/loja\/shop\/facial\/pele\/acne-teen-raizes-vale-presente\/"]}]},{"@type":"ImageObject","inLanguage":"pt-BR","@id":"https:\/\/clinicaraizes.com.br\/loja\/shop\/facial\/pele\/acne-teen-raizes-vale-presente\/#primaryimage","url":"https:\/\/clinicaraizes.com.br\/loja\/wp-content\/uploads\/2021\/11\/LP-gestante-2.png","contentUrl":"https:\/\/clinicaraizes.com.br\/loja\/wp-content\/uploads\/2021\/11\/LP-gestante-2.png","width":800,"height":800,"caption":"Acne Teen Ra\u00edzes"},{"@type":"BreadcrumbList","@id":"https:\/\/clinicaraizes.com.br\/loja\/shop\/facial\/pele\/acne-teen-raizes-vale-presente\/#breadcrumb","itemListElement":[{"@type":"ListItem","position":1,"name":"In\u00edcio","item":"https:\/\/clinicaraizes.com.br\/loja\/"},{"@type":"ListItem","position":2,"name":"Shop","item":"https:\/\/clinicaraizes.com.br\/loja\/shop\/"},{"@type":"ListItem","position":3,"name":"Acne Teen Ra\u00edzes"}]},{"@type":"WebSite","@id":"https:\/\/clinicaraizes.com.br\/loja\/#website","url":"https:\/\/clinicaraizes.com.br\/loja\/","name":"Cl\u00ednica Ra\u00edzes","description":"Dicas &amp; Tutoriais de Beleza e Bem Estar","publisher":{"@id":"https:\/\/clinicaraizes.com.br\/loja\/#organization"},"potentialAction":[{"@type":"SearchAction","target":{"@type":"EntryPoint","urlTemplate":"https:\/\/clinicaraizes.com.br\/loja\/?s={search_term_string}"},"query-input":{"@type":"PropertyValueSpecification","valueRequired":true,"valueName":"search_term_string"}}],"inLanguage":"pt-BR"},{"@type":"Organization","@id":"https:\/\/clinicaraizes.com.br\/loja\/#organization","name":"Cl\u00ednica Ra\u00edzes","url":"https:\/\/clinicaraizes.com.br\/loja\/","logo":{"@type":"ImageObject","inLanguage":"pt-BR","@id":"https:\/\/clinicaraizes.com.br\/loja\/#\/schema\/logo\/image\/","url":"https:\/\/clinicaraizes.com.br\/loja\/wp-content\/uploads\/2019\/03\/logo-raizes.png","contentUrl":"https:\/\/clinicaraizes.com.br\/loja\/wp-content\/uploads\/2019\/03\/logo-raizes.png","width":480,"height":180,"caption":"Cl\u00ednica Ra\u00edzes"},"image":{"@id":"https:\/\/clinicaraizes.com.br\/loja\/#\/schema\/logo\/image\/"},"sameAs":["https:\/\/www.facebook.com\/clinicaraizes","https:\/\/www.instagram.com\/clinicaraizes"]}]}},"jetpack_sharing_enabled":true,"_links":{"self":[{"href":"https:\/\/clinicaraizes.com.br\/loja\/wp-json\/wp\/v2\/product\/3162","targetHints":{"allow":["GET"]}}],"collection":[{"href":"https:\/\/clinicaraizes.com.br\/loja\/wp-json\/wp\/v2\/product"}],"about":[{"href":"https:\/\/clinicaraizes.com.br\/loja\/wp-json\/wp\/v2\/types\/product"}],"replies":[{"embeddable":true,"href":"https:\/\/clinicaraizes.com.br\/loja\/wp-json\/wp\/v2\/comments?post=3162"}],"wp:featuredmedia":[{"embeddable":true,"href":"https:\/\/clinicaraizes.com.br\/loja\/wp-json\/wp\/v2\/media\/2630"}],"wp:attachment":[{"href":"https:\/\/clinicaraizes.com.br\/loja\/wp-json\/wp\/v2\/media?parent=3162"}],"wp:term":[{"taxonomy":"product_brand","embeddable":true,"href":"https:\/\/clinicaraizes.com.br\/loja\/wp-json\/wp\/v2\/product_brand?post=3162"},{"taxonomy":"product_cat","embeddable":true,"href":"https:\/\/clinicaraizes.com.br\/loja\/wp-json\/wp\/v2\/product_cat?post=3162"},{"taxonomy":"product_tag","embeddable":true,"href":"https:\/\/clinicaraizes.com.br\/loja\/wp-json\/wp\/v2\/product_tag?post=3162"}],"curies":[{"name":"wp","href":"https:\/\/api.w.org\/{rel}","templated":true}]}}