{"id":2459,"date":"2021-10-05T15:45:45","date_gmt":"2021-10-05T18:45:45","guid":{"rendered":"https:\/\/clinicaraizes.com.br\/loja\/?post_type=product&#038;p=2459"},"modified":"2026-04-23T18:47:14","modified_gmt":"2026-04-23T21:47:14","slug":"day-spa-puro-glamour-vale-presente","status":"publish","type":"product","link":"https:\/\/clinicaraizes.com.br\/loja\/shop\/day-spa\/premium\/puro-glamour\/day-spa-puro-glamour-vale-presente\/","title":{"rendered":"Day Spa Puro Glamour"},"content":{"rendered":"<p>Day Spa Puro Glamour<\/p>\n<p>Dura\u00e7\u00e3o: 8 horas<\/p>\n<p>O Day Spa Puro Glamour, \u00e9 perfeito e completo para voc\u00ea cuidar de seu corpo, pele e mente.<\/p>\n<ul>\n<li>Spa dos P\u00e9s de Boas vindas com aroma terapia +<\/li>\n<li>Reflexologia Podal: Massagem em pontos espec\u00edficos dos p\u00e9s para dissipar os bloqueios de energia do corpo +<\/li>\n<li>Esfolia\u00e7\u00e3o Corporal para remo\u00e7\u00e3o das c\u00e9lulas mortas e maior maciez a pele +<\/li>\n<li>Massagem com Pedras Quentes, movimentos que proporcionando relaxamento intenso e profundo +<\/li>\n<li>Banho de Ofur\u00f4 de Leite para um <a href=\"https:\/\/clinicaraizes.com.br\/spa\/bem-estar\/\">relaxamento completo<\/a>, bem-estar e al\u00edvio para as tens\u00f5es di\u00e1rias +<\/li>\n<li>Catiovital com CatioYeux : um tratamento com Limpeza de pele exclusivo e totalmente pensado para tratar a sua pele e \u00e1rea dos olhos, com produtos desenvolvidos pela marca francesa MaryCohr Paris.<\/li>\n<li>Manicure e Pedicure +<\/li>\n<li>Hidrata\u00e7\u00e3o Capilar +<\/li>\n<li>Escova e Lavagem<\/li>\n<\/ul>\n<p>Nossas Massagens s\u00e3o realizadas em\u00a0<a href=\"https:\/\/clinicaraizes.com.br\/spa\/bem-estar\/\">Bangal\u00f4s externos individuais<\/a>, climatizados e com m\u00fasica ambiente.<\/p>\n<p>Durante o Banho de Ofur\u00f4, oferecemos \u00e1gua aromatizada e frutas secas.<\/p>\n<p>Em todo Day Spa, oferecemos biqu\u00edni ou sunga descart\u00e1vel para seu maior conforto, roup\u00e3o e chinelo para uso interno.<\/p>\n","protected":false},"excerpt":{"rendered":"<p>Dura\u00e7\u00e3o: 8 horas<\/p>\n<ul>\n<li>Spa dos P\u00e9s de Boas vindas com aroma terapia +<\/li>\n<li>Reflexologia Podal: Massagem em pontos espec\u00edficos dos p\u00e9s para dissipar os bloqueios de energia do corpo +<\/li>\n<li>Esfolia\u00e7\u00e3o Corporal para remo\u00e7\u00e3o das c\u00e9lulas mortas e maior maciez a pele +<\/li>\n<li>Massagem com Pedras Quentes, movimentos que proporcionando relaxamento intenso e profundo +<\/li>\n<li>Banho de Ofur\u00f4 de Leite para um <a href=\"https:\/\/clinicaraizes.com.br\/spa\/bem-estar\/\">relaxamento completo<\/a>, bem-estar e al\u00edvio para as tens\u00f5es di\u00e1rias +<\/li>\n<li>Catiovital com CatioYeux : um tratamento com Limpeza de pele exclusivo e totalmente pensado para tratar a sua pele e \u00e1rea dos olhos, com produtos desenvolvidos pela marca francesa MaryCohr Paris.<\/li>\n<li>Manicure e Pedicure +<\/li>\n<li>Hidrata\u00e7\u00e3o Capilar +<\/li>\n<li>Escova e Lavagem<\/li>\n<\/ul>\n<p>&nbsp;<\/p>\n","protected":false},"featured_media":2507,"comment_status":"open","ping_status":"closed","template":"","meta":{"bwfblock_default_font":""},"product_brand":[],"product_cat":[274,127,292],"product_tag":[172,155,178,173,166,167,191,179,163,187,169],"class_list":{"0":"post-2459","1":"product","2":"type-product","3":"status-publish","4":"has-post-thumbnail","6":"product_cat-puro-glamour","7":"product_cat-premium","8":"product_cat-vale-presente","9":"product_tag-banho-de-ofuro-tatuape","10":"product_tag-bem-estar","11":"product_tag-day-spa","12":"product_tag-day-spa-tatuape","13":"product_tag-escalda-pes","14":"product_tag-massagem-relaxante","15":"product_tag-massagem-shiatsu","16":"product_tag-massagem-tatuape","17":"product_tag-podologia-tatuape","18":"product_tag-spa-tatuape","19":"product_tag-spa-urbano","21":"first","22":"instock","23":"virtual","24":"purchasable","25":"product-type-simple"},"yoast_head":"<!-- This site is optimized with the Yoast SEO plugin v27.4 - https:\/\/yoast.com\/product\/yoast-seo-wordpress\/ -->\n<title>Day Spa Puro Glamour | cuide de seu corpo e pele - Cl\u00ednica Ra\u00edzes<\/title>\n<meta name=\"description\" content=\"O Day Spa Puro Glamour, \u00e9 perfeito e completo para voc\u00ea cuidar de seu corpo, pele e mente. Entre em contato e saiba mais (11) 2294-7070\" \/>\n<meta name=\"robots\" content=\"index, follow, max-snippet:-1, max-image-preview:large, max-video-preview:-1\" \/>\n<link rel=\"canonical\" href=\"https:\/\/clinicaraizes.com.br\/loja\/shop\/day-spa\/premium\/puro-glamour\/day-spa-puro-glamour-vale-presente\/\" \/>\n<meta property=\"og:locale\" content=\"pt_BR\" \/>\n<meta property=\"og:type\" content=\"article\" \/>\n<meta property=\"og:title\" content=\"Day Spa Puro Glamour | cuide de seu corpo e pele - Cl\u00ednica Ra\u00edzes\" \/>\n<meta property=\"og:description\" content=\"O Day Spa Puro Glamour, \u00e9 perfeito e completo para voc\u00ea cuidar de seu corpo, pele e mente. Entre em contato e saiba mais (11) 2294-7070\" \/>\n<meta property=\"og:url\" content=\"https:\/\/clinicaraizes.com.br\/loja\/shop\/day-spa\/premium\/puro-glamour\/day-spa-puro-glamour-vale-presente\/\" \/>\n<meta property=\"og:site_name\" content=\"Cl\u00ednica Ra\u00edzes\" \/>\n<meta property=\"article:publisher\" content=\"https:\/\/www.facebook.com\/clinicaraizes\" \/>\n<meta property=\"article:modified_time\" content=\"2026-04-23T21:47:14+00:00\" \/>\n<meta property=\"og:image\" content=\"https:\/\/clinicaraizes.com.br\/loja\/wp-content\/uploads\/2021\/10\/Folder-Site-Menu.-Day-Spa.png\" \/>\n\t<meta property=\"og:image:width\" content=\"600\" \/>\n\t<meta property=\"og:image:height\" content=\"600\" \/>\n\t<meta property=\"og:image:type\" content=\"image\/png\" \/>\n<meta name=\"twitter:card\" content=\"summary_large_image\" \/>\n<meta name=\"twitter:label1\" content=\"Est. tempo de leitura\" \/>\n\t<meta name=\"twitter:data1\" content=\"2 minutos\" \/>\n<script type=\"application\/ld+json\" class=\"yoast-schema-graph\">{\"@context\":\"https:\\\/\\\/schema.org\",\"@graph\":[{\"@type\":\"WebPage\",\"@id\":\"https:\\\/\\\/clinicaraizes.com.br\\\/loja\\\/shop\\\/day-spa\\\/premium\\\/puro-glamour\\\/day-spa-puro-glamour-vale-presente\\\/\",\"url\":\"https:\\\/\\\/clinicaraizes.com.br\\\/loja\\\/shop\\\/day-spa\\\/premium\\\/puro-glamour\\\/day-spa-puro-glamour-vale-presente\\\/\",\"name\":\"Day Spa Puro Glamour | cuide de seu corpo e pele - Cl\u00ednica Ra\u00edzes\",\"isPartOf\":{\"@id\":\"https:\\\/\\\/clinicaraizes.com.br\\\/loja\\\/#website\"},\"primaryImageOfPage\":{\"@id\":\"https:\\\/\\\/clinicaraizes.com.br\\\/loja\\\/shop\\\/day-spa\\\/premium\\\/puro-glamour\\\/day-spa-puro-glamour-vale-presente\\\/#primaryimage\"},\"image\":{\"@id\":\"https:\\\/\\\/clinicaraizes.com.br\\\/loja\\\/shop\\\/day-spa\\\/premium\\\/puro-glamour\\\/day-spa-puro-glamour-vale-presente\\\/#primaryimage\"},\"thumbnailUrl\":\"https:\\\/\\\/clinicaraizes.com.br\\\/loja\\\/wp-content\\\/uploads\\\/2021\\\/10\\\/Folder-Site-Menu.-Day-Spa.png\",\"datePublished\":\"2021-10-05T18:45:45+00:00\",\"dateModified\":\"2026-04-23T21:47:14+00:00\",\"description\":\"O Day Spa Puro Glamour, \u00e9 perfeito e completo para voc\u00ea cuidar de seu corpo, pele e mente. Entre em contato e saiba mais (11) 2294-7070\",\"breadcrumb\":{\"@id\":\"https:\\\/\\\/clinicaraizes.com.br\\\/loja\\\/shop\\\/day-spa\\\/premium\\\/puro-glamour\\\/day-spa-puro-glamour-vale-presente\\\/#breadcrumb\"},\"inLanguage\":\"pt-BR\",\"potentialAction\":[{\"@type\":\"ReadAction\",\"target\":[\"https:\\\/\\\/clinicaraizes.com.br\\\/loja\\\/shop\\\/day-spa\\\/premium\\\/puro-glamour\\\/day-spa-puro-glamour-vale-presente\\\/\"]}]},{\"@type\":\"ImageObject\",\"inLanguage\":\"pt-BR\",\"@id\":\"https:\\\/\\\/clinicaraizes.com.br\\\/loja\\\/shop\\\/day-spa\\\/premium\\\/puro-glamour\\\/day-spa-puro-glamour-vale-presente\\\/#primaryimage\",\"url\":\"https:\\\/\\\/clinicaraizes.com.br\\\/loja\\\/wp-content\\\/uploads\\\/2021\\\/10\\\/Folder-Site-Menu.-Day-Spa.png\",\"contentUrl\":\"https:\\\/\\\/clinicaraizes.com.br\\\/loja\\\/wp-content\\\/uploads\\\/2021\\\/10\\\/Folder-Site-Menu.-Day-Spa.png\",\"width\":600,\"height\":600,\"caption\":\"Day Spa Cl\u00ednica Ra\u00edzes (Puro Glamour)\"},{\"@type\":\"BreadcrumbList\",\"@id\":\"https:\\\/\\\/clinicaraizes.com.br\\\/loja\\\/shop\\\/day-spa\\\/premium\\\/puro-glamour\\\/day-spa-puro-glamour-vale-presente\\\/#breadcrumb\",\"itemListElement\":[{\"@type\":\"ListItem\",\"position\":1,\"name\":\"In\u00edcio\",\"item\":\"https:\\\/\\\/clinicaraizes.com.br\\\/loja\\\/\"},{\"@type\":\"ListItem\",\"position\":2,\"name\":\"Shop\",\"item\":\"https:\\\/\\\/clinicaraizes.com.br\\\/loja\\\/shop\\\/\"},{\"@type\":\"ListItem\",\"position\":3,\"name\":\"Day Spa Puro Glamour\"}]},{\"@type\":\"WebSite\",\"@id\":\"https:\\\/\\\/clinicaraizes.com.br\\\/loja\\\/#website\",\"url\":\"https:\\\/\\\/clinicaraizes.com.br\\\/loja\\\/\",\"name\":\"Cl\u00ednica Ra\u00edzes\",\"description\":\"Dicas &amp; Tutoriais de Beleza e Bem Estar\",\"publisher\":{\"@id\":\"https:\\\/\\\/clinicaraizes.com.br\\\/loja\\\/#organization\"},\"potentialAction\":[{\"@type\":\"SearchAction\",\"target\":{\"@type\":\"EntryPoint\",\"urlTemplate\":\"https:\\\/\\\/clinicaraizes.com.br\\\/loja\\\/?s={search_term_string}\"},\"query-input\":{\"@type\":\"PropertyValueSpecification\",\"valueRequired\":true,\"valueName\":\"search_term_string\"}}],\"inLanguage\":\"pt-BR\"},{\"@type\":\"Organization\",\"@id\":\"https:\\\/\\\/clinicaraizes.com.br\\\/loja\\\/#organization\",\"name\":\"Cl\u00ednica Ra\u00edzes\",\"url\":\"https:\\\/\\\/clinicaraizes.com.br\\\/loja\\\/\",\"logo\":{\"@type\":\"ImageObject\",\"inLanguage\":\"pt-BR\",\"@id\":\"https:\\\/\\\/clinicaraizes.com.br\\\/loja\\\/#\\\/schema\\\/logo\\\/image\\\/\",\"url\":\"https:\\\/\\\/clinicaraizes.com.br\\\/loja\\\/wp-content\\\/uploads\\\/2019\\\/03\\\/logo-raizes.png\",\"contentUrl\":\"https:\\\/\\\/clinicaraizes.com.br\\\/loja\\\/wp-content\\\/uploads\\\/2019\\\/03\\\/logo-raizes.png\",\"width\":480,\"height\":180,\"caption\":\"Cl\u00ednica Ra\u00edzes\"},\"image\":{\"@id\":\"https:\\\/\\\/clinicaraizes.com.br\\\/loja\\\/#\\\/schema\\\/logo\\\/image\\\/\"},\"sameAs\":[\"https:\\\/\\\/www.facebook.com\\\/clinicaraizes\",\"https:\\\/\\\/www.instagram.com\\\/clinicaraizes\"]}]}<\/script>\n<!-- \/ Yoast SEO plugin. -->","yoast_head_json":{"title":"Day Spa Puro Glamour | cuide de seu corpo e pele - Cl\u00ednica Ra\u00edzes","description":"O Day Spa Puro Glamour, \u00e9 perfeito e completo para voc\u00ea cuidar de seu corpo, pele e mente. Entre em contato e saiba mais (11) 2294-7070","robots":{"index":"index","follow":"follow","max-snippet":"max-snippet:-1","max-image-preview":"max-image-preview:large","max-video-preview":"max-video-preview:-1"},"canonical":"https:\/\/clinicaraizes.com.br\/loja\/shop\/day-spa\/premium\/puro-glamour\/day-spa-puro-glamour-vale-presente\/","og_locale":"pt_BR","og_type":"article","og_title":"Day Spa Puro Glamour | cuide de seu corpo e pele - Cl\u00ednica Ra\u00edzes","og_description":"O Day Spa Puro Glamour, \u00e9 perfeito e completo para voc\u00ea cuidar de seu corpo, pele e mente. Entre em contato e saiba mais (11) 2294-7070","og_url":"https:\/\/clinicaraizes.com.br\/loja\/shop\/day-spa\/premium\/puro-glamour\/day-spa-puro-glamour-vale-presente\/","og_site_name":"Cl\u00ednica Ra\u00edzes","article_publisher":"https:\/\/www.facebook.com\/clinicaraizes","article_modified_time":"2026-04-23T21:47:14+00:00","og_image":[{"width":600,"height":600,"url":"https:\/\/clinicaraizes.com.br\/loja\/wp-content\/uploads\/2021\/10\/Folder-Site-Menu.-Day-Spa.png","type":"image\/png"}],"twitter_card":"summary_large_image","twitter_misc":{"Est. tempo de leitura":"2 minutos"},"schema":{"@context":"https:\/\/schema.org","@graph":[{"@type":"WebPage","@id":"https:\/\/clinicaraizes.com.br\/loja\/shop\/day-spa\/premium\/puro-glamour\/day-spa-puro-glamour-vale-presente\/","url":"https:\/\/clinicaraizes.com.br\/loja\/shop\/day-spa\/premium\/puro-glamour\/day-spa-puro-glamour-vale-presente\/","name":"Day Spa Puro Glamour | cuide de seu corpo e pele - Cl\u00ednica Ra\u00edzes","isPartOf":{"@id":"https:\/\/clinicaraizes.com.br\/loja\/#website"},"primaryImageOfPage":{"@id":"https:\/\/clinicaraizes.com.br\/loja\/shop\/day-spa\/premium\/puro-glamour\/day-spa-puro-glamour-vale-presente\/#primaryimage"},"image":{"@id":"https:\/\/clinicaraizes.com.br\/loja\/shop\/day-spa\/premium\/puro-glamour\/day-spa-puro-glamour-vale-presente\/#primaryimage"},"thumbnailUrl":"https:\/\/clinicaraizes.com.br\/loja\/wp-content\/uploads\/2021\/10\/Folder-Site-Menu.-Day-Spa.png","datePublished":"2021-10-05T18:45:45+00:00","dateModified":"2026-04-23T21:47:14+00:00","description":"O Day Spa Puro Glamour, \u00e9 perfeito e completo para voc\u00ea cuidar de seu corpo, pele e mente. Entre em contato e saiba mais (11) 2294-7070","breadcrumb":{"@id":"https:\/\/clinicaraizes.com.br\/loja\/shop\/day-spa\/premium\/puro-glamour\/day-spa-puro-glamour-vale-presente\/#breadcrumb"},"inLanguage":"pt-BR","potentialAction":[{"@type":"ReadAction","target":["https:\/\/clinicaraizes.com.br\/loja\/shop\/day-spa\/premium\/puro-glamour\/day-spa-puro-glamour-vale-presente\/"]}]},{"@type":"ImageObject","inLanguage":"pt-BR","@id":"https:\/\/clinicaraizes.com.br\/loja\/shop\/day-spa\/premium\/puro-glamour\/day-spa-puro-glamour-vale-presente\/#primaryimage","url":"https:\/\/clinicaraizes.com.br\/loja\/wp-content\/uploads\/2021\/10\/Folder-Site-Menu.-Day-Spa.png","contentUrl":"https:\/\/clinicaraizes.com.br\/loja\/wp-content\/uploads\/2021\/10\/Folder-Site-Menu.-Day-Spa.png","width":600,"height":600,"caption":"Day Spa Cl\u00ednica Ra\u00edzes (Puro Glamour)"},{"@type":"BreadcrumbList","@id":"https:\/\/clinicaraizes.com.br\/loja\/shop\/day-spa\/premium\/puro-glamour\/day-spa-puro-glamour-vale-presente\/#breadcrumb","itemListElement":[{"@type":"ListItem","position":1,"name":"In\u00edcio","item":"https:\/\/clinicaraizes.com.br\/loja\/"},{"@type":"ListItem","position":2,"name":"Shop","item":"https:\/\/clinicaraizes.com.br\/loja\/shop\/"},{"@type":"ListItem","position":3,"name":"Day Spa Puro Glamour"}]},{"@type":"WebSite","@id":"https:\/\/clinicaraizes.com.br\/loja\/#website","url":"https:\/\/clinicaraizes.com.br\/loja\/","name":"Cl\u00ednica Ra\u00edzes","description":"Dicas &amp; Tutoriais de Beleza e Bem Estar","publisher":{"@id":"https:\/\/clinicaraizes.com.br\/loja\/#organization"},"potentialAction":[{"@type":"SearchAction","target":{"@type":"EntryPoint","urlTemplate":"https:\/\/clinicaraizes.com.br\/loja\/?s={search_term_string}"},"query-input":{"@type":"PropertyValueSpecification","valueRequired":true,"valueName":"search_term_string"}}],"inLanguage":"pt-BR"},{"@type":"Organization","@id":"https:\/\/clinicaraizes.com.br\/loja\/#organization","name":"Cl\u00ednica Ra\u00edzes","url":"https:\/\/clinicaraizes.com.br\/loja\/","logo":{"@type":"ImageObject","inLanguage":"pt-BR","@id":"https:\/\/clinicaraizes.com.br\/loja\/#\/schema\/logo\/image\/","url":"https:\/\/clinicaraizes.com.br\/loja\/wp-content\/uploads\/2019\/03\/logo-raizes.png","contentUrl":"https:\/\/clinicaraizes.com.br\/loja\/wp-content\/uploads\/2019\/03\/logo-raizes.png","width":480,"height":180,"caption":"Cl\u00ednica Ra\u00edzes"},"image":{"@id":"https:\/\/clinicaraizes.com.br\/loja\/#\/schema\/logo\/image\/"},"sameAs":["https:\/\/www.facebook.com\/clinicaraizes","https:\/\/www.instagram.com\/clinicaraizes"]}]}},"jetpack_sharing_enabled":true,"_links":{"self":[{"href":"https:\/\/clinicaraizes.com.br\/loja\/wp-json\/wp\/v2\/product\/2459","targetHints":{"allow":["GET"]}}],"collection":[{"href":"https:\/\/clinicaraizes.com.br\/loja\/wp-json\/wp\/v2\/product"}],"about":[{"href":"https:\/\/clinicaraizes.com.br\/loja\/wp-json\/wp\/v2\/types\/product"}],"replies":[{"embeddable":true,"href":"https:\/\/clinicaraizes.com.br\/loja\/wp-json\/wp\/v2\/comments?post=2459"}],"wp:featuredmedia":[{"embeddable":true,"href":"https:\/\/clinicaraizes.com.br\/loja\/wp-json\/wp\/v2\/media\/2507"}],"wp:attachment":[{"href":"https:\/\/clinicaraizes.com.br\/loja\/wp-json\/wp\/v2\/media?parent=2459"}],"wp:term":[{"taxonomy":"product_brand","embeddable":true,"href":"https:\/\/clinicaraizes.com.br\/loja\/wp-json\/wp\/v2\/product_brand?post=2459"},{"taxonomy":"product_cat","embeddable":true,"href":"https:\/\/clinicaraizes.com.br\/loja\/wp-json\/wp\/v2\/product_cat?post=2459"},{"taxonomy":"product_tag","embeddable":true,"href":"https:\/\/clinicaraizes.com.br\/loja\/wp-json\/wp\/v2\/product_tag?post=2459"}],"curies":[{"name":"wp","href":"https:\/\/api.w.org\/{rel}","templated":true}]}}