{"id":2410,"date":"2021-10-05T11:27:06","date_gmt":"2021-10-05T14:27:06","guid":{"rendered":"https:\/\/clinicaraizes.com.br\/loja\/?post_type=product&#038;p=2410"},"modified":"2026-04-23T18:53:10","modified_gmt":"2026-04-23T21:53:10","slug":"day-spa-nao-resisto-vale-presente","status":"publish","type":"product","link":"https:\/\/clinicaraizes.com.br\/loja\/shop\/day-spa\/para-ele\/nao-resisto\/day-spa-nao-resisto-vale-presente\/","title":{"rendered":"Day Spa N\u00e3o Resisto"},"content":{"rendered":"<p>Day Spa N\u00e3o Resisto<\/p>\n<p>Dura\u00e7\u00e3o: 3 horas<\/p>\n<p>O Day Spa N\u00e3o Resisto, \u00e9 perfeito para voc\u00ea cuidar de seu corpo e pele durante uma experi\u00eancia exclusiva e \u00fanica<\/p>\n<ul>\n<li>Massagem Relaxante com movimentos suaves, proporcionando relaxamento intenso e profundo +<\/li>\n<li>Reflexologia Podal: Massagem em pontos espec\u00edficos dos p\u00e9s para dissipar os bloqueios de energia do corpo;+<\/li>\n<li>Limpeza de Pele com Peeling Ultrass\u00f4nico<\/li>\n<\/ul>\n<p>Nossas Massagens s\u00e3o realizadas em\u00a0<a href=\"https:\/\/clinicaraizes.com.br\/spa\/bem-estar\/\">Bangal\u00f4s externos individuais<\/a>, climatizados e com m\u00fasica ambiente.<\/p>\n<p>Em todo Day Spa, oferecemos biqu\u00edni ou sunga descart\u00e1vel para seu maior conforto, roup\u00e3o e chinelo para uso interno.<\/p>\n","protected":false},"excerpt":{"rendered":"<p>Dura\u00e7\u00e3o: 3 horas<\/p>\n<ul>\n<li>Massagem Relaxante com movimentos suaves, proporcionando relaxamento intenso e profundo +<\/li>\n<li>Reflexologia Podal: Massagem em pontos espec\u00edficos dos p\u00e9s para dissipar os bloqueios de energia do corpo;+<\/li>\n<li>Limpeza de Pele com Peeling Ultrass\u00f4nico<\/li>\n<\/ul>\n","protected":false},"featured_media":2399,"comment_status":"open","ping_status":"closed","template":"","meta":{"bwfblock_default_font":""},"product_brand":[],"product_cat":[265,267,292],"product_tag":[],"class_list":{"0":"post-2410","1":"product","2":"type-product","3":"status-publish","4":"has-post-thumbnail","6":"product_cat-nao-resisto","7":"product_cat-para-ele","8":"product_cat-vale-presente","10":"first","11":"instock","12":"virtual","13":"purchasable","14":"product-type-simple"},"yoast_head":"<!-- This site is optimized with the Yoast SEO plugin v27.4 - https:\/\/yoast.com\/product\/yoast-seo-wordpress\/ -->\n<title>Day Spa N\u00e3o Resisto - Cl\u00ednica Ra\u00edzes Spa Urbano<\/title>\n<meta name=\"description\" content=\"O Day Spa N\u00e3o Resisto, \u00e9 perfeito para voc\u00ea cuidar de seu corpo e pele durante uma experi\u00eancia exclusiva e \u00fanica. Saiba mais (11) 2294-7070\" \/>\n<meta name=\"robots\" content=\"index, follow, max-snippet:-1, max-image-preview:large, max-video-preview:-1\" \/>\n<link rel=\"canonical\" href=\"https:\/\/clinicaraizes.com.br\/loja\/shop\/day-spa\/para-ele\/nao-resisto\/day-spa-nao-resisto-vale-presente\/\" \/>\n<meta property=\"og:locale\" content=\"pt_BR\" \/>\n<meta property=\"og:type\" content=\"article\" \/>\n<meta property=\"og:title\" content=\"Day Spa N\u00e3o Resisto - Cl\u00ednica Ra\u00edzes Spa Urbano\" \/>\n<meta property=\"og:description\" content=\"O Day Spa N\u00e3o Resisto, \u00e9 perfeito para voc\u00ea cuidar de seu corpo e pele durante uma experi\u00eancia exclusiva e \u00fanica. Saiba mais (11) 2294-7070\" \/>\n<meta property=\"og:url\" content=\"https:\/\/clinicaraizes.com.br\/loja\/shop\/day-spa\/para-ele\/nao-resisto\/day-spa-nao-resisto-vale-presente\/\" \/>\n<meta property=\"og:site_name\" content=\"Cl\u00ednica Ra\u00edzes\" \/>\n<meta property=\"article:publisher\" content=\"https:\/\/www.facebook.com\/clinicaraizes\" \/>\n<meta property=\"article:modified_time\" content=\"2026-04-23T21:53:10+00:00\" \/>\n<meta property=\"og:image\" content=\"https:\/\/clinicaraizes.com.br\/loja\/wp-content\/uploads\/2021\/10\/Folder-Site-Menu.-Day-Spa-Ele-Nao-resisto.png\" \/>\n\t<meta property=\"og:image:width\" content=\"600\" \/>\n\t<meta property=\"og:image:height\" content=\"600\" \/>\n\t<meta property=\"og:image:type\" content=\"image\/png\" \/>\n<meta name=\"twitter:card\" content=\"summary_large_image\" \/>\n<meta name=\"twitter:label1\" content=\"Est. tempo de leitura\" \/>\n\t<meta name=\"twitter:data1\" content=\"1 minuto\" \/>\n<script type=\"application\/ld+json\" class=\"yoast-schema-graph\">{\"@context\":\"https:\\\/\\\/schema.org\",\"@graph\":[{\"@type\":\"WebPage\",\"@id\":\"https:\\\/\\\/clinicaraizes.com.br\\\/loja\\\/shop\\\/day-spa\\\/para-ele\\\/nao-resisto\\\/day-spa-nao-resisto-vale-presente\\\/\",\"url\":\"https:\\\/\\\/clinicaraizes.com.br\\\/loja\\\/shop\\\/day-spa\\\/para-ele\\\/nao-resisto\\\/day-spa-nao-resisto-vale-presente\\\/\",\"name\":\"Day Spa N\u00e3o Resisto - Cl\u00ednica Ra\u00edzes Spa Urbano\",\"isPartOf\":{\"@id\":\"https:\\\/\\\/clinicaraizes.com.br\\\/loja\\\/#website\"},\"primaryImageOfPage\":{\"@id\":\"https:\\\/\\\/clinicaraizes.com.br\\\/loja\\\/shop\\\/day-spa\\\/para-ele\\\/nao-resisto\\\/day-spa-nao-resisto-vale-presente\\\/#primaryimage\"},\"image\":{\"@id\":\"https:\\\/\\\/clinicaraizes.com.br\\\/loja\\\/shop\\\/day-spa\\\/para-ele\\\/nao-resisto\\\/day-spa-nao-resisto-vale-presente\\\/#primaryimage\"},\"thumbnailUrl\":\"https:\\\/\\\/clinicaraizes.com.br\\\/loja\\\/wp-content\\\/uploads\\\/2021\\\/10\\\/Folder-Site-Menu.-Day-Spa-Ele-Nao-resisto.png\",\"datePublished\":\"2021-10-05T14:27:06+00:00\",\"dateModified\":\"2026-04-23T21:53:10+00:00\",\"description\":\"O Day Spa N\u00e3o Resisto, \u00e9 perfeito para voc\u00ea cuidar de seu corpo e pele durante uma experi\u00eancia exclusiva e \u00fanica. Saiba mais (11) 2294-7070\",\"breadcrumb\":{\"@id\":\"https:\\\/\\\/clinicaraizes.com.br\\\/loja\\\/shop\\\/day-spa\\\/para-ele\\\/nao-resisto\\\/day-spa-nao-resisto-vale-presente\\\/#breadcrumb\"},\"inLanguage\":\"pt-BR\",\"potentialAction\":[{\"@type\":\"ReadAction\",\"target\":[\"https:\\\/\\\/clinicaraizes.com.br\\\/loja\\\/shop\\\/day-spa\\\/para-ele\\\/nao-resisto\\\/day-spa-nao-resisto-vale-presente\\\/\"]}]},{\"@type\":\"ImageObject\",\"inLanguage\":\"pt-BR\",\"@id\":\"https:\\\/\\\/clinicaraizes.com.br\\\/loja\\\/shop\\\/day-spa\\\/para-ele\\\/nao-resisto\\\/day-spa-nao-resisto-vale-presente\\\/#primaryimage\",\"url\":\"https:\\\/\\\/clinicaraizes.com.br\\\/loja\\\/wp-content\\\/uploads\\\/2021\\\/10\\\/Folder-Site-Menu.-Day-Spa-Ele-Nao-resisto.png\",\"contentUrl\":\"https:\\\/\\\/clinicaraizes.com.br\\\/loja\\\/wp-content\\\/uploads\\\/2021\\\/10\\\/Folder-Site-Menu.-Day-Spa-Ele-Nao-resisto.png\",\"width\":600,\"height\":600,\"caption\":\"Day Spa Cl\u00ednica Ra\u00edzes (N\u00e3o resisto)\"},{\"@type\":\"BreadcrumbList\",\"@id\":\"https:\\\/\\\/clinicaraizes.com.br\\\/loja\\\/shop\\\/day-spa\\\/para-ele\\\/nao-resisto\\\/day-spa-nao-resisto-vale-presente\\\/#breadcrumb\",\"itemListElement\":[{\"@type\":\"ListItem\",\"position\":1,\"name\":\"In\u00edcio\",\"item\":\"https:\\\/\\\/clinicaraizes.com.br\\\/loja\\\/\"},{\"@type\":\"ListItem\",\"position\":2,\"name\":\"Shop\",\"item\":\"https:\\\/\\\/clinicaraizes.com.br\\\/loja\\\/shop\\\/\"},{\"@type\":\"ListItem\",\"position\":3,\"name\":\"Day Spa N\u00e3o Resisto\"}]},{\"@type\":\"WebSite\",\"@id\":\"https:\\\/\\\/clinicaraizes.com.br\\\/loja\\\/#website\",\"url\":\"https:\\\/\\\/clinicaraizes.com.br\\\/loja\\\/\",\"name\":\"Cl\u00ednica Ra\u00edzes\",\"description\":\"Dicas &amp; Tutoriais de Beleza e Bem Estar\",\"publisher\":{\"@id\":\"https:\\\/\\\/clinicaraizes.com.br\\\/loja\\\/#organization\"},\"potentialAction\":[{\"@type\":\"SearchAction\",\"target\":{\"@type\":\"EntryPoint\",\"urlTemplate\":\"https:\\\/\\\/clinicaraizes.com.br\\\/loja\\\/?s={search_term_string}\"},\"query-input\":{\"@type\":\"PropertyValueSpecification\",\"valueRequired\":true,\"valueName\":\"search_term_string\"}}],\"inLanguage\":\"pt-BR\"},{\"@type\":\"Organization\",\"@id\":\"https:\\\/\\\/clinicaraizes.com.br\\\/loja\\\/#organization\",\"name\":\"Cl\u00ednica Ra\u00edzes\",\"url\":\"https:\\\/\\\/clinicaraizes.com.br\\\/loja\\\/\",\"logo\":{\"@type\":\"ImageObject\",\"inLanguage\":\"pt-BR\",\"@id\":\"https:\\\/\\\/clinicaraizes.com.br\\\/loja\\\/#\\\/schema\\\/logo\\\/image\\\/\",\"url\":\"https:\\\/\\\/clinicaraizes.com.br\\\/loja\\\/wp-content\\\/uploads\\\/2019\\\/03\\\/logo-raizes.png\",\"contentUrl\":\"https:\\\/\\\/clinicaraizes.com.br\\\/loja\\\/wp-content\\\/uploads\\\/2019\\\/03\\\/logo-raizes.png\",\"width\":480,\"height\":180,\"caption\":\"Cl\u00ednica Ra\u00edzes\"},\"image\":{\"@id\":\"https:\\\/\\\/clinicaraizes.com.br\\\/loja\\\/#\\\/schema\\\/logo\\\/image\\\/\"},\"sameAs\":[\"https:\\\/\\\/www.facebook.com\\\/clinicaraizes\",\"https:\\\/\\\/www.instagram.com\\\/clinicaraizes\"]}]}<\/script>\n<!-- \/ Yoast SEO plugin. -->","yoast_head_json":{"title":"Day Spa N\u00e3o Resisto - Cl\u00ednica Ra\u00edzes Spa Urbano","description":"O Day Spa N\u00e3o Resisto, \u00e9 perfeito para voc\u00ea cuidar de seu corpo e pele durante uma experi\u00eancia exclusiva e \u00fanica. Saiba mais (11) 2294-7070","robots":{"index":"index","follow":"follow","max-snippet":"max-snippet:-1","max-image-preview":"max-image-preview:large","max-video-preview":"max-video-preview:-1"},"canonical":"https:\/\/clinicaraizes.com.br\/loja\/shop\/day-spa\/para-ele\/nao-resisto\/day-spa-nao-resisto-vale-presente\/","og_locale":"pt_BR","og_type":"article","og_title":"Day Spa N\u00e3o Resisto - Cl\u00ednica Ra\u00edzes Spa Urbano","og_description":"O Day Spa N\u00e3o Resisto, \u00e9 perfeito para voc\u00ea cuidar de seu corpo e pele durante uma experi\u00eancia exclusiva e \u00fanica. Saiba mais (11) 2294-7070","og_url":"https:\/\/clinicaraizes.com.br\/loja\/shop\/day-spa\/para-ele\/nao-resisto\/day-spa-nao-resisto-vale-presente\/","og_site_name":"Cl\u00ednica Ra\u00edzes","article_publisher":"https:\/\/www.facebook.com\/clinicaraizes","article_modified_time":"2026-04-23T21:53:10+00:00","og_image":[{"width":600,"height":600,"url":"https:\/\/clinicaraizes.com.br\/loja\/wp-content\/uploads\/2021\/10\/Folder-Site-Menu.-Day-Spa-Ele-Nao-resisto.png","type":"image\/png"}],"twitter_card":"summary_large_image","twitter_misc":{"Est. tempo de leitura":"1 minuto"},"schema":{"@context":"https:\/\/schema.org","@graph":[{"@type":"WebPage","@id":"https:\/\/clinicaraizes.com.br\/loja\/shop\/day-spa\/para-ele\/nao-resisto\/day-spa-nao-resisto-vale-presente\/","url":"https:\/\/clinicaraizes.com.br\/loja\/shop\/day-spa\/para-ele\/nao-resisto\/day-spa-nao-resisto-vale-presente\/","name":"Day Spa N\u00e3o Resisto - Cl\u00ednica Ra\u00edzes Spa Urbano","isPartOf":{"@id":"https:\/\/clinicaraizes.com.br\/loja\/#website"},"primaryImageOfPage":{"@id":"https:\/\/clinicaraizes.com.br\/loja\/shop\/day-spa\/para-ele\/nao-resisto\/day-spa-nao-resisto-vale-presente\/#primaryimage"},"image":{"@id":"https:\/\/clinicaraizes.com.br\/loja\/shop\/day-spa\/para-ele\/nao-resisto\/day-spa-nao-resisto-vale-presente\/#primaryimage"},"thumbnailUrl":"https:\/\/clinicaraizes.com.br\/loja\/wp-content\/uploads\/2021\/10\/Folder-Site-Menu.-Day-Spa-Ele-Nao-resisto.png","datePublished":"2021-10-05T14:27:06+00:00","dateModified":"2026-04-23T21:53:10+00:00","description":"O Day Spa N\u00e3o Resisto, \u00e9 perfeito para voc\u00ea cuidar de seu corpo e pele durante uma experi\u00eancia exclusiva e \u00fanica. Saiba mais (11) 2294-7070","breadcrumb":{"@id":"https:\/\/clinicaraizes.com.br\/loja\/shop\/day-spa\/para-ele\/nao-resisto\/day-spa-nao-resisto-vale-presente\/#breadcrumb"},"inLanguage":"pt-BR","potentialAction":[{"@type":"ReadAction","target":["https:\/\/clinicaraizes.com.br\/loja\/shop\/day-spa\/para-ele\/nao-resisto\/day-spa-nao-resisto-vale-presente\/"]}]},{"@type":"ImageObject","inLanguage":"pt-BR","@id":"https:\/\/clinicaraizes.com.br\/loja\/shop\/day-spa\/para-ele\/nao-resisto\/day-spa-nao-resisto-vale-presente\/#primaryimage","url":"https:\/\/clinicaraizes.com.br\/loja\/wp-content\/uploads\/2021\/10\/Folder-Site-Menu.-Day-Spa-Ele-Nao-resisto.png","contentUrl":"https:\/\/clinicaraizes.com.br\/loja\/wp-content\/uploads\/2021\/10\/Folder-Site-Menu.-Day-Spa-Ele-Nao-resisto.png","width":600,"height":600,"caption":"Day Spa Cl\u00ednica Ra\u00edzes (N\u00e3o resisto)"},{"@type":"BreadcrumbList","@id":"https:\/\/clinicaraizes.com.br\/loja\/shop\/day-spa\/para-ele\/nao-resisto\/day-spa-nao-resisto-vale-presente\/#breadcrumb","itemListElement":[{"@type":"ListItem","position":1,"name":"In\u00edcio","item":"https:\/\/clinicaraizes.com.br\/loja\/"},{"@type":"ListItem","position":2,"name":"Shop","item":"https:\/\/clinicaraizes.com.br\/loja\/shop\/"},{"@type":"ListItem","position":3,"name":"Day Spa N\u00e3o Resisto"}]},{"@type":"WebSite","@id":"https:\/\/clinicaraizes.com.br\/loja\/#website","url":"https:\/\/clinicaraizes.com.br\/loja\/","name":"Cl\u00ednica Ra\u00edzes","description":"Dicas &amp; Tutoriais de Beleza e Bem Estar","publisher":{"@id":"https:\/\/clinicaraizes.com.br\/loja\/#organization"},"potentialAction":[{"@type":"SearchAction","target":{"@type":"EntryPoint","urlTemplate":"https:\/\/clinicaraizes.com.br\/loja\/?s={search_term_string}"},"query-input":{"@type":"PropertyValueSpecification","valueRequired":true,"valueName":"search_term_string"}}],"inLanguage":"pt-BR"},{"@type":"Organization","@id":"https:\/\/clinicaraizes.com.br\/loja\/#organization","name":"Cl\u00ednica Ra\u00edzes","url":"https:\/\/clinicaraizes.com.br\/loja\/","logo":{"@type":"ImageObject","inLanguage":"pt-BR","@id":"https:\/\/clinicaraizes.com.br\/loja\/#\/schema\/logo\/image\/","url":"https:\/\/clinicaraizes.com.br\/loja\/wp-content\/uploads\/2019\/03\/logo-raizes.png","contentUrl":"https:\/\/clinicaraizes.com.br\/loja\/wp-content\/uploads\/2019\/03\/logo-raizes.png","width":480,"height":180,"caption":"Cl\u00ednica Ra\u00edzes"},"image":{"@id":"https:\/\/clinicaraizes.com.br\/loja\/#\/schema\/logo\/image\/"},"sameAs":["https:\/\/www.facebook.com\/clinicaraizes","https:\/\/www.instagram.com\/clinicaraizes"]}]}},"jetpack_sharing_enabled":true,"_links":{"self":[{"href":"https:\/\/clinicaraizes.com.br\/loja\/wp-json\/wp\/v2\/product\/2410","targetHints":{"allow":["GET"]}}],"collection":[{"href":"https:\/\/clinicaraizes.com.br\/loja\/wp-json\/wp\/v2\/product"}],"about":[{"href":"https:\/\/clinicaraizes.com.br\/loja\/wp-json\/wp\/v2\/types\/product"}],"replies":[{"embeddable":true,"href":"https:\/\/clinicaraizes.com.br\/loja\/wp-json\/wp\/v2\/comments?post=2410"}],"wp:featuredmedia":[{"embeddable":true,"href":"https:\/\/clinicaraizes.com.br\/loja\/wp-json\/wp\/v2\/media\/2399"}],"wp:attachment":[{"href":"https:\/\/clinicaraizes.com.br\/loja\/wp-json\/wp\/v2\/media?parent=2410"}],"wp:term":[{"taxonomy":"product_brand","embeddable":true,"href":"https:\/\/clinicaraizes.com.br\/loja\/wp-json\/wp\/v2\/product_brand?post=2410"},{"taxonomy":"product_cat","embeddable":true,"href":"https:\/\/clinicaraizes.com.br\/loja\/wp-json\/wp\/v2\/product_cat?post=2410"},{"taxonomy":"product_tag","embeddable":true,"href":"https:\/\/clinicaraizes.com.br\/loja\/wp-json\/wp\/v2\/product_tag?post=2410"}],"curies":[{"name":"wp","href":"https:\/\/api.w.org\/{rel}","templated":true}]}}