{"id":1751,"date":"2021-03-04T13:18:05","date_gmt":"2021-03-04T16:18:05","guid":{"rendered":"https:\/\/clinicaraizes.com.br\/loja\/?post_type=product&#038;p=1751"},"modified":"2025-06-05T15:12:40","modified_gmt":"2025-06-05T18:12:40","slug":"protocolo-de-rejuvenescimento-e-normalizacao-da-pele","status":"publish","type":"product","link":"https:\/\/clinicaraizes.com.br\/loja\/shop\/facial\/pele-facial\/protocolo-de-rejuvenescimento-e-normalizacao-da-pele\/","title":{"rendered":"Protocolo de Rejuvenescimento e Normaliza\u00e7\u00e3o da Pele"},"content":{"rendered":"<p><strong>Protocolo de Rejuvenescimento e Normaliza\u00e7\u00e3o da Pele<\/strong><\/p>\n<p>Dura\u00e7\u00e3o de cada sess\u00e3o: 90 minutos<\/p>\n<p>Inclui: <strong>04 sess\u00f5es<\/strong> de<a href=\"https:\/\/clinicaraizes.com.br\/raizes-estetica\/estetica-facial\/catiovital\/\"> CatioVital<\/a>, um tratamento com Limpeza de pele exclusiva e totalmente pensada para tratar a sua pele, com produtos desenvolvidos pela marca francesa MaryCohr Paris.<\/p>\n<p>O CatioVital limpa, purifica, oxigena, hidrata a pele e clareia, recuperando e protegendo a pele contra as agress\u00f5es externas.<\/p>\n<p>Garanta sua sess\u00e3o e cuide da sua beleza e bem-estar.<\/p>\n","protected":false},"excerpt":{"rendered":"<p>Dura\u00e7\u00e3o de cada sess\u00e3o: 90 minutos<\/p>\n<p><strong>04 sess\u00f5es<\/strong> de CatioVital: um tratamento com Limpeza de pele exclusiva e totalmente pensada para tratar a sua pele, com produtos desenvolvidos pela marca francesa MaryCohr Paris.<\/p>\n<a href=\"https:\/\/clinicaraizes.com.br\/loja\/produto\/protocolo-de-rejuvenescimento-e-normalizacao-da-pele-vale-presente\/\" class=\"button primary is-primary is-medium\"  >\n    <span>DAR DE PRESENTE<\/span>\n  <\/a>\n\n<p>&nbsp;<\/p>\n","protected":false},"featured_media":1260,"comment_status":"open","ping_status":"closed","template":"","meta":{"bwfblock_default_font":""},"product_brand":[],"product_cat":[134,241],"product_tag":[190,188,189],"class_list":{"0":"post-1751","1":"product","2":"type-product","3":"status-publish","4":"has-post-thumbnail","6":"product_cat-facial","7":"product_cat-pele-facial","8":"product_tag-cuidados-com-a-pele","9":"product_tag-limpeza-de-pele","10":"product_tag-skin-care","12":"first","13":"instock","14":"virtual","15":"purchasable","16":"product-type-simple"},"yoast_head":"<!-- This site is optimized with the Yoast SEO plugin v27.4 - https:\/\/yoast.com\/product\/yoast-seo-wordpress\/ -->\n<title>Protocolo de Rejuvenescimento e Normaliza\u00e7\u00e3o da Pele - Cl\u00ednica Ra\u00edzes<\/title>\n<meta name=\"description\" content=\"Um Protocolo com Limpeza de pele exclusiva e totalmente pensada para tratar a sua pele, com produtos desenvolvidos pela MaryCohr Paris.\" \/>\n<meta name=\"robots\" content=\"index, follow, max-snippet:-1, max-image-preview:large, max-video-preview:-1\" \/>\n<link rel=\"canonical\" href=\"https:\/\/clinicaraizes.com.br\/loja\/shop\/facial\/pele-facial\/protocolo-de-rejuvenescimento-e-normalizacao-da-pele\/\" \/>\n<meta property=\"og:locale\" content=\"pt_BR\" \/>\n<meta property=\"og:type\" content=\"article\" \/>\n<meta property=\"og:title\" content=\"Protocolo de Rejuvenescimento e Normaliza\u00e7\u00e3o da Pele - Cl\u00ednica Ra\u00edzes\" \/>\n<meta property=\"og:description\" content=\"Um Protocolo com Limpeza de pele exclusiva e totalmente pensada para tratar a sua pele, com produtos desenvolvidos pela MaryCohr Paris.\" \/>\n<meta property=\"og:url\" content=\"https:\/\/clinicaraizes.com.br\/loja\/shop\/facial\/pele-facial\/protocolo-de-rejuvenescimento-e-normalizacao-da-pele\/\" \/>\n<meta property=\"og:site_name\" content=\"Cl\u00ednica Ra\u00edzes\" \/>\n<meta property=\"article:publisher\" content=\"https:\/\/www.facebook.com\/clinicaraizes\" \/>\n<meta property=\"article:modified_time\" content=\"2025-06-05T18:12:40+00:00\" \/>\n<meta property=\"og:image\" content=\"https:\/\/clinicaraizes.com.br\/loja\/wp-content\/uploads\/2020\/05\/Beaute-Aromatique-facial.jpg\" \/>\n\t<meta property=\"og:image:width\" content=\"600\" \/>\n\t<meta property=\"og:image:height\" content=\"600\" \/>\n\t<meta property=\"og:image:type\" content=\"image\/jpeg\" \/>\n<meta name=\"twitter:card\" content=\"summary_large_image\" \/>\n<meta name=\"twitter:label1\" content=\"Est. tempo de leitura\" \/>\n\t<meta name=\"twitter:data1\" content=\"1 minuto\" \/>\n<script type=\"application\/ld+json\" class=\"yoast-schema-graph\">{\"@context\":\"https:\\\/\\\/schema.org\",\"@graph\":[{\"@type\":\"WebPage\",\"@id\":\"https:\\\/\\\/clinicaraizes.com.br\\\/loja\\\/shop\\\/facial\\\/pele-facial\\\/protocolo-de-rejuvenescimento-e-normalizacao-da-pele\\\/\",\"url\":\"https:\\\/\\\/clinicaraizes.com.br\\\/loja\\\/shop\\\/facial\\\/pele-facial\\\/protocolo-de-rejuvenescimento-e-normalizacao-da-pele\\\/\",\"name\":\"Protocolo de Rejuvenescimento e Normaliza\u00e7\u00e3o da Pele - Cl\u00ednica Ra\u00edzes\",\"isPartOf\":{\"@id\":\"https:\\\/\\\/clinicaraizes.com.br\\\/loja\\\/#website\"},\"primaryImageOfPage\":{\"@id\":\"https:\\\/\\\/clinicaraizes.com.br\\\/loja\\\/shop\\\/facial\\\/pele-facial\\\/protocolo-de-rejuvenescimento-e-normalizacao-da-pele\\\/#primaryimage\"},\"image\":{\"@id\":\"https:\\\/\\\/clinicaraizes.com.br\\\/loja\\\/shop\\\/facial\\\/pele-facial\\\/protocolo-de-rejuvenescimento-e-normalizacao-da-pele\\\/#primaryimage\"},\"thumbnailUrl\":\"https:\\\/\\\/clinicaraizes.com.br\\\/loja\\\/wp-content\\\/uploads\\\/2020\\\/05\\\/Beaute-Aromatique-facial.jpg\",\"datePublished\":\"2021-03-04T16:18:05+00:00\",\"dateModified\":\"2025-06-05T18:12:40+00:00\",\"description\":\"Um Protocolo com Limpeza de pele exclusiva e totalmente pensada para tratar a sua pele, com produtos desenvolvidos pela MaryCohr Paris.\",\"breadcrumb\":{\"@id\":\"https:\\\/\\\/clinicaraizes.com.br\\\/loja\\\/shop\\\/facial\\\/pele-facial\\\/protocolo-de-rejuvenescimento-e-normalizacao-da-pele\\\/#breadcrumb\"},\"inLanguage\":\"pt-BR\",\"potentialAction\":[{\"@type\":\"ReadAction\",\"target\":[\"https:\\\/\\\/clinicaraizes.com.br\\\/loja\\\/shop\\\/facial\\\/pele-facial\\\/protocolo-de-rejuvenescimento-e-normalizacao-da-pele\\\/\"]}]},{\"@type\":\"ImageObject\",\"inLanguage\":\"pt-BR\",\"@id\":\"https:\\\/\\\/clinicaraizes.com.br\\\/loja\\\/shop\\\/facial\\\/pele-facial\\\/protocolo-de-rejuvenescimento-e-normalizacao-da-pele\\\/#primaryimage\",\"url\":\"https:\\\/\\\/clinicaraizes.com.br\\\/loja\\\/wp-content\\\/uploads\\\/2020\\\/05\\\/Beaute-Aromatique-facial.jpg\",\"contentUrl\":\"https:\\\/\\\/clinicaraizes.com.br\\\/loja\\\/wp-content\\\/uploads\\\/2020\\\/05\\\/Beaute-Aromatique-facial.jpg\",\"width\":600,\"height\":600,\"caption\":\"Beaut\u00e9 Aromatique facial\"},{\"@type\":\"BreadcrumbList\",\"@id\":\"https:\\\/\\\/clinicaraizes.com.br\\\/loja\\\/shop\\\/facial\\\/pele-facial\\\/protocolo-de-rejuvenescimento-e-normalizacao-da-pele\\\/#breadcrumb\",\"itemListElement\":[{\"@type\":\"ListItem\",\"position\":1,\"name\":\"In\u00edcio\",\"item\":\"https:\\\/\\\/clinicaraizes.com.br\\\/loja\\\/\"},{\"@type\":\"ListItem\",\"position\":2,\"name\":\"Shop\",\"item\":\"https:\\\/\\\/clinicaraizes.com.br\\\/loja\\\/shop\\\/\"},{\"@type\":\"ListItem\",\"position\":3,\"name\":\"Protocolo de Rejuvenescimento e Normaliza\u00e7\u00e3o da Pele\"}]},{\"@type\":\"WebSite\",\"@id\":\"https:\\\/\\\/clinicaraizes.com.br\\\/loja\\\/#website\",\"url\":\"https:\\\/\\\/clinicaraizes.com.br\\\/loja\\\/\",\"name\":\"Cl\u00ednica Ra\u00edzes\",\"description\":\"Dicas &amp; Tutoriais de Beleza e Bem Estar\",\"publisher\":{\"@id\":\"https:\\\/\\\/clinicaraizes.com.br\\\/loja\\\/#organization\"},\"potentialAction\":[{\"@type\":\"SearchAction\",\"target\":{\"@type\":\"EntryPoint\",\"urlTemplate\":\"https:\\\/\\\/clinicaraizes.com.br\\\/loja\\\/?s={search_term_string}\"},\"query-input\":{\"@type\":\"PropertyValueSpecification\",\"valueRequired\":true,\"valueName\":\"search_term_string\"}}],\"inLanguage\":\"pt-BR\"},{\"@type\":\"Organization\",\"@id\":\"https:\\\/\\\/clinicaraizes.com.br\\\/loja\\\/#organization\",\"name\":\"Cl\u00ednica Ra\u00edzes\",\"url\":\"https:\\\/\\\/clinicaraizes.com.br\\\/loja\\\/\",\"logo\":{\"@type\":\"ImageObject\",\"inLanguage\":\"pt-BR\",\"@id\":\"https:\\\/\\\/clinicaraizes.com.br\\\/loja\\\/#\\\/schema\\\/logo\\\/image\\\/\",\"url\":\"https:\\\/\\\/clinicaraizes.com.br\\\/loja\\\/wp-content\\\/uploads\\\/2019\\\/03\\\/logo-raizes.png\",\"contentUrl\":\"https:\\\/\\\/clinicaraizes.com.br\\\/loja\\\/wp-content\\\/uploads\\\/2019\\\/03\\\/logo-raizes.png\",\"width\":480,\"height\":180,\"caption\":\"Cl\u00ednica Ra\u00edzes\"},\"image\":{\"@id\":\"https:\\\/\\\/clinicaraizes.com.br\\\/loja\\\/#\\\/schema\\\/logo\\\/image\\\/\"},\"sameAs\":[\"https:\\\/\\\/www.facebook.com\\\/clinicaraizes\",\"https:\\\/\\\/www.instagram.com\\\/clinicaraizes\"]}]}<\/script>\n<!-- \/ Yoast SEO plugin. -->","yoast_head_json":{"title":"Protocolo de Rejuvenescimento e Normaliza\u00e7\u00e3o da Pele - Cl\u00ednica Ra\u00edzes","description":"Um Protocolo com Limpeza de pele exclusiva e totalmente pensada para tratar a sua pele, com produtos desenvolvidos pela MaryCohr Paris.","robots":{"index":"index","follow":"follow","max-snippet":"max-snippet:-1","max-image-preview":"max-image-preview:large","max-video-preview":"max-video-preview:-1"},"canonical":"https:\/\/clinicaraizes.com.br\/loja\/shop\/facial\/pele-facial\/protocolo-de-rejuvenescimento-e-normalizacao-da-pele\/","og_locale":"pt_BR","og_type":"article","og_title":"Protocolo de Rejuvenescimento e Normaliza\u00e7\u00e3o da Pele - Cl\u00ednica Ra\u00edzes","og_description":"Um Protocolo com Limpeza de pele exclusiva e totalmente pensada para tratar a sua pele, com produtos desenvolvidos pela MaryCohr Paris.","og_url":"https:\/\/clinicaraizes.com.br\/loja\/shop\/facial\/pele-facial\/protocolo-de-rejuvenescimento-e-normalizacao-da-pele\/","og_site_name":"Cl\u00ednica Ra\u00edzes","article_publisher":"https:\/\/www.facebook.com\/clinicaraizes","article_modified_time":"2025-06-05T18:12:40+00:00","og_image":[{"width":600,"height":600,"url":"https:\/\/clinicaraizes.com.br\/loja\/wp-content\/uploads\/2020\/05\/Beaute-Aromatique-facial.jpg","type":"image\/jpeg"}],"twitter_card":"summary_large_image","twitter_misc":{"Est. tempo de leitura":"1 minuto"},"schema":{"@context":"https:\/\/schema.org","@graph":[{"@type":"WebPage","@id":"https:\/\/clinicaraizes.com.br\/loja\/shop\/facial\/pele-facial\/protocolo-de-rejuvenescimento-e-normalizacao-da-pele\/","url":"https:\/\/clinicaraizes.com.br\/loja\/shop\/facial\/pele-facial\/protocolo-de-rejuvenescimento-e-normalizacao-da-pele\/","name":"Protocolo de Rejuvenescimento e Normaliza\u00e7\u00e3o da Pele - Cl\u00ednica Ra\u00edzes","isPartOf":{"@id":"https:\/\/clinicaraizes.com.br\/loja\/#website"},"primaryImageOfPage":{"@id":"https:\/\/clinicaraizes.com.br\/loja\/shop\/facial\/pele-facial\/protocolo-de-rejuvenescimento-e-normalizacao-da-pele\/#primaryimage"},"image":{"@id":"https:\/\/clinicaraizes.com.br\/loja\/shop\/facial\/pele-facial\/protocolo-de-rejuvenescimento-e-normalizacao-da-pele\/#primaryimage"},"thumbnailUrl":"https:\/\/clinicaraizes.com.br\/loja\/wp-content\/uploads\/2020\/05\/Beaute-Aromatique-facial.jpg","datePublished":"2021-03-04T16:18:05+00:00","dateModified":"2025-06-05T18:12:40+00:00","description":"Um Protocolo com Limpeza de pele exclusiva e totalmente pensada para tratar a sua pele, com produtos desenvolvidos pela MaryCohr Paris.","breadcrumb":{"@id":"https:\/\/clinicaraizes.com.br\/loja\/shop\/facial\/pele-facial\/protocolo-de-rejuvenescimento-e-normalizacao-da-pele\/#breadcrumb"},"inLanguage":"pt-BR","potentialAction":[{"@type":"ReadAction","target":["https:\/\/clinicaraizes.com.br\/loja\/shop\/facial\/pele-facial\/protocolo-de-rejuvenescimento-e-normalizacao-da-pele\/"]}]},{"@type":"ImageObject","inLanguage":"pt-BR","@id":"https:\/\/clinicaraizes.com.br\/loja\/shop\/facial\/pele-facial\/protocolo-de-rejuvenescimento-e-normalizacao-da-pele\/#primaryimage","url":"https:\/\/clinicaraizes.com.br\/loja\/wp-content\/uploads\/2020\/05\/Beaute-Aromatique-facial.jpg","contentUrl":"https:\/\/clinicaraizes.com.br\/loja\/wp-content\/uploads\/2020\/05\/Beaute-Aromatique-facial.jpg","width":600,"height":600,"caption":"Beaut\u00e9 Aromatique facial"},{"@type":"BreadcrumbList","@id":"https:\/\/clinicaraizes.com.br\/loja\/shop\/facial\/pele-facial\/protocolo-de-rejuvenescimento-e-normalizacao-da-pele\/#breadcrumb","itemListElement":[{"@type":"ListItem","position":1,"name":"In\u00edcio","item":"https:\/\/clinicaraizes.com.br\/loja\/"},{"@type":"ListItem","position":2,"name":"Shop","item":"https:\/\/clinicaraizes.com.br\/loja\/shop\/"},{"@type":"ListItem","position":3,"name":"Protocolo de Rejuvenescimento e Normaliza\u00e7\u00e3o da Pele"}]},{"@type":"WebSite","@id":"https:\/\/clinicaraizes.com.br\/loja\/#website","url":"https:\/\/clinicaraizes.com.br\/loja\/","name":"Cl\u00ednica Ra\u00edzes","description":"Dicas &amp; Tutoriais de Beleza e Bem Estar","publisher":{"@id":"https:\/\/clinicaraizes.com.br\/loja\/#organization"},"potentialAction":[{"@type":"SearchAction","target":{"@type":"EntryPoint","urlTemplate":"https:\/\/clinicaraizes.com.br\/loja\/?s={search_term_string}"},"query-input":{"@type":"PropertyValueSpecification","valueRequired":true,"valueName":"search_term_string"}}],"inLanguage":"pt-BR"},{"@type":"Organization","@id":"https:\/\/clinicaraizes.com.br\/loja\/#organization","name":"Cl\u00ednica Ra\u00edzes","url":"https:\/\/clinicaraizes.com.br\/loja\/","logo":{"@type":"ImageObject","inLanguage":"pt-BR","@id":"https:\/\/clinicaraizes.com.br\/loja\/#\/schema\/logo\/image\/","url":"https:\/\/clinicaraizes.com.br\/loja\/wp-content\/uploads\/2019\/03\/logo-raizes.png","contentUrl":"https:\/\/clinicaraizes.com.br\/loja\/wp-content\/uploads\/2019\/03\/logo-raizes.png","width":480,"height":180,"caption":"Cl\u00ednica Ra\u00edzes"},"image":{"@id":"https:\/\/clinicaraizes.com.br\/loja\/#\/schema\/logo\/image\/"},"sameAs":["https:\/\/www.facebook.com\/clinicaraizes","https:\/\/www.instagram.com\/clinicaraizes"]}]}},"jetpack_sharing_enabled":true,"_links":{"self":[{"href":"https:\/\/clinicaraizes.com.br\/loja\/wp-json\/wp\/v2\/product\/1751","targetHints":{"allow":["GET"]}}],"collection":[{"href":"https:\/\/clinicaraizes.com.br\/loja\/wp-json\/wp\/v2\/product"}],"about":[{"href":"https:\/\/clinicaraizes.com.br\/loja\/wp-json\/wp\/v2\/types\/product"}],"replies":[{"embeddable":true,"href":"https:\/\/clinicaraizes.com.br\/loja\/wp-json\/wp\/v2\/comments?post=1751"}],"wp:featuredmedia":[{"embeddable":true,"href":"https:\/\/clinicaraizes.com.br\/loja\/wp-json\/wp\/v2\/media\/1260"}],"wp:attachment":[{"href":"https:\/\/clinicaraizes.com.br\/loja\/wp-json\/wp\/v2\/media?parent=1751"}],"wp:term":[{"taxonomy":"product_brand","embeddable":true,"href":"https:\/\/clinicaraizes.com.br\/loja\/wp-json\/wp\/v2\/product_brand?post=1751"},{"taxonomy":"product_cat","embeddable":true,"href":"https:\/\/clinicaraizes.com.br\/loja\/wp-json\/wp\/v2\/product_cat?post=1751"},{"taxonomy":"product_tag","embeddable":true,"href":"https:\/\/clinicaraizes.com.br\/loja\/wp-json\/wp\/v2\/product_tag?post=1751"}],"curies":[{"name":"wp","href":"https:\/\/api.w.org\/{rel}","templated":true}]}}