{"id":1739,"date":"2021-10-04T16:47:19","date_gmt":"2021-10-04T19:47:19","guid":{"rendered":"https:\/\/clinicaraizes.com.br\/loja\/?post_type=product&#038;p=1739"},"modified":"2026-04-23T18:57:40","modified_gmt":"2026-04-23T21:57:40","slug":"massagem-pedras-quentes-55-copia","status":"publish","type":"product","link":"https:\/\/clinicaraizes.com.br\/loja\/shop\/massagem\/pedras-quentes\/massagem-pedras-quentes-55-copia\/","title":{"rendered":"Massagem Pedras Quentes &#8211; 50 minutos"},"content":{"rendered":"<p><strong>Massagem Pedras Quentes<\/strong><\/p>\n<p>Dura\u00e7\u00e3o: 50 minutos<\/p>\n<p>Se voc\u00ea procura relaxamento, serenidade, calma e um momento s\u00f3 seu, a <strong>Massagem com Pedras Quentes \u00e9 para voc\u00ea!<\/strong><\/p>\n<p>Esta <a href=\"https:\/\/clinicaraizes.com.br\/spa\/tipos-de-massagem\/massagem-relaxantes\/terapia-pedras-quentes\/\">Massagem\u00a0\u00e9 perfeita<\/a> para <strong>relaxar a musculatura, aliviar a dor e trazer bem estar<\/strong>, pois \u00e9 uma integra\u00e7\u00e3o entre a massoterapia e a termoterapia (terapia pelo calor).<\/p>\n<p>Em nossos Bangal\u00f4s externos, climatizados e com m\u00fasica ambiente,\u00a0 a terapeuta realiza\u00a0 uma suave massagem com a pedra aquecida deixando-a na pele durante alguns minutos, em pontos espec\u00edficos do corpo.<\/p>\n<p><strong>As principais Indica\u00e7\u00f5es:<\/strong><\/p>\n<ul>\n<li>Aliviar o stress;<\/li>\n<li>Aliviar Dores musculares e articulares;<\/li>\n<li>Promover relaxamento e bem-estar;<\/li>\n<li>Auxilia nos casos de ins\u00f4nia;<\/li>\n<li>Reduz estados depressivos.<\/li>\n<\/ul>\n<p>Depois de receber a Massagem, voc\u00ea se sentir\u00e1 recarregado energeticamente, o que aumentar\u00e1 a capacidade para trabalhar mais e melhor, e por per\u00edodos mais prolongados.<\/p>\n","protected":false},"excerpt":{"rendered":"<p>Dura\u00e7\u00e3o: 55 minutos<\/p>\n<p>Esta Massagem\u00a0\u00e9 perfeita para <strong>relaxar a musculatura, aliviar a dor e trazer bem estar<\/strong>, pois \u00e9 uma integra\u00e7\u00e3o entre a massoterapia e a termoterapia (terapia pelo calor).<\/p>\n","protected":false},"featured_media":1737,"comment_status":"open","ping_status":"closed","template":"","meta":{"bwfblock_default_font":""},"product_brand":[],"product_cat":[97,292],"product_tag":[155,178,186,179,187,169,215],"class_list":{"0":"post-1739","1":"product","2":"type-product","3":"status-publish","4":"has-post-thumbnail","6":"product_cat-pedras-quentes","7":"product_cat-vale-presente","8":"product_tag-bem-estar","9":"product_tag-day-spa","10":"product_tag-massagem-pedras-quentes","11":"product_tag-massagem-tatuape","12":"product_tag-spa-tatuape","13":"product_tag-spa-urbano","14":"product_tag-vale-presente","16":"first","17":"instock","18":"virtual","19":"purchasable","20":"product-type-simple"},"yoast_head":"<!-- This site is optimized with the Yoast SEO plugin v27.4 - https:\/\/yoast.com\/product\/yoast-seo-wordpress\/ -->\n<title>Massagem Pedras Quentes - 50 minutos - Cl\u00ednica Ra\u00edzes<\/title>\n<meta name=\"description\" content=\"Se voc\u00ea procura relaxamento, serenidade, calma e um momento s\u00f3 seu, a Massagem com Pedras Quentes \u00e9 para voc\u00ea! Agende (11) 2294-7070\" \/>\n<meta name=\"robots\" content=\"index, follow, max-snippet:-1, max-image-preview:large, max-video-preview:-1\" \/>\n<link rel=\"canonical\" href=\"https:\/\/clinicaraizes.com.br\/loja\/shop\/massagem\/pedras-quentes\/massagem-pedras-quentes-55-copia\/\" \/>\n<meta property=\"og:locale\" content=\"pt_BR\" \/>\n<meta property=\"og:type\" content=\"article\" \/>\n<meta property=\"og:title\" content=\"Massagem Pedras Quentes - 50 minutos - Cl\u00ednica Ra\u00edzes\" \/>\n<meta property=\"og:description\" content=\"Se voc\u00ea procura relaxamento, serenidade, calma e um momento s\u00f3 seu, a Massagem com Pedras Quentes \u00e9 para voc\u00ea! Agende (11) 2294-7070\" \/>\n<meta property=\"og:url\" content=\"https:\/\/clinicaraizes.com.br\/loja\/shop\/massagem\/pedras-quentes\/massagem-pedras-quentes-55-copia\/\" \/>\n<meta property=\"og:site_name\" content=\"Cl\u00ednica Ra\u00edzes\" \/>\n<meta property=\"article:publisher\" content=\"https:\/\/www.facebook.com\/clinicaraizes\" \/>\n<meta property=\"article:modified_time\" content=\"2026-04-23T21:57:40+00:00\" \/>\n<meta property=\"og:image\" content=\"https:\/\/clinicaraizes.com.br\/loja\/wp-content\/uploads\/2021\/03\/Pedras-Quentes.jpg\" \/>\n\t<meta property=\"og:image:width\" content=\"600\" \/>\n\t<meta property=\"og:image:height\" content=\"600\" \/>\n\t<meta property=\"og:image:type\" content=\"image\/jpeg\" \/>\n<meta name=\"twitter:card\" content=\"summary_large_image\" \/>\n<meta name=\"twitter:label1\" content=\"Est. tempo de leitura\" \/>\n\t<meta name=\"twitter:data1\" content=\"1 minuto\" \/>\n<script type=\"application\/ld+json\" class=\"yoast-schema-graph\">{\"@context\":\"https:\\\/\\\/schema.org\",\"@graph\":[{\"@type\":\"WebPage\",\"@id\":\"https:\\\/\\\/clinicaraizes.com.br\\\/loja\\\/shop\\\/massagem\\\/pedras-quentes\\\/massagem-pedras-quentes-55-copia\\\/\",\"url\":\"https:\\\/\\\/clinicaraizes.com.br\\\/loja\\\/shop\\\/massagem\\\/pedras-quentes\\\/massagem-pedras-quentes-55-copia\\\/\",\"name\":\"Massagem Pedras Quentes - 50 minutos - Cl\u00ednica Ra\u00edzes\",\"isPartOf\":{\"@id\":\"https:\\\/\\\/clinicaraizes.com.br\\\/loja\\\/#website\"},\"primaryImageOfPage\":{\"@id\":\"https:\\\/\\\/clinicaraizes.com.br\\\/loja\\\/shop\\\/massagem\\\/pedras-quentes\\\/massagem-pedras-quentes-55-copia\\\/#primaryimage\"},\"image\":{\"@id\":\"https:\\\/\\\/clinicaraizes.com.br\\\/loja\\\/shop\\\/massagem\\\/pedras-quentes\\\/massagem-pedras-quentes-55-copia\\\/#primaryimage\"},\"thumbnailUrl\":\"https:\\\/\\\/clinicaraizes.com.br\\\/loja\\\/wp-content\\\/uploads\\\/2021\\\/03\\\/Pedras-Quentes.jpg\",\"datePublished\":\"2021-10-04T19:47:19+00:00\",\"dateModified\":\"2026-04-23T21:57:40+00:00\",\"description\":\"Se voc\u00ea procura relaxamento, serenidade, calma e um momento s\u00f3 seu, a Massagem com Pedras Quentes \u00e9 para voc\u00ea! Agende (11) 2294-7070\",\"breadcrumb\":{\"@id\":\"https:\\\/\\\/clinicaraizes.com.br\\\/loja\\\/shop\\\/massagem\\\/pedras-quentes\\\/massagem-pedras-quentes-55-copia\\\/#breadcrumb\"},\"inLanguage\":\"pt-BR\",\"potentialAction\":[{\"@type\":\"ReadAction\",\"target\":[\"https:\\\/\\\/clinicaraizes.com.br\\\/loja\\\/shop\\\/massagem\\\/pedras-quentes\\\/massagem-pedras-quentes-55-copia\\\/\"]}]},{\"@type\":\"ImageObject\",\"inLanguage\":\"pt-BR\",\"@id\":\"https:\\\/\\\/clinicaraizes.com.br\\\/loja\\\/shop\\\/massagem\\\/pedras-quentes\\\/massagem-pedras-quentes-55-copia\\\/#primaryimage\",\"url\":\"https:\\\/\\\/clinicaraizes.com.br\\\/loja\\\/wp-content\\\/uploads\\\/2021\\\/03\\\/Pedras-Quentes.jpg\",\"contentUrl\":\"https:\\\/\\\/clinicaraizes.com.br\\\/loja\\\/wp-content\\\/uploads\\\/2021\\\/03\\\/Pedras-Quentes.jpg\",\"width\":600,\"height\":600},{\"@type\":\"BreadcrumbList\",\"@id\":\"https:\\\/\\\/clinicaraizes.com.br\\\/loja\\\/shop\\\/massagem\\\/pedras-quentes\\\/massagem-pedras-quentes-55-copia\\\/#breadcrumb\",\"itemListElement\":[{\"@type\":\"ListItem\",\"position\":1,\"name\":\"In\u00edcio\",\"item\":\"https:\\\/\\\/clinicaraizes.com.br\\\/loja\\\/\"},{\"@type\":\"ListItem\",\"position\":2,\"name\":\"Shop\",\"item\":\"https:\\\/\\\/clinicaraizes.com.br\\\/loja\\\/shop\\\/\"},{\"@type\":\"ListItem\",\"position\":3,\"name\":\"Massagem Pedras Quentes &#8211; 50 minutos\"}]},{\"@type\":\"WebSite\",\"@id\":\"https:\\\/\\\/clinicaraizes.com.br\\\/loja\\\/#website\",\"url\":\"https:\\\/\\\/clinicaraizes.com.br\\\/loja\\\/\",\"name\":\"Cl\u00ednica Ra\u00edzes\",\"description\":\"Dicas &amp; Tutoriais de Beleza e Bem Estar\",\"publisher\":{\"@id\":\"https:\\\/\\\/clinicaraizes.com.br\\\/loja\\\/#organization\"},\"potentialAction\":[{\"@type\":\"SearchAction\",\"target\":{\"@type\":\"EntryPoint\",\"urlTemplate\":\"https:\\\/\\\/clinicaraizes.com.br\\\/loja\\\/?s={search_term_string}\"},\"query-input\":{\"@type\":\"PropertyValueSpecification\",\"valueRequired\":true,\"valueName\":\"search_term_string\"}}],\"inLanguage\":\"pt-BR\"},{\"@type\":\"Organization\",\"@id\":\"https:\\\/\\\/clinicaraizes.com.br\\\/loja\\\/#organization\",\"name\":\"Cl\u00ednica Ra\u00edzes\",\"url\":\"https:\\\/\\\/clinicaraizes.com.br\\\/loja\\\/\",\"logo\":{\"@type\":\"ImageObject\",\"inLanguage\":\"pt-BR\",\"@id\":\"https:\\\/\\\/clinicaraizes.com.br\\\/loja\\\/#\\\/schema\\\/logo\\\/image\\\/\",\"url\":\"https:\\\/\\\/clinicaraizes.com.br\\\/loja\\\/wp-content\\\/uploads\\\/2019\\\/03\\\/logo-raizes.png\",\"contentUrl\":\"https:\\\/\\\/clinicaraizes.com.br\\\/loja\\\/wp-content\\\/uploads\\\/2019\\\/03\\\/logo-raizes.png\",\"width\":480,\"height\":180,\"caption\":\"Cl\u00ednica Ra\u00edzes\"},\"image\":{\"@id\":\"https:\\\/\\\/clinicaraizes.com.br\\\/loja\\\/#\\\/schema\\\/logo\\\/image\\\/\"},\"sameAs\":[\"https:\\\/\\\/www.facebook.com\\\/clinicaraizes\",\"https:\\\/\\\/www.instagram.com\\\/clinicaraizes\"]}]}<\/script>\n<!-- \/ Yoast SEO plugin. -->","yoast_head_json":{"title":"Massagem Pedras Quentes - 50 minutos - Cl\u00ednica Ra\u00edzes","description":"Se voc\u00ea procura relaxamento, serenidade, calma e um momento s\u00f3 seu, a Massagem com Pedras Quentes \u00e9 para voc\u00ea! Agende (11) 2294-7070","robots":{"index":"index","follow":"follow","max-snippet":"max-snippet:-1","max-image-preview":"max-image-preview:large","max-video-preview":"max-video-preview:-1"},"canonical":"https:\/\/clinicaraizes.com.br\/loja\/shop\/massagem\/pedras-quentes\/massagem-pedras-quentes-55-copia\/","og_locale":"pt_BR","og_type":"article","og_title":"Massagem Pedras Quentes - 50 minutos - Cl\u00ednica Ra\u00edzes","og_description":"Se voc\u00ea procura relaxamento, serenidade, calma e um momento s\u00f3 seu, a Massagem com Pedras Quentes \u00e9 para voc\u00ea! Agende (11) 2294-7070","og_url":"https:\/\/clinicaraizes.com.br\/loja\/shop\/massagem\/pedras-quentes\/massagem-pedras-quentes-55-copia\/","og_site_name":"Cl\u00ednica Ra\u00edzes","article_publisher":"https:\/\/www.facebook.com\/clinicaraizes","article_modified_time":"2026-04-23T21:57:40+00:00","og_image":[{"width":600,"height":600,"url":"https:\/\/clinicaraizes.com.br\/loja\/wp-content\/uploads\/2021\/03\/Pedras-Quentes.jpg","type":"image\/jpeg"}],"twitter_card":"summary_large_image","twitter_misc":{"Est. tempo de leitura":"1 minuto"},"schema":{"@context":"https:\/\/schema.org","@graph":[{"@type":"WebPage","@id":"https:\/\/clinicaraizes.com.br\/loja\/shop\/massagem\/pedras-quentes\/massagem-pedras-quentes-55-copia\/","url":"https:\/\/clinicaraizes.com.br\/loja\/shop\/massagem\/pedras-quentes\/massagem-pedras-quentes-55-copia\/","name":"Massagem Pedras Quentes - 50 minutos - Cl\u00ednica Ra\u00edzes","isPartOf":{"@id":"https:\/\/clinicaraizes.com.br\/loja\/#website"},"primaryImageOfPage":{"@id":"https:\/\/clinicaraizes.com.br\/loja\/shop\/massagem\/pedras-quentes\/massagem-pedras-quentes-55-copia\/#primaryimage"},"image":{"@id":"https:\/\/clinicaraizes.com.br\/loja\/shop\/massagem\/pedras-quentes\/massagem-pedras-quentes-55-copia\/#primaryimage"},"thumbnailUrl":"https:\/\/clinicaraizes.com.br\/loja\/wp-content\/uploads\/2021\/03\/Pedras-Quentes.jpg","datePublished":"2021-10-04T19:47:19+00:00","dateModified":"2026-04-23T21:57:40+00:00","description":"Se voc\u00ea procura relaxamento, serenidade, calma e um momento s\u00f3 seu, a Massagem com Pedras Quentes \u00e9 para voc\u00ea! Agende (11) 2294-7070","breadcrumb":{"@id":"https:\/\/clinicaraizes.com.br\/loja\/shop\/massagem\/pedras-quentes\/massagem-pedras-quentes-55-copia\/#breadcrumb"},"inLanguage":"pt-BR","potentialAction":[{"@type":"ReadAction","target":["https:\/\/clinicaraizes.com.br\/loja\/shop\/massagem\/pedras-quentes\/massagem-pedras-quentes-55-copia\/"]}]},{"@type":"ImageObject","inLanguage":"pt-BR","@id":"https:\/\/clinicaraizes.com.br\/loja\/shop\/massagem\/pedras-quentes\/massagem-pedras-quentes-55-copia\/#primaryimage","url":"https:\/\/clinicaraizes.com.br\/loja\/wp-content\/uploads\/2021\/03\/Pedras-Quentes.jpg","contentUrl":"https:\/\/clinicaraizes.com.br\/loja\/wp-content\/uploads\/2021\/03\/Pedras-Quentes.jpg","width":600,"height":600},{"@type":"BreadcrumbList","@id":"https:\/\/clinicaraizes.com.br\/loja\/shop\/massagem\/pedras-quentes\/massagem-pedras-quentes-55-copia\/#breadcrumb","itemListElement":[{"@type":"ListItem","position":1,"name":"In\u00edcio","item":"https:\/\/clinicaraizes.com.br\/loja\/"},{"@type":"ListItem","position":2,"name":"Shop","item":"https:\/\/clinicaraizes.com.br\/loja\/shop\/"},{"@type":"ListItem","position":3,"name":"Massagem Pedras Quentes &#8211; 50 minutos"}]},{"@type":"WebSite","@id":"https:\/\/clinicaraizes.com.br\/loja\/#website","url":"https:\/\/clinicaraizes.com.br\/loja\/","name":"Cl\u00ednica Ra\u00edzes","description":"Dicas &amp; Tutoriais de Beleza e Bem Estar","publisher":{"@id":"https:\/\/clinicaraizes.com.br\/loja\/#organization"},"potentialAction":[{"@type":"SearchAction","target":{"@type":"EntryPoint","urlTemplate":"https:\/\/clinicaraizes.com.br\/loja\/?s={search_term_string}"},"query-input":{"@type":"PropertyValueSpecification","valueRequired":true,"valueName":"search_term_string"}}],"inLanguage":"pt-BR"},{"@type":"Organization","@id":"https:\/\/clinicaraizes.com.br\/loja\/#organization","name":"Cl\u00ednica Ra\u00edzes","url":"https:\/\/clinicaraizes.com.br\/loja\/","logo":{"@type":"ImageObject","inLanguage":"pt-BR","@id":"https:\/\/clinicaraizes.com.br\/loja\/#\/schema\/logo\/image\/","url":"https:\/\/clinicaraizes.com.br\/loja\/wp-content\/uploads\/2019\/03\/logo-raizes.png","contentUrl":"https:\/\/clinicaraizes.com.br\/loja\/wp-content\/uploads\/2019\/03\/logo-raizes.png","width":480,"height":180,"caption":"Cl\u00ednica Ra\u00edzes"},"image":{"@id":"https:\/\/clinicaraizes.com.br\/loja\/#\/schema\/logo\/image\/"},"sameAs":["https:\/\/www.facebook.com\/clinicaraizes","https:\/\/www.instagram.com\/clinicaraizes"]}]}},"jetpack_sharing_enabled":true,"_links":{"self":[{"href":"https:\/\/clinicaraizes.com.br\/loja\/wp-json\/wp\/v2\/product\/1739","targetHints":{"allow":["GET"]}}],"collection":[{"href":"https:\/\/clinicaraizes.com.br\/loja\/wp-json\/wp\/v2\/product"}],"about":[{"href":"https:\/\/clinicaraizes.com.br\/loja\/wp-json\/wp\/v2\/types\/product"}],"replies":[{"embeddable":true,"href":"https:\/\/clinicaraizes.com.br\/loja\/wp-json\/wp\/v2\/comments?post=1739"}],"wp:featuredmedia":[{"embeddable":true,"href":"https:\/\/clinicaraizes.com.br\/loja\/wp-json\/wp\/v2\/media\/1737"}],"wp:attachment":[{"href":"https:\/\/clinicaraizes.com.br\/loja\/wp-json\/wp\/v2\/media?parent=1739"}],"wp:term":[{"taxonomy":"product_brand","embeddable":true,"href":"https:\/\/clinicaraizes.com.br\/loja\/wp-json\/wp\/v2\/product_brand?post=1739"},{"taxonomy":"product_cat","embeddable":true,"href":"https:\/\/clinicaraizes.com.br\/loja\/wp-json\/wp\/v2\/product_cat?post=1739"},{"taxonomy":"product_tag","embeddable":true,"href":"https:\/\/clinicaraizes.com.br\/loja\/wp-json\/wp\/v2\/product_tag?post=1739"}],"curies":[{"name":"wp","href":"https:\/\/api.w.org\/{rel}","templated":true}]}}