{"id":1453,"date":"2021-10-04T16:35:42","date_gmt":"2021-10-04T19:35:42","guid":{"rendered":"https:\/\/clinicaraizes.com.br\/loja\/?post_type=product&#038;p=1453"},"modified":"2026-04-23T19:03:10","modified_gmt":"2026-04-23T22:03:10","slug":"massagem-relaxante-50-minutos","status":"publish","type":"product","link":"https:\/\/clinicaraizes.com.br\/loja\/shop\/massagem\/relaxante\/massagem-relaxante-50-minutos\/","title":{"rendered":"Massagem Relaxante &#8211; 50 minutos"},"content":{"rendered":"<p><strong>Massagem Relaxante<\/strong><\/p>\n<p><strong>Dura\u00e7\u00e3o:<\/strong> 50 minutos<\/p>\n<p>A Massagem Relaxante \u00e9 uma t\u00e9cnica aplicada com movimentos suaves utilizando apenas as m\u00e3os na musculatura do corpo. Durante o procedimento s\u00e3o utilizados \u00f3leos vegetais que auxiliam a execu\u00e7\u00e3o dos movimentos sempre cont\u00ednuos, mantendo um ritmo espec\u00edfico para estimular a produ\u00e7\u00e3o de horm\u00f4nios respons\u00e1veis pelo relaxamento.<\/p>\n<p>Conhe\u00e7a os benef\u00edcios <a href=\"https:\/\/clinicaraizes.com.br\/spa\/tipos-de-massagem\/massagem-relaxantes\/massagem-relaxante\/\">desta Massagem<\/a>:<\/p>\n<ol>\n<li>Reduz a tens\u00e3o e dor muscular;<\/li>\n<li>Elimina toxinas e res\u00edduos metab\u00f3licos;<\/li>\n<li>Combate o estresse e reduz a ansiedade;<\/li>\n<li>Combate a depress\u00e3o, pois promove a sensa\u00e7\u00e3o de bem estar;<\/li>\n<li>Hidrata a pele diminuindo o envelhecimento precoce;<\/li>\n<li>Estimula a circula\u00e7\u00e3o sangu\u00ednea e linf\u00e1tica;<\/li>\n<li>Melhora da resposta imunol\u00f3gica.<\/li>\n<\/ol>\n<p>Os seus benef\u00edcios podem ser observados ainda durante a massagem, por\u00e9m, os seus benef\u00edcios para a sa\u00fade s\u00e3o ainda mais evidentes,\u00a0quando se cria o h\u00e1bito de receber\u00a0massagens, pelo menos, 1 vez por semana.<\/p>\n<p>Nossa Massagem Relaxante \u00e9 realizada em <a href=\"https:\/\/clinicaraizes.com.br\/spa\/bem-estar\/\">bangal\u00f4s externos<\/a>, climatizados e com m\u00fasica ambiente para seu completo relaxamento.<\/p>\n","protected":false},"excerpt":{"rendered":"<p><strong>Dura\u00e7\u00e3o:<\/strong> 30 minutos ou 50 minutos<\/p>\n<p>A Massagem Relaxante \u00e9 uma troca de energias em que, atrav\u00e9s de t\u00e9cnicas de deslizamento, fric\u00e7\u00e3o e amassamento, se trabalha o sistema circulat\u00f3rio, linf\u00e1tico, nervoso e energ\u00e9tico, que proporcionam a descontra\u00e7\u00e3o do corpo e da mente, combatendo a fadiga f\u00edsica e mental.<\/p>\n","protected":false},"featured_media":1465,"comment_status":"open","ping_status":"closed","template":"","meta":{"bwfblock_default_font":""},"product_brand":[],"product_cat":[94,99,244,292],"product_tag":[192,178,173,167,179],"class_list":{"0":"post-1453","1":"product","2":"type-product","3":"status-publish","4":"has-post-thumbnail","6":"product_cat-massagem","7":"product_cat-relaxante","8":"product_cat-sugestoes-do-mes","9":"product_cat-vale-presente","10":"product_tag-bangalo-tatuape","11":"product_tag-day-spa","12":"product_tag-day-spa-tatuape","13":"product_tag-massagem-relaxante","14":"product_tag-massagem-tatuape","16":"first","17":"instock","18":"virtual","19":"purchasable","20":"product-type-simple"},"yoast_head":"<!-- This site is optimized with the Yoast SEO plugin v27.4 - https:\/\/yoast.com\/product\/yoast-seo-wordpress\/ -->\n<title>Massagem Relaxante - 50 minutos Bangal\u00f4s Tatuap\u00e9 - Cl\u00ednica Ra\u00edzes<\/title>\n<meta name=\"description\" content=\"A Massagem Relaxante inclui t\u00e9cnicas de deslizamento, fric\u00e7\u00e3o e amassamento, excelente para combater a fadiga f\u00edsica e mental.\" \/>\n<meta name=\"robots\" content=\"index, follow, max-snippet:-1, max-image-preview:large, max-video-preview:-1\" \/>\n<link rel=\"canonical\" href=\"https:\/\/clinicaraizes.com.br\/loja\/shop\/massagem\/relaxante\/massagem-relaxante-50-minutos\/\" \/>\n<meta property=\"og:locale\" content=\"pt_BR\" \/>\n<meta property=\"og:type\" content=\"article\" \/>\n<meta property=\"og:title\" content=\"Massagem Relaxante - 50 minutos Bangal\u00f4s Tatuap\u00e9 - Cl\u00ednica Ra\u00edzes\" \/>\n<meta property=\"og:description\" content=\"A Massagem Relaxante inclui t\u00e9cnicas de deslizamento, fric\u00e7\u00e3o e amassamento, excelente para combater a fadiga f\u00edsica e mental.\" \/>\n<meta property=\"og:url\" content=\"https:\/\/clinicaraizes.com.br\/loja\/shop\/massagem\/relaxante\/massagem-relaxante-50-minutos\/\" \/>\n<meta property=\"og:site_name\" content=\"Cl\u00ednica Ra\u00edzes\" \/>\n<meta property=\"article:publisher\" content=\"https:\/\/www.facebook.com\/clinicaraizes\" \/>\n<meta property=\"article:modified_time\" content=\"2026-04-23T22:03:10+00:00\" \/>\n<meta property=\"og:image\" content=\"https:\/\/clinicaraizes.com.br\/loja\/wp-content\/uploads\/2020\/11\/Massagem-relaxante-50-cc.jpg\" \/>\n\t<meta property=\"og:image:width\" content=\"1080\" \/>\n\t<meta property=\"og:image:height\" content=\"1080\" \/>\n\t<meta property=\"og:image:type\" content=\"image\/jpeg\" \/>\n<meta name=\"twitter:card\" content=\"summary_large_image\" \/>\n<meta name=\"twitter:label1\" content=\"Est. tempo de leitura\" \/>\n\t<meta name=\"twitter:data1\" content=\"2 minutos\" \/>\n<script type=\"application\/ld+json\" class=\"yoast-schema-graph\">{\"@context\":\"https:\\\/\\\/schema.org\",\"@graph\":[{\"@type\":\"WebPage\",\"@id\":\"https:\\\/\\\/clinicaraizes.com.br\\\/loja\\\/shop\\\/massagem\\\/relaxante\\\/massagem-relaxante-50-minutos\\\/\",\"url\":\"https:\\\/\\\/clinicaraizes.com.br\\\/loja\\\/shop\\\/massagem\\\/relaxante\\\/massagem-relaxante-50-minutos\\\/\",\"name\":\"Massagem Relaxante - 50 minutos Bangal\u00f4s Tatuap\u00e9 - Cl\u00ednica Ra\u00edzes\",\"isPartOf\":{\"@id\":\"https:\\\/\\\/clinicaraizes.com.br\\\/loja\\\/#website\"},\"primaryImageOfPage\":{\"@id\":\"https:\\\/\\\/clinicaraizes.com.br\\\/loja\\\/shop\\\/massagem\\\/relaxante\\\/massagem-relaxante-50-minutos\\\/#primaryimage\"},\"image\":{\"@id\":\"https:\\\/\\\/clinicaraizes.com.br\\\/loja\\\/shop\\\/massagem\\\/relaxante\\\/massagem-relaxante-50-minutos\\\/#primaryimage\"},\"thumbnailUrl\":\"https:\\\/\\\/clinicaraizes.com.br\\\/loja\\\/wp-content\\\/uploads\\\/2020\\\/11\\\/Massagem-relaxante-50-cc.jpg\",\"datePublished\":\"2021-10-04T19:35:42+00:00\",\"dateModified\":\"2026-04-23T22:03:10+00:00\",\"description\":\"A Massagem Relaxante inclui t\u00e9cnicas de deslizamento, fric\u00e7\u00e3o e amassamento, excelente para combater a fadiga f\u00edsica e mental.\",\"breadcrumb\":{\"@id\":\"https:\\\/\\\/clinicaraizes.com.br\\\/loja\\\/shop\\\/massagem\\\/relaxante\\\/massagem-relaxante-50-minutos\\\/#breadcrumb\"},\"inLanguage\":\"pt-BR\",\"potentialAction\":[{\"@type\":\"ReadAction\",\"target\":[\"https:\\\/\\\/clinicaraizes.com.br\\\/loja\\\/shop\\\/massagem\\\/relaxante\\\/massagem-relaxante-50-minutos\\\/\"]}]},{\"@type\":\"ImageObject\",\"inLanguage\":\"pt-BR\",\"@id\":\"https:\\\/\\\/clinicaraizes.com.br\\\/loja\\\/shop\\\/massagem\\\/relaxante\\\/massagem-relaxante-50-minutos\\\/#primaryimage\",\"url\":\"https:\\\/\\\/clinicaraizes.com.br\\\/loja\\\/wp-content\\\/uploads\\\/2020\\\/11\\\/Massagem-relaxante-50-cc.jpg\",\"contentUrl\":\"https:\\\/\\\/clinicaraizes.com.br\\\/loja\\\/wp-content\\\/uploads\\\/2020\\\/11\\\/Massagem-relaxante-50-cc.jpg\",\"width\":1080,\"height\":1080},{\"@type\":\"BreadcrumbList\",\"@id\":\"https:\\\/\\\/clinicaraizes.com.br\\\/loja\\\/shop\\\/massagem\\\/relaxante\\\/massagem-relaxante-50-minutos\\\/#breadcrumb\",\"itemListElement\":[{\"@type\":\"ListItem\",\"position\":1,\"name\":\"In\u00edcio\",\"item\":\"https:\\\/\\\/clinicaraizes.com.br\\\/loja\\\/\"},{\"@type\":\"ListItem\",\"position\":2,\"name\":\"Shop\",\"item\":\"https:\\\/\\\/clinicaraizes.com.br\\\/loja\\\/shop\\\/\"},{\"@type\":\"ListItem\",\"position\":3,\"name\":\"Massagem Relaxante &#8211; 50 minutos\"}]},{\"@type\":\"WebSite\",\"@id\":\"https:\\\/\\\/clinicaraizes.com.br\\\/loja\\\/#website\",\"url\":\"https:\\\/\\\/clinicaraizes.com.br\\\/loja\\\/\",\"name\":\"Cl\u00ednica Ra\u00edzes\",\"description\":\"Dicas &amp; Tutoriais de Beleza e Bem Estar\",\"publisher\":{\"@id\":\"https:\\\/\\\/clinicaraizes.com.br\\\/loja\\\/#organization\"},\"potentialAction\":[{\"@type\":\"SearchAction\",\"target\":{\"@type\":\"EntryPoint\",\"urlTemplate\":\"https:\\\/\\\/clinicaraizes.com.br\\\/loja\\\/?s={search_term_string}\"},\"query-input\":{\"@type\":\"PropertyValueSpecification\",\"valueRequired\":true,\"valueName\":\"search_term_string\"}}],\"inLanguage\":\"pt-BR\"},{\"@type\":\"Organization\",\"@id\":\"https:\\\/\\\/clinicaraizes.com.br\\\/loja\\\/#organization\",\"name\":\"Cl\u00ednica Ra\u00edzes\",\"url\":\"https:\\\/\\\/clinicaraizes.com.br\\\/loja\\\/\",\"logo\":{\"@type\":\"ImageObject\",\"inLanguage\":\"pt-BR\",\"@id\":\"https:\\\/\\\/clinicaraizes.com.br\\\/loja\\\/#\\\/schema\\\/logo\\\/image\\\/\",\"url\":\"https:\\\/\\\/clinicaraizes.com.br\\\/loja\\\/wp-content\\\/uploads\\\/2019\\\/03\\\/logo-raizes.png\",\"contentUrl\":\"https:\\\/\\\/clinicaraizes.com.br\\\/loja\\\/wp-content\\\/uploads\\\/2019\\\/03\\\/logo-raizes.png\",\"width\":480,\"height\":180,\"caption\":\"Cl\u00ednica Ra\u00edzes\"},\"image\":{\"@id\":\"https:\\\/\\\/clinicaraizes.com.br\\\/loja\\\/#\\\/schema\\\/logo\\\/image\\\/\"},\"sameAs\":[\"https:\\\/\\\/www.facebook.com\\\/clinicaraizes\",\"https:\\\/\\\/www.instagram.com\\\/clinicaraizes\"]}]}<\/script>\n<!-- \/ Yoast SEO plugin. -->","yoast_head_json":{"title":"Massagem Relaxante - 50 minutos Bangal\u00f4s Tatuap\u00e9 - Cl\u00ednica Ra\u00edzes","description":"A Massagem Relaxante inclui t\u00e9cnicas de deslizamento, fric\u00e7\u00e3o e amassamento, excelente para combater a fadiga f\u00edsica e mental.","robots":{"index":"index","follow":"follow","max-snippet":"max-snippet:-1","max-image-preview":"max-image-preview:large","max-video-preview":"max-video-preview:-1"},"canonical":"https:\/\/clinicaraizes.com.br\/loja\/shop\/massagem\/relaxante\/massagem-relaxante-50-minutos\/","og_locale":"pt_BR","og_type":"article","og_title":"Massagem Relaxante - 50 minutos Bangal\u00f4s Tatuap\u00e9 - Cl\u00ednica Ra\u00edzes","og_description":"A Massagem Relaxante inclui t\u00e9cnicas de deslizamento, fric\u00e7\u00e3o e amassamento, excelente para combater a fadiga f\u00edsica e mental.","og_url":"https:\/\/clinicaraizes.com.br\/loja\/shop\/massagem\/relaxante\/massagem-relaxante-50-minutos\/","og_site_name":"Cl\u00ednica Ra\u00edzes","article_publisher":"https:\/\/www.facebook.com\/clinicaraizes","article_modified_time":"2026-04-23T22:03:10+00:00","og_image":[{"width":1080,"height":1080,"url":"https:\/\/clinicaraizes.com.br\/loja\/wp-content\/uploads\/2020\/11\/Massagem-relaxante-50-cc.jpg","type":"image\/jpeg"}],"twitter_card":"summary_large_image","twitter_misc":{"Est. tempo de leitura":"2 minutos"},"schema":{"@context":"https:\/\/schema.org","@graph":[{"@type":"WebPage","@id":"https:\/\/clinicaraizes.com.br\/loja\/shop\/massagem\/relaxante\/massagem-relaxante-50-minutos\/","url":"https:\/\/clinicaraizes.com.br\/loja\/shop\/massagem\/relaxante\/massagem-relaxante-50-minutos\/","name":"Massagem Relaxante - 50 minutos Bangal\u00f4s Tatuap\u00e9 - Cl\u00ednica Ra\u00edzes","isPartOf":{"@id":"https:\/\/clinicaraizes.com.br\/loja\/#website"},"primaryImageOfPage":{"@id":"https:\/\/clinicaraizes.com.br\/loja\/shop\/massagem\/relaxante\/massagem-relaxante-50-minutos\/#primaryimage"},"image":{"@id":"https:\/\/clinicaraizes.com.br\/loja\/shop\/massagem\/relaxante\/massagem-relaxante-50-minutos\/#primaryimage"},"thumbnailUrl":"https:\/\/clinicaraizes.com.br\/loja\/wp-content\/uploads\/2020\/11\/Massagem-relaxante-50-cc.jpg","datePublished":"2021-10-04T19:35:42+00:00","dateModified":"2026-04-23T22:03:10+00:00","description":"A Massagem Relaxante inclui t\u00e9cnicas de deslizamento, fric\u00e7\u00e3o e amassamento, excelente para combater a fadiga f\u00edsica e mental.","breadcrumb":{"@id":"https:\/\/clinicaraizes.com.br\/loja\/shop\/massagem\/relaxante\/massagem-relaxante-50-minutos\/#breadcrumb"},"inLanguage":"pt-BR","potentialAction":[{"@type":"ReadAction","target":["https:\/\/clinicaraizes.com.br\/loja\/shop\/massagem\/relaxante\/massagem-relaxante-50-minutos\/"]}]},{"@type":"ImageObject","inLanguage":"pt-BR","@id":"https:\/\/clinicaraizes.com.br\/loja\/shop\/massagem\/relaxante\/massagem-relaxante-50-minutos\/#primaryimage","url":"https:\/\/clinicaraizes.com.br\/loja\/wp-content\/uploads\/2020\/11\/Massagem-relaxante-50-cc.jpg","contentUrl":"https:\/\/clinicaraizes.com.br\/loja\/wp-content\/uploads\/2020\/11\/Massagem-relaxante-50-cc.jpg","width":1080,"height":1080},{"@type":"BreadcrumbList","@id":"https:\/\/clinicaraizes.com.br\/loja\/shop\/massagem\/relaxante\/massagem-relaxante-50-minutos\/#breadcrumb","itemListElement":[{"@type":"ListItem","position":1,"name":"In\u00edcio","item":"https:\/\/clinicaraizes.com.br\/loja\/"},{"@type":"ListItem","position":2,"name":"Shop","item":"https:\/\/clinicaraizes.com.br\/loja\/shop\/"},{"@type":"ListItem","position":3,"name":"Massagem Relaxante &#8211; 50 minutos"}]},{"@type":"WebSite","@id":"https:\/\/clinicaraizes.com.br\/loja\/#website","url":"https:\/\/clinicaraizes.com.br\/loja\/","name":"Cl\u00ednica Ra\u00edzes","description":"Dicas &amp; Tutoriais de Beleza e Bem Estar","publisher":{"@id":"https:\/\/clinicaraizes.com.br\/loja\/#organization"},"potentialAction":[{"@type":"SearchAction","target":{"@type":"EntryPoint","urlTemplate":"https:\/\/clinicaraizes.com.br\/loja\/?s={search_term_string}"},"query-input":{"@type":"PropertyValueSpecification","valueRequired":true,"valueName":"search_term_string"}}],"inLanguage":"pt-BR"},{"@type":"Organization","@id":"https:\/\/clinicaraizes.com.br\/loja\/#organization","name":"Cl\u00ednica Ra\u00edzes","url":"https:\/\/clinicaraizes.com.br\/loja\/","logo":{"@type":"ImageObject","inLanguage":"pt-BR","@id":"https:\/\/clinicaraizes.com.br\/loja\/#\/schema\/logo\/image\/","url":"https:\/\/clinicaraizes.com.br\/loja\/wp-content\/uploads\/2019\/03\/logo-raizes.png","contentUrl":"https:\/\/clinicaraizes.com.br\/loja\/wp-content\/uploads\/2019\/03\/logo-raizes.png","width":480,"height":180,"caption":"Cl\u00ednica Ra\u00edzes"},"image":{"@id":"https:\/\/clinicaraizes.com.br\/loja\/#\/schema\/logo\/image\/"},"sameAs":["https:\/\/www.facebook.com\/clinicaraizes","https:\/\/www.instagram.com\/clinicaraizes"]}]}},"jetpack_sharing_enabled":true,"_links":{"self":[{"href":"https:\/\/clinicaraizes.com.br\/loja\/wp-json\/wp\/v2\/product\/1453","targetHints":{"allow":["GET"]}}],"collection":[{"href":"https:\/\/clinicaraizes.com.br\/loja\/wp-json\/wp\/v2\/product"}],"about":[{"href":"https:\/\/clinicaraizes.com.br\/loja\/wp-json\/wp\/v2\/types\/product"}],"replies":[{"embeddable":true,"href":"https:\/\/clinicaraizes.com.br\/loja\/wp-json\/wp\/v2\/comments?post=1453"}],"wp:featuredmedia":[{"embeddable":true,"href":"https:\/\/clinicaraizes.com.br\/loja\/wp-json\/wp\/v2\/media\/1465"}],"wp:attachment":[{"href":"https:\/\/clinicaraizes.com.br\/loja\/wp-json\/wp\/v2\/media?parent=1453"}],"wp:term":[{"taxonomy":"product_brand","embeddable":true,"href":"https:\/\/clinicaraizes.com.br\/loja\/wp-json\/wp\/v2\/product_brand?post=1453"},{"taxonomy":"product_cat","embeddable":true,"href":"https:\/\/clinicaraizes.com.br\/loja\/wp-json\/wp\/v2\/product_cat?post=1453"},{"taxonomy":"product_tag","embeddable":true,"href":"https:\/\/clinicaraizes.com.br\/loja\/wp-json\/wp\/v2\/product_tag?post=1453"}],"curies":[{"name":"wp","href":"https:\/\/api.w.org\/{rel}","templated":true}]}}