{"id":1349,"date":"2020-10-19T21:41:44","date_gmt":"2020-10-20T00:41:44","guid":{"rendered":"https:\/\/clinicaraizes.com.br\/loja\/?post_type=product&#038;p=1349"},"modified":"2026-04-23T19:05:57","modified_gmt":"2026-04-23T22:05:57","slug":"geoterapia-detox-vale-presente","status":"publish","type":"product","link":"https:\/\/clinicaraizes.com.br\/loja\/shop\/spa\/cuidados\/gelterapia-detox\/geoterapia-detox-vale-presente\/","title":{"rendered":"Geoterapia Detox"},"content":{"rendered":"<p>Geoterapia Detox<\/p>\n<p><strong>Dura\u00e7\u00e3o:<\/strong>\u00a050 minutos<\/p>\n<p>A Geoterapia Detox \u00e9 uma t\u00e9cnica de envolvimento corporal a base de produtos naturais. <span style=\"font-size: 14.4px\">Promove benef\u00edcios para o organismo como um todo.<\/span><\/p>\n<p>Este procedimento possui diversos benef\u00edcios, conhe\u00e7a alguns deles:<\/p>\n<ul>\n<li>Elimina toxinas;<\/li>\n<li>Possui subst\u00e2ncias cicatrizantes;<\/li>\n<li>Estimula a circula\u00e7\u00e3o sangu\u00ednea e linf\u00e1tica;<\/li>\n<li>Tem efeito calmante e destr\u00f3i bact\u00e9rias;<\/li>\n<li>Combate inflama\u00e7\u00e3o e edema;<\/li>\n<li>Melhora a apar\u00eancia est\u00e9tica da pele, devido sua a\u00e7\u00e3o regeneradora;<\/li>\n<li>Acelera a reprodu\u00e7\u00e3o de col\u00e1geno e elastina;<\/li>\n<li>Promove a quebra das mol\u00e9culas de gordura (lip\u00f3lise);<\/li>\n<li>Diminui a taxa de \u00e1gua acumulada nos adip\u00f3citos.<\/li>\n<\/ul>\n<p><a href=\"https:\/\/clinicaraizes.com.br\/spa\/cuidados\/geoterapia\/\">A Geoterapia<\/a> \u00e9 muito ben\u00e9fica para sa\u00fade devido as seguintes a\u00e7\u00f5es terap\u00eauticas que a argila medicinal parece apresentar: antiss\u00e9ptica, analg\u00e9sica, desintoxicante, mineralizante, equilibradora t\u00e9rmica e energ\u00e9tica, anti-inflamat\u00f3ria, bactericida e cicatrizante.<\/p>\n","protected":false},"excerpt":{"rendered":"<p><strong>Dura\u00e7\u00e3o:<\/strong>\u00a050 minutos<\/p>\n<p>A Geoterapia Detox \u00e9 uma t\u00e9cnica de envolvimento corporal a base de produtos naturais. <span style=\"font-size: 14.4px\">Promove benef\u00edcios para o organismo como um todo.<\/span><\/p>\n","protected":false},"featured_media":1252,"comment_status":"open","ping_status":"closed","template":"","meta":{"bwfblock_default_font":""},"product_brand":[],"product_cat":[110,112,292],"product_tag":[230,192,155,190,178,173,197,196,229,228,167,221,187,169],"class_list":{"0":"post-1349","1":"product","2":"type-product","3":"status-publish","4":"has-post-thumbnail","6":"product_cat-cuidados","7":"product_cat-gelterapia-detox","8":"product_cat-vale-presente","9":"product_tag-argiloterapia","10":"product_tag-bangalo-tatuape","11":"product_tag-bem-estar","12":"product_tag-cuidados-com-a-pele","13":"product_tag-day-spa","14":"product_tag-day-spa-tatuape","15":"product_tag-desinchar","16":"product_tag-eliminar-liquido","17":"product_tag-geoterapia","18":"product_tag-geoterapia-detox","19":"product_tag-massagem-relaxante","20":"product_tag-presentar","21":"product_tag-spa-tatuape","22":"product_tag-spa-urbano","24":"first","25":"instock","26":"virtual","27":"purchasable","28":"product-type-simple"},"yoast_head":"<!-- This site is optimized with the Yoast SEO plugin v27.4 - https:\/\/yoast.com\/product\/yoast-seo-wordpress\/ -->\n<title>Geoterapia Detox - Cl\u00ednica Ra\u00edzes | Spa Urbano tatuap\u00e9<\/title>\n<meta name=\"description\" content=\"A Geoterapia Detox \u00e9 uma t\u00e9cnica de envolvimento corporal a base de produtos naturais. Promove benef\u00edcios para o organismo como um todo.\" \/>\n<meta name=\"robots\" content=\"index, follow, max-snippet:-1, max-image-preview:large, max-video-preview:-1\" \/>\n<link rel=\"canonical\" href=\"https:\/\/clinicaraizes.com.br\/loja\/shop\/spa\/cuidados\/gelterapia-detox\/geoterapia-detox-vale-presente\/\" \/>\n<meta property=\"og:locale\" content=\"pt_BR\" \/>\n<meta property=\"og:type\" content=\"article\" \/>\n<meta property=\"og:title\" content=\"Geoterapia Detox - Cl\u00ednica Ra\u00edzes | Spa Urbano tatuap\u00e9\" \/>\n<meta property=\"og:description\" content=\"A Geoterapia Detox \u00e9 uma t\u00e9cnica de envolvimento corporal a base de produtos naturais. Promove benef\u00edcios para o organismo como um todo.\" \/>\n<meta property=\"og:url\" content=\"https:\/\/clinicaraizes.com.br\/loja\/shop\/spa\/cuidados\/gelterapia-detox\/geoterapia-detox-vale-presente\/\" \/>\n<meta property=\"og:site_name\" content=\"Cl\u00ednica Ra\u00edzes\" \/>\n<meta property=\"article:publisher\" content=\"https:\/\/www.facebook.com\/clinicaraizes\" \/>\n<meta property=\"article:modified_time\" content=\"2026-04-23T22:05:57+00:00\" \/>\n<meta property=\"og:image\" content=\"https:\/\/clinicaraizes.com.br\/loja\/wp-content\/uploads\/2020\/05\/Geoterapia-Detox.jpg\" \/>\n\t<meta property=\"og:image:width\" content=\"600\" \/>\n\t<meta property=\"og:image:height\" content=\"600\" \/>\n\t<meta property=\"og:image:type\" content=\"image\/jpeg\" \/>\n<meta name=\"twitter:card\" content=\"summary_large_image\" \/>\n<meta name=\"twitter:label1\" content=\"Est. tempo de leitura\" \/>\n\t<meta name=\"twitter:data1\" content=\"1 minuto\" \/>\n<script type=\"application\/ld+json\" class=\"yoast-schema-graph\">{\"@context\":\"https:\\\/\\\/schema.org\",\"@graph\":[{\"@type\":\"WebPage\",\"@id\":\"https:\\\/\\\/clinicaraizes.com.br\\\/loja\\\/shop\\\/spa\\\/cuidados\\\/gelterapia-detox\\\/geoterapia-detox-vale-presente\\\/\",\"url\":\"https:\\\/\\\/clinicaraizes.com.br\\\/loja\\\/shop\\\/spa\\\/cuidados\\\/gelterapia-detox\\\/geoterapia-detox-vale-presente\\\/\",\"name\":\"Geoterapia Detox - Cl\u00ednica Ra\u00edzes | Spa Urbano tatuap\u00e9\",\"isPartOf\":{\"@id\":\"https:\\\/\\\/clinicaraizes.com.br\\\/loja\\\/#website\"},\"primaryImageOfPage\":{\"@id\":\"https:\\\/\\\/clinicaraizes.com.br\\\/loja\\\/shop\\\/spa\\\/cuidados\\\/gelterapia-detox\\\/geoterapia-detox-vale-presente\\\/#primaryimage\"},\"image\":{\"@id\":\"https:\\\/\\\/clinicaraizes.com.br\\\/loja\\\/shop\\\/spa\\\/cuidados\\\/gelterapia-detox\\\/geoterapia-detox-vale-presente\\\/#primaryimage\"},\"thumbnailUrl\":\"https:\\\/\\\/clinicaraizes.com.br\\\/loja\\\/wp-content\\\/uploads\\\/2020\\\/05\\\/Geoterapia-Detox.jpg\",\"datePublished\":\"2020-10-20T00:41:44+00:00\",\"dateModified\":\"2026-04-23T22:05:57+00:00\",\"description\":\"A Geoterapia Detox \u00e9 uma t\u00e9cnica de envolvimento corporal a base de produtos naturais. Promove benef\u00edcios para o organismo como um todo.\",\"breadcrumb\":{\"@id\":\"https:\\\/\\\/clinicaraizes.com.br\\\/loja\\\/shop\\\/spa\\\/cuidados\\\/gelterapia-detox\\\/geoterapia-detox-vale-presente\\\/#breadcrumb\"},\"inLanguage\":\"pt-BR\",\"potentialAction\":[{\"@type\":\"ReadAction\",\"target\":[\"https:\\\/\\\/clinicaraizes.com.br\\\/loja\\\/shop\\\/spa\\\/cuidados\\\/gelterapia-detox\\\/geoterapia-detox-vale-presente\\\/\"]}]},{\"@type\":\"ImageObject\",\"inLanguage\":\"pt-BR\",\"@id\":\"https:\\\/\\\/clinicaraizes.com.br\\\/loja\\\/shop\\\/spa\\\/cuidados\\\/gelterapia-detox\\\/geoterapia-detox-vale-presente\\\/#primaryimage\",\"url\":\"https:\\\/\\\/clinicaraizes.com.br\\\/loja\\\/wp-content\\\/uploads\\\/2020\\\/05\\\/Geoterapia-Detox.jpg\",\"contentUrl\":\"https:\\\/\\\/clinicaraizes.com.br\\\/loja\\\/wp-content\\\/uploads\\\/2020\\\/05\\\/Geoterapia-Detox.jpg\",\"width\":600,\"height\":600,\"caption\":\"Geoterapia Detox\"},{\"@type\":\"BreadcrumbList\",\"@id\":\"https:\\\/\\\/clinicaraizes.com.br\\\/loja\\\/shop\\\/spa\\\/cuidados\\\/gelterapia-detox\\\/geoterapia-detox-vale-presente\\\/#breadcrumb\",\"itemListElement\":[{\"@type\":\"ListItem\",\"position\":1,\"name\":\"In\u00edcio\",\"item\":\"https:\\\/\\\/clinicaraizes.com.br\\\/loja\\\/\"},{\"@type\":\"ListItem\",\"position\":2,\"name\":\"Shop\",\"item\":\"https:\\\/\\\/clinicaraizes.com.br\\\/loja\\\/shop\\\/\"},{\"@type\":\"ListItem\",\"position\":3,\"name\":\"Geoterapia Detox\"}]},{\"@type\":\"WebSite\",\"@id\":\"https:\\\/\\\/clinicaraizes.com.br\\\/loja\\\/#website\",\"url\":\"https:\\\/\\\/clinicaraizes.com.br\\\/loja\\\/\",\"name\":\"Cl\u00ednica Ra\u00edzes\",\"description\":\"Dicas &amp; Tutoriais de Beleza e Bem Estar\",\"publisher\":{\"@id\":\"https:\\\/\\\/clinicaraizes.com.br\\\/loja\\\/#organization\"},\"potentialAction\":[{\"@type\":\"SearchAction\",\"target\":{\"@type\":\"EntryPoint\",\"urlTemplate\":\"https:\\\/\\\/clinicaraizes.com.br\\\/loja\\\/?s={search_term_string}\"},\"query-input\":{\"@type\":\"PropertyValueSpecification\",\"valueRequired\":true,\"valueName\":\"search_term_string\"}}],\"inLanguage\":\"pt-BR\"},{\"@type\":\"Organization\",\"@id\":\"https:\\\/\\\/clinicaraizes.com.br\\\/loja\\\/#organization\",\"name\":\"Cl\u00ednica Ra\u00edzes\",\"url\":\"https:\\\/\\\/clinicaraizes.com.br\\\/loja\\\/\",\"logo\":{\"@type\":\"ImageObject\",\"inLanguage\":\"pt-BR\",\"@id\":\"https:\\\/\\\/clinicaraizes.com.br\\\/loja\\\/#\\\/schema\\\/logo\\\/image\\\/\",\"url\":\"https:\\\/\\\/clinicaraizes.com.br\\\/loja\\\/wp-content\\\/uploads\\\/2019\\\/03\\\/logo-raizes.png\",\"contentUrl\":\"https:\\\/\\\/clinicaraizes.com.br\\\/loja\\\/wp-content\\\/uploads\\\/2019\\\/03\\\/logo-raizes.png\",\"width\":480,\"height\":180,\"caption\":\"Cl\u00ednica Ra\u00edzes\"},\"image\":{\"@id\":\"https:\\\/\\\/clinicaraizes.com.br\\\/loja\\\/#\\\/schema\\\/logo\\\/image\\\/\"},\"sameAs\":[\"https:\\\/\\\/www.facebook.com\\\/clinicaraizes\",\"https:\\\/\\\/www.instagram.com\\\/clinicaraizes\"]}]}<\/script>\n<!-- \/ Yoast SEO plugin. -->","yoast_head_json":{"title":"Geoterapia Detox - Cl\u00ednica Ra\u00edzes | Spa Urbano tatuap\u00e9","description":"A Geoterapia Detox \u00e9 uma t\u00e9cnica de envolvimento corporal a base de produtos naturais. Promove benef\u00edcios para o organismo como um todo.","robots":{"index":"index","follow":"follow","max-snippet":"max-snippet:-1","max-image-preview":"max-image-preview:large","max-video-preview":"max-video-preview:-1"},"canonical":"https:\/\/clinicaraizes.com.br\/loja\/shop\/spa\/cuidados\/gelterapia-detox\/geoterapia-detox-vale-presente\/","og_locale":"pt_BR","og_type":"article","og_title":"Geoterapia Detox - Cl\u00ednica Ra\u00edzes | Spa Urbano tatuap\u00e9","og_description":"A Geoterapia Detox \u00e9 uma t\u00e9cnica de envolvimento corporal a base de produtos naturais. Promove benef\u00edcios para o organismo como um todo.","og_url":"https:\/\/clinicaraizes.com.br\/loja\/shop\/spa\/cuidados\/gelterapia-detox\/geoterapia-detox-vale-presente\/","og_site_name":"Cl\u00ednica Ra\u00edzes","article_publisher":"https:\/\/www.facebook.com\/clinicaraizes","article_modified_time":"2026-04-23T22:05:57+00:00","og_image":[{"width":600,"height":600,"url":"https:\/\/clinicaraizes.com.br\/loja\/wp-content\/uploads\/2020\/05\/Geoterapia-Detox.jpg","type":"image\/jpeg"}],"twitter_card":"summary_large_image","twitter_misc":{"Est. tempo de leitura":"1 minuto"},"schema":{"@context":"https:\/\/schema.org","@graph":[{"@type":"WebPage","@id":"https:\/\/clinicaraizes.com.br\/loja\/shop\/spa\/cuidados\/gelterapia-detox\/geoterapia-detox-vale-presente\/","url":"https:\/\/clinicaraizes.com.br\/loja\/shop\/spa\/cuidados\/gelterapia-detox\/geoterapia-detox-vale-presente\/","name":"Geoterapia Detox - Cl\u00ednica Ra\u00edzes | Spa Urbano tatuap\u00e9","isPartOf":{"@id":"https:\/\/clinicaraizes.com.br\/loja\/#website"},"primaryImageOfPage":{"@id":"https:\/\/clinicaraizes.com.br\/loja\/shop\/spa\/cuidados\/gelterapia-detox\/geoterapia-detox-vale-presente\/#primaryimage"},"image":{"@id":"https:\/\/clinicaraizes.com.br\/loja\/shop\/spa\/cuidados\/gelterapia-detox\/geoterapia-detox-vale-presente\/#primaryimage"},"thumbnailUrl":"https:\/\/clinicaraizes.com.br\/loja\/wp-content\/uploads\/2020\/05\/Geoterapia-Detox.jpg","datePublished":"2020-10-20T00:41:44+00:00","dateModified":"2026-04-23T22:05:57+00:00","description":"A Geoterapia Detox \u00e9 uma t\u00e9cnica de envolvimento corporal a base de produtos naturais. Promove benef\u00edcios para o organismo como um todo.","breadcrumb":{"@id":"https:\/\/clinicaraizes.com.br\/loja\/shop\/spa\/cuidados\/gelterapia-detox\/geoterapia-detox-vale-presente\/#breadcrumb"},"inLanguage":"pt-BR","potentialAction":[{"@type":"ReadAction","target":["https:\/\/clinicaraizes.com.br\/loja\/shop\/spa\/cuidados\/gelterapia-detox\/geoterapia-detox-vale-presente\/"]}]},{"@type":"ImageObject","inLanguage":"pt-BR","@id":"https:\/\/clinicaraizes.com.br\/loja\/shop\/spa\/cuidados\/gelterapia-detox\/geoterapia-detox-vale-presente\/#primaryimage","url":"https:\/\/clinicaraizes.com.br\/loja\/wp-content\/uploads\/2020\/05\/Geoterapia-Detox.jpg","contentUrl":"https:\/\/clinicaraizes.com.br\/loja\/wp-content\/uploads\/2020\/05\/Geoterapia-Detox.jpg","width":600,"height":600,"caption":"Geoterapia Detox"},{"@type":"BreadcrumbList","@id":"https:\/\/clinicaraizes.com.br\/loja\/shop\/spa\/cuidados\/gelterapia-detox\/geoterapia-detox-vale-presente\/#breadcrumb","itemListElement":[{"@type":"ListItem","position":1,"name":"In\u00edcio","item":"https:\/\/clinicaraizes.com.br\/loja\/"},{"@type":"ListItem","position":2,"name":"Shop","item":"https:\/\/clinicaraizes.com.br\/loja\/shop\/"},{"@type":"ListItem","position":3,"name":"Geoterapia Detox"}]},{"@type":"WebSite","@id":"https:\/\/clinicaraizes.com.br\/loja\/#website","url":"https:\/\/clinicaraizes.com.br\/loja\/","name":"Cl\u00ednica Ra\u00edzes","description":"Dicas &amp; Tutoriais de Beleza e Bem Estar","publisher":{"@id":"https:\/\/clinicaraizes.com.br\/loja\/#organization"},"potentialAction":[{"@type":"SearchAction","target":{"@type":"EntryPoint","urlTemplate":"https:\/\/clinicaraizes.com.br\/loja\/?s={search_term_string}"},"query-input":{"@type":"PropertyValueSpecification","valueRequired":true,"valueName":"search_term_string"}}],"inLanguage":"pt-BR"},{"@type":"Organization","@id":"https:\/\/clinicaraizes.com.br\/loja\/#organization","name":"Cl\u00ednica Ra\u00edzes","url":"https:\/\/clinicaraizes.com.br\/loja\/","logo":{"@type":"ImageObject","inLanguage":"pt-BR","@id":"https:\/\/clinicaraizes.com.br\/loja\/#\/schema\/logo\/image\/","url":"https:\/\/clinicaraizes.com.br\/loja\/wp-content\/uploads\/2019\/03\/logo-raizes.png","contentUrl":"https:\/\/clinicaraizes.com.br\/loja\/wp-content\/uploads\/2019\/03\/logo-raizes.png","width":480,"height":180,"caption":"Cl\u00ednica Ra\u00edzes"},"image":{"@id":"https:\/\/clinicaraizes.com.br\/loja\/#\/schema\/logo\/image\/"},"sameAs":["https:\/\/www.facebook.com\/clinicaraizes","https:\/\/www.instagram.com\/clinicaraizes"]}]}},"jetpack_sharing_enabled":true,"_links":{"self":[{"href":"https:\/\/clinicaraizes.com.br\/loja\/wp-json\/wp\/v2\/product\/1349","targetHints":{"allow":["GET"]}}],"collection":[{"href":"https:\/\/clinicaraizes.com.br\/loja\/wp-json\/wp\/v2\/product"}],"about":[{"href":"https:\/\/clinicaraizes.com.br\/loja\/wp-json\/wp\/v2\/types\/product"}],"replies":[{"embeddable":true,"href":"https:\/\/clinicaraizes.com.br\/loja\/wp-json\/wp\/v2\/comments?post=1349"}],"wp:featuredmedia":[{"embeddable":true,"href":"https:\/\/clinicaraizes.com.br\/loja\/wp-json\/wp\/v2\/media\/1252"}],"wp:attachment":[{"href":"https:\/\/clinicaraizes.com.br\/loja\/wp-json\/wp\/v2\/media?parent=1349"}],"wp:term":[{"taxonomy":"product_brand","embeddable":true,"href":"https:\/\/clinicaraizes.com.br\/loja\/wp-json\/wp\/v2\/product_brand?post=1349"},{"taxonomy":"product_cat","embeddable":true,"href":"https:\/\/clinicaraizes.com.br\/loja\/wp-json\/wp\/v2\/product_cat?post=1349"},{"taxonomy":"product_tag","embeddable":true,"href":"https:\/\/clinicaraizes.com.br\/loja\/wp-json\/wp\/v2\/product_tag?post=1349"}],"curies":[{"name":"wp","href":"https:\/\/api.w.org\/{rel}","templated":true}]}}