{"id":1300,"date":"2020-10-18T11:27:38","date_gmt":"2020-10-18T14:27:38","guid":{"rendered":"https:\/\/clinicaraizes.com.br\/loja\/?post_type=product&#038;p=1300"},"modified":"2026-04-23T19:08:41","modified_gmt":"2026-04-23T22:08:41","slug":"day-spa-preguicinha-vale-presente","status":"publish","type":"product","link":"https:\/\/clinicaraizes.com.br\/loja\/shop\/day-spa\/para-ela\/preguicinha\/day-spa-preguicinha-vale-presente\/","title":{"rendered":"Day Spa Preguicinha"},"content":{"rendered":"<p>Day Spa Preguicinha<\/p>\n<p>Dura\u00e7\u00e3o: 2 horas<\/p>\n<p>O Day Spa Preguicinha \u00e9 uma pausa para seu bem-estar.<\/p>\n<p>Voc\u00ea precisa desse momento e estamos aqui para ajudar a equilibrar corpo e mente.<\/p>\n<ul>\n<li>Spa dos P\u00e9s de Boas vindas com aroma terapia +<\/li>\n<li>Banho de Ofur\u00f4 de Sais arom\u00e1ticos para um <a href=\"https:\/\/clinicaraizes.com.br\/spa\/bem-estar\/\">relaxamento completo<\/a>, bem-estar e al\u00edvio para as tens\u00f5es di\u00e1rias +<\/li>\n<li>Massagem Relaxante com movimentos suaves, proporcionando relaxamento intenso e profundo.<\/li>\n<\/ul>\n<p>Nossas Massagens s\u00e3o realizadas em Bangal\u00f4s externos individuais, climatizados e com m\u00fasica ambiente.<\/p>\n<p>Durante o Banho de Ofur\u00f4, oferecemos \u00e1gua aromatizada e frutas secas.<\/p>\n<p>Em todo Day Spa realizado na Cl\u00ednica Ra\u00edzes, oferecemos biqu\u00edni ou sunga descart\u00e1vel para seu maior conforto, roup\u00e3o e chinelo para uso interno.<\/p>\n<p>&nbsp;<\/p>\n","protected":false},"excerpt":{"rendered":"<p>Dura\u00e7\u00e3o: 2 horas<\/p>\n<ul>\n<li>Spa dos P\u00e9s de Boas vindas com aromaterapia +<\/li>\n<li>Banho de Ofur\u00f4 de Sais arom\u00e1ticos para um <a href=\"https:\/\/clinicaraizes.com.br\/spa\/bem-estar\/\">relaxamento completo<\/a>, bem-estar e al\u00edvio para as tens\u00f5es di\u00e1rias +<\/li>\n<li>Massagem Relaxante com movimentos suaves, proporcionando relaxamento intenso e profundo.<\/li>\n<\/ul>\n","protected":false},"featured_media":2391,"comment_status":"open","ping_status":"closed","template":"","meta":{"bwfblock_default_font":""},"product_brand":[],"product_cat":[132,292],"product_tag":[170,172,178,173,166,168,167,171,224,218,216,215],"class_list":{"0":"post-1300","1":"product","2":"type-product","3":"status-publish","4":"has-post-thumbnail","6":"product_cat-preguicinha","7":"product_cat-vale-presente","8":"product_tag-banho-de-ofuro","9":"product_tag-banho-de-ofuro-tatuape","10":"product_tag-day-spa","11":"product_tag-day-spa-tatuape","12":"product_tag-escalda-pes","13":"product_tag-escalda-pes-tatuape","14":"product_tag-massagem-relaxante","15":"product_tag-ofuro-tatuape","16":"product_tag-preente-de-casamento","17":"product_tag-presentear","18":"product_tag-presentear-amigos","19":"product_tag-vale-presente","21":"first","22":"instock","23":"virtual","24":"purchasable","25":"product-type-simple"},"yoast_head":"<!-- This site is optimized with the Yoast SEO plugin v27.4 - https:\/\/yoast.com\/product\/yoast-seo-wordpress\/ -->\n<title>Day Spa Preguicinha - Cl\u00ednica Ra\u00edzes | S\u00e3o Paulo<\/title>\n<meta name=\"description\" content=\"O Day Spa Preguicinha \u00e9 uma pausa para seu bem-estar.Voc\u00ea precisa desse momento e estamos aqui para ajudar a equilibrar corpo e mente.\" \/>\n<meta name=\"robots\" content=\"index, follow, max-snippet:-1, max-image-preview:large, max-video-preview:-1\" \/>\n<link rel=\"canonical\" href=\"https:\/\/clinicaraizes.com.br\/loja\/shop\/day-spa\/para-ela\/preguicinha\/day-spa-preguicinha-vale-presente\/\" \/>\n<meta property=\"og:locale\" content=\"pt_BR\" \/>\n<meta property=\"og:type\" content=\"article\" \/>\n<meta property=\"og:title\" content=\"Day Spa Preguicinha - Cl\u00ednica Ra\u00edzes | S\u00e3o Paulo\" \/>\n<meta property=\"og:description\" content=\"O Day Spa Preguicinha \u00e9 uma pausa para seu bem-estar.Voc\u00ea precisa desse momento e estamos aqui para ajudar a equilibrar corpo e mente.\" \/>\n<meta property=\"og:url\" content=\"https:\/\/clinicaraizes.com.br\/loja\/shop\/day-spa\/para-ela\/preguicinha\/day-spa-preguicinha-vale-presente\/\" \/>\n<meta property=\"og:site_name\" content=\"Cl\u00ednica Ra\u00edzes\" \/>\n<meta property=\"article:publisher\" content=\"https:\/\/www.facebook.com\/clinicaraizes\" \/>\n<meta property=\"article:modified_time\" content=\"2026-04-23T22:08:41+00:00\" \/>\n<meta property=\"og:image\" content=\"https:\/\/clinicaraizes.com.br\/loja\/wp-content\/uploads\/2020\/08\/Folder-Site-Menu.-Day-Spa-Ela-Preguicinha.png\" \/>\n\t<meta property=\"og:image:width\" content=\"600\" \/>\n\t<meta property=\"og:image:height\" content=\"600\" \/>\n\t<meta property=\"og:image:type\" content=\"image\/png\" \/>\n<meta name=\"twitter:card\" content=\"summary_large_image\" \/>\n<meta name=\"twitter:label1\" content=\"Est. tempo de leitura\" \/>\n\t<meta name=\"twitter:data1\" content=\"1 minuto\" \/>\n<script type=\"application\/ld+json\" class=\"yoast-schema-graph\">{\"@context\":\"https:\\\/\\\/schema.org\",\"@graph\":[{\"@type\":\"WebPage\",\"@id\":\"https:\\\/\\\/clinicaraizes.com.br\\\/loja\\\/shop\\\/day-spa\\\/para-ela\\\/preguicinha\\\/day-spa-preguicinha-vale-presente\\\/\",\"url\":\"https:\\\/\\\/clinicaraizes.com.br\\\/loja\\\/shop\\\/day-spa\\\/para-ela\\\/preguicinha\\\/day-spa-preguicinha-vale-presente\\\/\",\"name\":\"Day Spa Preguicinha - Cl\u00ednica Ra\u00edzes | S\u00e3o Paulo\",\"isPartOf\":{\"@id\":\"https:\\\/\\\/clinicaraizes.com.br\\\/loja\\\/#website\"},\"primaryImageOfPage\":{\"@id\":\"https:\\\/\\\/clinicaraizes.com.br\\\/loja\\\/shop\\\/day-spa\\\/para-ela\\\/preguicinha\\\/day-spa-preguicinha-vale-presente\\\/#primaryimage\"},\"image\":{\"@id\":\"https:\\\/\\\/clinicaraizes.com.br\\\/loja\\\/shop\\\/day-spa\\\/para-ela\\\/preguicinha\\\/day-spa-preguicinha-vale-presente\\\/#primaryimage\"},\"thumbnailUrl\":\"https:\\\/\\\/clinicaraizes.com.br\\\/loja\\\/wp-content\\\/uploads\\\/2020\\\/08\\\/Folder-Site-Menu.-Day-Spa-Ela-Preguicinha.png\",\"datePublished\":\"2020-10-18T14:27:38+00:00\",\"dateModified\":\"2026-04-23T22:08:41+00:00\",\"description\":\"O Day Spa Preguicinha \u00e9 uma pausa para seu bem-estar.Voc\u00ea precisa desse momento e estamos aqui para ajudar a equilibrar corpo e mente.\",\"breadcrumb\":{\"@id\":\"https:\\\/\\\/clinicaraizes.com.br\\\/loja\\\/shop\\\/day-spa\\\/para-ela\\\/preguicinha\\\/day-spa-preguicinha-vale-presente\\\/#breadcrumb\"},\"inLanguage\":\"pt-BR\",\"potentialAction\":[{\"@type\":\"ReadAction\",\"target\":[\"https:\\\/\\\/clinicaraizes.com.br\\\/loja\\\/shop\\\/day-spa\\\/para-ela\\\/preguicinha\\\/day-spa-preguicinha-vale-presente\\\/\"]}]},{\"@type\":\"ImageObject\",\"inLanguage\":\"pt-BR\",\"@id\":\"https:\\\/\\\/clinicaraizes.com.br\\\/loja\\\/shop\\\/day-spa\\\/para-ela\\\/preguicinha\\\/day-spa-preguicinha-vale-presente\\\/#primaryimage\",\"url\":\"https:\\\/\\\/clinicaraizes.com.br\\\/loja\\\/wp-content\\\/uploads\\\/2020\\\/08\\\/Folder-Site-Menu.-Day-Spa-Ela-Preguicinha.png\",\"contentUrl\":\"https:\\\/\\\/clinicaraizes.com.br\\\/loja\\\/wp-content\\\/uploads\\\/2020\\\/08\\\/Folder-Site-Menu.-Day-Spa-Ela-Preguicinha.png\",\"width\":600,\"height\":600,\"caption\":\"Day Spa Cl\u00ednica Ra\u00edzes Preguicinha\"},{\"@type\":\"BreadcrumbList\",\"@id\":\"https:\\\/\\\/clinicaraizes.com.br\\\/loja\\\/shop\\\/day-spa\\\/para-ela\\\/preguicinha\\\/day-spa-preguicinha-vale-presente\\\/#breadcrumb\",\"itemListElement\":[{\"@type\":\"ListItem\",\"position\":1,\"name\":\"In\u00edcio\",\"item\":\"https:\\\/\\\/clinicaraizes.com.br\\\/loja\\\/\"},{\"@type\":\"ListItem\",\"position\":2,\"name\":\"Shop\",\"item\":\"https:\\\/\\\/clinicaraizes.com.br\\\/loja\\\/shop\\\/\"},{\"@type\":\"ListItem\",\"position\":3,\"name\":\"Day Spa Preguicinha\"}]},{\"@type\":\"WebSite\",\"@id\":\"https:\\\/\\\/clinicaraizes.com.br\\\/loja\\\/#website\",\"url\":\"https:\\\/\\\/clinicaraizes.com.br\\\/loja\\\/\",\"name\":\"Cl\u00ednica Ra\u00edzes\",\"description\":\"Dicas &amp; Tutoriais de Beleza e Bem Estar\",\"publisher\":{\"@id\":\"https:\\\/\\\/clinicaraizes.com.br\\\/loja\\\/#organization\"},\"potentialAction\":[{\"@type\":\"SearchAction\",\"target\":{\"@type\":\"EntryPoint\",\"urlTemplate\":\"https:\\\/\\\/clinicaraizes.com.br\\\/loja\\\/?s={search_term_string}\"},\"query-input\":{\"@type\":\"PropertyValueSpecification\",\"valueRequired\":true,\"valueName\":\"search_term_string\"}}],\"inLanguage\":\"pt-BR\"},{\"@type\":\"Organization\",\"@id\":\"https:\\\/\\\/clinicaraizes.com.br\\\/loja\\\/#organization\",\"name\":\"Cl\u00ednica Ra\u00edzes\",\"url\":\"https:\\\/\\\/clinicaraizes.com.br\\\/loja\\\/\",\"logo\":{\"@type\":\"ImageObject\",\"inLanguage\":\"pt-BR\",\"@id\":\"https:\\\/\\\/clinicaraizes.com.br\\\/loja\\\/#\\\/schema\\\/logo\\\/image\\\/\",\"url\":\"https:\\\/\\\/clinicaraizes.com.br\\\/loja\\\/wp-content\\\/uploads\\\/2019\\\/03\\\/logo-raizes.png\",\"contentUrl\":\"https:\\\/\\\/clinicaraizes.com.br\\\/loja\\\/wp-content\\\/uploads\\\/2019\\\/03\\\/logo-raizes.png\",\"width\":480,\"height\":180,\"caption\":\"Cl\u00ednica Ra\u00edzes\"},\"image\":{\"@id\":\"https:\\\/\\\/clinicaraizes.com.br\\\/loja\\\/#\\\/schema\\\/logo\\\/image\\\/\"},\"sameAs\":[\"https:\\\/\\\/www.facebook.com\\\/clinicaraizes\",\"https:\\\/\\\/www.instagram.com\\\/clinicaraizes\"]}]}<\/script>\n<!-- \/ Yoast SEO plugin. -->","yoast_head_json":{"title":"Day Spa Preguicinha - Cl\u00ednica Ra\u00edzes | S\u00e3o Paulo","description":"O Day Spa Preguicinha \u00e9 uma pausa para seu bem-estar.Voc\u00ea precisa desse momento e estamos aqui para ajudar a equilibrar corpo e mente.","robots":{"index":"index","follow":"follow","max-snippet":"max-snippet:-1","max-image-preview":"max-image-preview:large","max-video-preview":"max-video-preview:-1"},"canonical":"https:\/\/clinicaraizes.com.br\/loja\/shop\/day-spa\/para-ela\/preguicinha\/day-spa-preguicinha-vale-presente\/","og_locale":"pt_BR","og_type":"article","og_title":"Day Spa Preguicinha - Cl\u00ednica Ra\u00edzes | S\u00e3o Paulo","og_description":"O Day Spa Preguicinha \u00e9 uma pausa para seu bem-estar.Voc\u00ea precisa desse momento e estamos aqui para ajudar a equilibrar corpo e mente.","og_url":"https:\/\/clinicaraizes.com.br\/loja\/shop\/day-spa\/para-ela\/preguicinha\/day-spa-preguicinha-vale-presente\/","og_site_name":"Cl\u00ednica Ra\u00edzes","article_publisher":"https:\/\/www.facebook.com\/clinicaraizes","article_modified_time":"2026-04-23T22:08:41+00:00","og_image":[{"width":600,"height":600,"url":"https:\/\/clinicaraizes.com.br\/loja\/wp-content\/uploads\/2020\/08\/Folder-Site-Menu.-Day-Spa-Ela-Preguicinha.png","type":"image\/png"}],"twitter_card":"summary_large_image","twitter_misc":{"Est. tempo de leitura":"1 minuto"},"schema":{"@context":"https:\/\/schema.org","@graph":[{"@type":"WebPage","@id":"https:\/\/clinicaraizes.com.br\/loja\/shop\/day-spa\/para-ela\/preguicinha\/day-spa-preguicinha-vale-presente\/","url":"https:\/\/clinicaraizes.com.br\/loja\/shop\/day-spa\/para-ela\/preguicinha\/day-spa-preguicinha-vale-presente\/","name":"Day Spa Preguicinha - Cl\u00ednica Ra\u00edzes | S\u00e3o Paulo","isPartOf":{"@id":"https:\/\/clinicaraizes.com.br\/loja\/#website"},"primaryImageOfPage":{"@id":"https:\/\/clinicaraizes.com.br\/loja\/shop\/day-spa\/para-ela\/preguicinha\/day-spa-preguicinha-vale-presente\/#primaryimage"},"image":{"@id":"https:\/\/clinicaraizes.com.br\/loja\/shop\/day-spa\/para-ela\/preguicinha\/day-spa-preguicinha-vale-presente\/#primaryimage"},"thumbnailUrl":"https:\/\/clinicaraizes.com.br\/loja\/wp-content\/uploads\/2020\/08\/Folder-Site-Menu.-Day-Spa-Ela-Preguicinha.png","datePublished":"2020-10-18T14:27:38+00:00","dateModified":"2026-04-23T22:08:41+00:00","description":"O Day Spa Preguicinha \u00e9 uma pausa para seu bem-estar.Voc\u00ea precisa desse momento e estamos aqui para ajudar a equilibrar corpo e mente.","breadcrumb":{"@id":"https:\/\/clinicaraizes.com.br\/loja\/shop\/day-spa\/para-ela\/preguicinha\/day-spa-preguicinha-vale-presente\/#breadcrumb"},"inLanguage":"pt-BR","potentialAction":[{"@type":"ReadAction","target":["https:\/\/clinicaraizes.com.br\/loja\/shop\/day-spa\/para-ela\/preguicinha\/day-spa-preguicinha-vale-presente\/"]}]},{"@type":"ImageObject","inLanguage":"pt-BR","@id":"https:\/\/clinicaraizes.com.br\/loja\/shop\/day-spa\/para-ela\/preguicinha\/day-spa-preguicinha-vale-presente\/#primaryimage","url":"https:\/\/clinicaraizes.com.br\/loja\/wp-content\/uploads\/2020\/08\/Folder-Site-Menu.-Day-Spa-Ela-Preguicinha.png","contentUrl":"https:\/\/clinicaraizes.com.br\/loja\/wp-content\/uploads\/2020\/08\/Folder-Site-Menu.-Day-Spa-Ela-Preguicinha.png","width":600,"height":600,"caption":"Day Spa Cl\u00ednica Ra\u00edzes Preguicinha"},{"@type":"BreadcrumbList","@id":"https:\/\/clinicaraizes.com.br\/loja\/shop\/day-spa\/para-ela\/preguicinha\/day-spa-preguicinha-vale-presente\/#breadcrumb","itemListElement":[{"@type":"ListItem","position":1,"name":"In\u00edcio","item":"https:\/\/clinicaraizes.com.br\/loja\/"},{"@type":"ListItem","position":2,"name":"Shop","item":"https:\/\/clinicaraizes.com.br\/loja\/shop\/"},{"@type":"ListItem","position":3,"name":"Day Spa Preguicinha"}]},{"@type":"WebSite","@id":"https:\/\/clinicaraizes.com.br\/loja\/#website","url":"https:\/\/clinicaraizes.com.br\/loja\/","name":"Cl\u00ednica Ra\u00edzes","description":"Dicas &amp; Tutoriais de Beleza e Bem Estar","publisher":{"@id":"https:\/\/clinicaraizes.com.br\/loja\/#organization"},"potentialAction":[{"@type":"SearchAction","target":{"@type":"EntryPoint","urlTemplate":"https:\/\/clinicaraizes.com.br\/loja\/?s={search_term_string}"},"query-input":{"@type":"PropertyValueSpecification","valueRequired":true,"valueName":"search_term_string"}}],"inLanguage":"pt-BR"},{"@type":"Organization","@id":"https:\/\/clinicaraizes.com.br\/loja\/#organization","name":"Cl\u00ednica Ra\u00edzes","url":"https:\/\/clinicaraizes.com.br\/loja\/","logo":{"@type":"ImageObject","inLanguage":"pt-BR","@id":"https:\/\/clinicaraizes.com.br\/loja\/#\/schema\/logo\/image\/","url":"https:\/\/clinicaraizes.com.br\/loja\/wp-content\/uploads\/2019\/03\/logo-raizes.png","contentUrl":"https:\/\/clinicaraizes.com.br\/loja\/wp-content\/uploads\/2019\/03\/logo-raizes.png","width":480,"height":180,"caption":"Cl\u00ednica Ra\u00edzes"},"image":{"@id":"https:\/\/clinicaraizes.com.br\/loja\/#\/schema\/logo\/image\/"},"sameAs":["https:\/\/www.facebook.com\/clinicaraizes","https:\/\/www.instagram.com\/clinicaraizes"]}]}},"jetpack_sharing_enabled":true,"_links":{"self":[{"href":"https:\/\/clinicaraizes.com.br\/loja\/wp-json\/wp\/v2\/product\/1300","targetHints":{"allow":["GET"]}}],"collection":[{"href":"https:\/\/clinicaraizes.com.br\/loja\/wp-json\/wp\/v2\/product"}],"about":[{"href":"https:\/\/clinicaraizes.com.br\/loja\/wp-json\/wp\/v2\/types\/product"}],"replies":[{"embeddable":true,"href":"https:\/\/clinicaraizes.com.br\/loja\/wp-json\/wp\/v2\/comments?post=1300"}],"wp:featuredmedia":[{"embeddable":true,"href":"https:\/\/clinicaraizes.com.br\/loja\/wp-json\/wp\/v2\/media\/2391"}],"wp:attachment":[{"href":"https:\/\/clinicaraizes.com.br\/loja\/wp-json\/wp\/v2\/media?parent=1300"}],"wp:term":[{"taxonomy":"product_brand","embeddable":true,"href":"https:\/\/clinicaraizes.com.br\/loja\/wp-json\/wp\/v2\/product_brand?post=1300"},{"taxonomy":"product_cat","embeddable":true,"href":"https:\/\/clinicaraizes.com.br\/loja\/wp-json\/wp\/v2\/product_cat?post=1300"},{"taxonomy":"product_tag","embeddable":true,"href":"https:\/\/clinicaraizes.com.br\/loja\/wp-json\/wp\/v2\/product_tag?post=1300"}],"curies":[{"name":"wp","href":"https:\/\/api.w.org\/{rel}","templated":true}]}}