{"id":1286,"date":"2020-10-18T10:50:06","date_gmt":"2020-10-18T13:50:06","guid":{"rendered":"https:\/\/clinicaraizes.com.br\/loja\/?post_type=product&#038;p=1286"},"modified":"2026-04-23T19:12:51","modified_gmt":"2026-04-23T22:12:51","slug":"drenagem-manual-bangalo-vale-presente","status":"publish","type":"product","link":"https:\/\/clinicaraizes.com.br\/loja\/shop\/massagem\/drenagem\/drenagem-manual-bangalo-vale-presente\/","title":{"rendered":"Drenagem Manual Bangal\u00f4"},"content":{"rendered":"<p>Drenagem Linf\u00e1tica Manual &#8211; Bangal\u00f4<\/p>\n<p>Dura\u00e7\u00e3o: 50 minutos<\/p>\n<p>A <a href=\"https:\/\/clinicaraizes.com.br\/spa\/tipos-de-massagem\/massagem-estetica\/drenagem-linfatica\/\">Drenagem Linf\u00e1tica<\/a> consiste em uma t\u00e9cnica de massagem com movimentos suaves que tem como objetivo estimular e facilitar a passagem da linfa pelo seu sistema circulat\u00f3rio.<\/p>\n<p>Entre os principais benef\u00edcios do m\u00e9todo est\u00e3o a\u00a0<strong>redu\u00e7\u00e3o da reten\u00e7\u00e3o de l\u00edquido<\/strong>, ativa\u00e7\u00e3o da\u00a0<strong>circula\u00e7\u00e3o sangu\u00ednea<\/strong>, combate \u00e0\u00a0celulite, al\u00e9m disso, o\u00a0<strong>relaxamento corporal<\/strong>.<\/p>\n<p>Este \u00e9 um tratamento que deve ser feito de forma frequente para ter resultados. Por isso, indicamos que seja feita de 2 \u00e0 3 x por semana.<\/p>\n<p>A Drenagem Linf\u00e1tica Bangal\u00f4 \u00e9 realizada em um ambiente totalmente diferenciado e \u00fanico, projetado com muito conforto e privacidade para voc\u00ea se sentir bem e relaxar em meio a sua rotina.\u2800<\/p>\n<p>Agende sua sess\u00e3o ou Avalia\u00e7\u00e3o Gratuita e sinta-se mais leve e confiante para aproveitar ao m\u00e1ximo os melhores momentos da vida.<\/p>\n<h4><a href=\"https:\/\/clinicaraizes.com.br\/contato-clinica-raizes\/\">Agendamento (11) 99940-7089<\/a><\/h4>\n<p>&nbsp;<\/p>\n<p>&nbsp;<\/p>\n","protected":false},"excerpt":{"rendered":"<p>Drenagem Linf\u00e1tica Manual &#8211; Bangal\u00f4<\/p>\n<p>Massagem realizada com movimentos suaves e lentos, atuando sobre o sistema linf\u00e1tico e estimulando a renova\u00e7\u00e3o dos tecidos.<\/p>\n<ul>\n<li>Combate o incha\u00e7o e a reten\u00e7\u00e3o de l\u00edquidos;<\/li>\n<li>Ajudar no combate \u00e0 celulite;<\/li>\n<li>Ajudar na recupera\u00e7\u00e3o de les\u00f5es musculares e articulares;<\/li>\n<li>Melhorar a circula\u00e7\u00e3o sangu\u00ednea, venosa e linf\u00e1tica;<\/li>\n<li>Oxigenar os tecidos de forma mais adequada;<\/li>\n<li>Colaborar para a elimina\u00e7\u00e3o das toxinas do corpo<\/li>\n<\/ul>\n","protected":false},"featured_media":923,"comment_status":"open","ping_status":"closed","template":"","meta":{"bwfblock_default_font":""},"product_brand":[],"product_cat":[136,94],"product_tag":[220,178,173,197,195,194,196,167,217,218,215],"class_list":{"0":"post-1286","1":"product","2":"type-product","3":"status-publish","4":"has-post-thumbnail","6":"product_cat-drenagem","7":"product_cat-massagem","8":"product_tag-dar-de-presente","9":"product_tag-day-spa","10":"product_tag-day-spa-tatuape","11":"product_tag-desinchar","12":"product_tag-drenagem","13":"product_tag-drenagem-linfatica","14":"product_tag-eliminar-liquido","15":"product_tag-massagem-relaxante","16":"product_tag-presente-de-casamento","17":"product_tag-presentear","18":"product_tag-vale-presente","20":"first","21":"instock","22":"virtual","23":"purchasable","24":"product-type-simple"},"yoast_head":"<!-- This site is optimized with the Yoast SEO plugin v27.4 - https:\/\/yoast.com\/product\/yoast-seo-wordpress\/ -->\n<title>Drenagem Linf\u00e1tica Manual Spa - Cl\u00ednica Ra\u00edzes Tatuap\u00e9<\/title>\n<meta name=\"description\" content=\"Realize sua Drenagem Linf\u00e1tica Bangal\u00f4 em um ambiente diferenciado e projetado com todo conforto. Priorize seu bem-estar! (11) 2294-7070\" \/>\n<meta name=\"robots\" content=\"index, follow, max-snippet:-1, max-image-preview:large, max-video-preview:-1\" \/>\n<link rel=\"canonical\" href=\"https:\/\/clinicaraizes.com.br\/loja\/shop\/massagem\/drenagem\/drenagem-manual-bangalo-vale-presente\/\" \/>\n<meta property=\"og:locale\" content=\"pt_BR\" \/>\n<meta property=\"og:type\" content=\"article\" \/>\n<meta property=\"og:title\" content=\"Drenagem Linf\u00e1tica Manual Spa - Cl\u00ednica Ra\u00edzes Tatuap\u00e9\" \/>\n<meta property=\"og:description\" content=\"Realize sua Drenagem Linf\u00e1tica Bangal\u00f4 em um ambiente diferenciado e projetado com todo conforto. Priorize seu bem-estar! (11) 2294-7070\" \/>\n<meta property=\"og:url\" content=\"https:\/\/clinicaraizes.com.br\/loja\/shop\/massagem\/drenagem\/drenagem-manual-bangalo-vale-presente\/\" \/>\n<meta property=\"og:site_name\" content=\"Cl\u00ednica Ra\u00edzes\" \/>\n<meta property=\"article:publisher\" content=\"https:\/\/www.facebook.com\/clinicaraizes\" \/>\n<meta property=\"article:modified_time\" content=\"2026-04-23T22:12:51+00:00\" \/>\n<meta property=\"og:image\" content=\"https:\/\/clinicaraizes.com.br\/loja\/wp-content\/uploads\/2020\/08\/Drenagem-bangalo.jpg\" \/>\n\t<meta property=\"og:image:width\" content=\"400\" \/>\n\t<meta property=\"og:image:height\" content=\"400\" \/>\n\t<meta property=\"og:image:type\" content=\"image\/jpeg\" \/>\n<meta name=\"twitter:card\" content=\"summary_large_image\" \/>\n<meta name=\"twitter:label1\" content=\"Est. tempo de leitura\" \/>\n\t<meta name=\"twitter:data1\" content=\"1 minuto\" \/>\n<script type=\"application\/ld+json\" class=\"yoast-schema-graph\">{\"@context\":\"https:\\\/\\\/schema.org\",\"@graph\":[{\"@type\":\"WebPage\",\"@id\":\"https:\\\/\\\/clinicaraizes.com.br\\\/loja\\\/shop\\\/massagem\\\/drenagem\\\/drenagem-manual-bangalo-vale-presente\\\/\",\"url\":\"https:\\\/\\\/clinicaraizes.com.br\\\/loja\\\/shop\\\/massagem\\\/drenagem\\\/drenagem-manual-bangalo-vale-presente\\\/\",\"name\":\"Drenagem Linf\u00e1tica Manual Spa - Cl\u00ednica Ra\u00edzes Tatuap\u00e9\",\"isPartOf\":{\"@id\":\"https:\\\/\\\/clinicaraizes.com.br\\\/loja\\\/#website\"},\"primaryImageOfPage\":{\"@id\":\"https:\\\/\\\/clinicaraizes.com.br\\\/loja\\\/shop\\\/massagem\\\/drenagem\\\/drenagem-manual-bangalo-vale-presente\\\/#primaryimage\"},\"image\":{\"@id\":\"https:\\\/\\\/clinicaraizes.com.br\\\/loja\\\/shop\\\/massagem\\\/drenagem\\\/drenagem-manual-bangalo-vale-presente\\\/#primaryimage\"},\"thumbnailUrl\":\"https:\\\/\\\/clinicaraizes.com.br\\\/loja\\\/wp-content\\\/uploads\\\/2020\\\/08\\\/Drenagem-bangalo.jpg\",\"datePublished\":\"2020-10-18T13:50:06+00:00\",\"dateModified\":\"2026-04-23T22:12:51+00:00\",\"description\":\"Realize sua Drenagem Linf\u00e1tica Bangal\u00f4 em um ambiente diferenciado e projetado com todo conforto. Priorize seu bem-estar! (11) 2294-7070\",\"breadcrumb\":{\"@id\":\"https:\\\/\\\/clinicaraizes.com.br\\\/loja\\\/shop\\\/massagem\\\/drenagem\\\/drenagem-manual-bangalo-vale-presente\\\/#breadcrumb\"},\"inLanguage\":\"pt-BR\",\"potentialAction\":[{\"@type\":\"ReadAction\",\"target\":[\"https:\\\/\\\/clinicaraizes.com.br\\\/loja\\\/shop\\\/massagem\\\/drenagem\\\/drenagem-manual-bangalo-vale-presente\\\/\"]}]},{\"@type\":\"ImageObject\",\"inLanguage\":\"pt-BR\",\"@id\":\"https:\\\/\\\/clinicaraizes.com.br\\\/loja\\\/shop\\\/massagem\\\/drenagem\\\/drenagem-manual-bangalo-vale-presente\\\/#primaryimage\",\"url\":\"https:\\\/\\\/clinicaraizes.com.br\\\/loja\\\/wp-content\\\/uploads\\\/2020\\\/08\\\/Drenagem-bangalo.jpg\",\"contentUrl\":\"https:\\\/\\\/clinicaraizes.com.br\\\/loja\\\/wp-content\\\/uploads\\\/2020\\\/08\\\/Drenagem-bangalo.jpg\",\"width\":400,\"height\":400,\"caption\":\"Drenagem Linf\u00e1tica tatuap\u00e9\"},{\"@type\":\"BreadcrumbList\",\"@id\":\"https:\\\/\\\/clinicaraizes.com.br\\\/loja\\\/shop\\\/massagem\\\/drenagem\\\/drenagem-manual-bangalo-vale-presente\\\/#breadcrumb\",\"itemListElement\":[{\"@type\":\"ListItem\",\"position\":1,\"name\":\"In\u00edcio\",\"item\":\"https:\\\/\\\/clinicaraizes.com.br\\\/loja\\\/\"},{\"@type\":\"ListItem\",\"position\":2,\"name\":\"Shop\",\"item\":\"https:\\\/\\\/clinicaraizes.com.br\\\/loja\\\/shop\\\/\"},{\"@type\":\"ListItem\",\"position\":3,\"name\":\"Drenagem Manual Bangal\u00f4\"}]},{\"@type\":\"WebSite\",\"@id\":\"https:\\\/\\\/clinicaraizes.com.br\\\/loja\\\/#website\",\"url\":\"https:\\\/\\\/clinicaraizes.com.br\\\/loja\\\/\",\"name\":\"Cl\u00ednica Ra\u00edzes\",\"description\":\"Dicas &amp; Tutoriais de Beleza e Bem Estar\",\"publisher\":{\"@id\":\"https:\\\/\\\/clinicaraizes.com.br\\\/loja\\\/#organization\"},\"potentialAction\":[{\"@type\":\"SearchAction\",\"target\":{\"@type\":\"EntryPoint\",\"urlTemplate\":\"https:\\\/\\\/clinicaraizes.com.br\\\/loja\\\/?s={search_term_string}\"},\"query-input\":{\"@type\":\"PropertyValueSpecification\",\"valueRequired\":true,\"valueName\":\"search_term_string\"}}],\"inLanguage\":\"pt-BR\"},{\"@type\":\"Organization\",\"@id\":\"https:\\\/\\\/clinicaraizes.com.br\\\/loja\\\/#organization\",\"name\":\"Cl\u00ednica Ra\u00edzes\",\"url\":\"https:\\\/\\\/clinicaraizes.com.br\\\/loja\\\/\",\"logo\":{\"@type\":\"ImageObject\",\"inLanguage\":\"pt-BR\",\"@id\":\"https:\\\/\\\/clinicaraizes.com.br\\\/loja\\\/#\\\/schema\\\/logo\\\/image\\\/\",\"url\":\"https:\\\/\\\/clinicaraizes.com.br\\\/loja\\\/wp-content\\\/uploads\\\/2019\\\/03\\\/logo-raizes.png\",\"contentUrl\":\"https:\\\/\\\/clinicaraizes.com.br\\\/loja\\\/wp-content\\\/uploads\\\/2019\\\/03\\\/logo-raizes.png\",\"width\":480,\"height\":180,\"caption\":\"Cl\u00ednica Ra\u00edzes\"},\"image\":{\"@id\":\"https:\\\/\\\/clinicaraizes.com.br\\\/loja\\\/#\\\/schema\\\/logo\\\/image\\\/\"},\"sameAs\":[\"https:\\\/\\\/www.facebook.com\\\/clinicaraizes\",\"https:\\\/\\\/www.instagram.com\\\/clinicaraizes\"]}]}<\/script>\n<!-- \/ Yoast SEO plugin. -->","yoast_head_json":{"title":"Drenagem Linf\u00e1tica Manual Spa - Cl\u00ednica Ra\u00edzes Tatuap\u00e9","description":"Realize sua Drenagem Linf\u00e1tica Bangal\u00f4 em um ambiente diferenciado e projetado com todo conforto. Priorize seu bem-estar! (11) 2294-7070","robots":{"index":"index","follow":"follow","max-snippet":"max-snippet:-1","max-image-preview":"max-image-preview:large","max-video-preview":"max-video-preview:-1"},"canonical":"https:\/\/clinicaraizes.com.br\/loja\/shop\/massagem\/drenagem\/drenagem-manual-bangalo-vale-presente\/","og_locale":"pt_BR","og_type":"article","og_title":"Drenagem Linf\u00e1tica Manual Spa - Cl\u00ednica Ra\u00edzes Tatuap\u00e9","og_description":"Realize sua Drenagem Linf\u00e1tica Bangal\u00f4 em um ambiente diferenciado e projetado com todo conforto. Priorize seu bem-estar! (11) 2294-7070","og_url":"https:\/\/clinicaraizes.com.br\/loja\/shop\/massagem\/drenagem\/drenagem-manual-bangalo-vale-presente\/","og_site_name":"Cl\u00ednica Ra\u00edzes","article_publisher":"https:\/\/www.facebook.com\/clinicaraizes","article_modified_time":"2026-04-23T22:12:51+00:00","og_image":[{"width":400,"height":400,"url":"https:\/\/clinicaraizes.com.br\/loja\/wp-content\/uploads\/2020\/08\/Drenagem-bangalo.jpg","type":"image\/jpeg"}],"twitter_card":"summary_large_image","twitter_misc":{"Est. tempo de leitura":"1 minuto"},"schema":{"@context":"https:\/\/schema.org","@graph":[{"@type":"WebPage","@id":"https:\/\/clinicaraizes.com.br\/loja\/shop\/massagem\/drenagem\/drenagem-manual-bangalo-vale-presente\/","url":"https:\/\/clinicaraizes.com.br\/loja\/shop\/massagem\/drenagem\/drenagem-manual-bangalo-vale-presente\/","name":"Drenagem Linf\u00e1tica Manual Spa - Cl\u00ednica Ra\u00edzes Tatuap\u00e9","isPartOf":{"@id":"https:\/\/clinicaraizes.com.br\/loja\/#website"},"primaryImageOfPage":{"@id":"https:\/\/clinicaraizes.com.br\/loja\/shop\/massagem\/drenagem\/drenagem-manual-bangalo-vale-presente\/#primaryimage"},"image":{"@id":"https:\/\/clinicaraizes.com.br\/loja\/shop\/massagem\/drenagem\/drenagem-manual-bangalo-vale-presente\/#primaryimage"},"thumbnailUrl":"https:\/\/clinicaraizes.com.br\/loja\/wp-content\/uploads\/2020\/08\/Drenagem-bangalo.jpg","datePublished":"2020-10-18T13:50:06+00:00","dateModified":"2026-04-23T22:12:51+00:00","description":"Realize sua Drenagem Linf\u00e1tica Bangal\u00f4 em um ambiente diferenciado e projetado com todo conforto. Priorize seu bem-estar! (11) 2294-7070","breadcrumb":{"@id":"https:\/\/clinicaraizes.com.br\/loja\/shop\/massagem\/drenagem\/drenagem-manual-bangalo-vale-presente\/#breadcrumb"},"inLanguage":"pt-BR","potentialAction":[{"@type":"ReadAction","target":["https:\/\/clinicaraizes.com.br\/loja\/shop\/massagem\/drenagem\/drenagem-manual-bangalo-vale-presente\/"]}]},{"@type":"ImageObject","inLanguage":"pt-BR","@id":"https:\/\/clinicaraizes.com.br\/loja\/shop\/massagem\/drenagem\/drenagem-manual-bangalo-vale-presente\/#primaryimage","url":"https:\/\/clinicaraizes.com.br\/loja\/wp-content\/uploads\/2020\/08\/Drenagem-bangalo.jpg","contentUrl":"https:\/\/clinicaraizes.com.br\/loja\/wp-content\/uploads\/2020\/08\/Drenagem-bangalo.jpg","width":400,"height":400,"caption":"Drenagem Linf\u00e1tica tatuap\u00e9"},{"@type":"BreadcrumbList","@id":"https:\/\/clinicaraizes.com.br\/loja\/shop\/massagem\/drenagem\/drenagem-manual-bangalo-vale-presente\/#breadcrumb","itemListElement":[{"@type":"ListItem","position":1,"name":"In\u00edcio","item":"https:\/\/clinicaraizes.com.br\/loja\/"},{"@type":"ListItem","position":2,"name":"Shop","item":"https:\/\/clinicaraizes.com.br\/loja\/shop\/"},{"@type":"ListItem","position":3,"name":"Drenagem Manual Bangal\u00f4"}]},{"@type":"WebSite","@id":"https:\/\/clinicaraizes.com.br\/loja\/#website","url":"https:\/\/clinicaraizes.com.br\/loja\/","name":"Cl\u00ednica Ra\u00edzes","description":"Dicas &amp; Tutoriais de Beleza e Bem Estar","publisher":{"@id":"https:\/\/clinicaraizes.com.br\/loja\/#organization"},"potentialAction":[{"@type":"SearchAction","target":{"@type":"EntryPoint","urlTemplate":"https:\/\/clinicaraizes.com.br\/loja\/?s={search_term_string}"},"query-input":{"@type":"PropertyValueSpecification","valueRequired":true,"valueName":"search_term_string"}}],"inLanguage":"pt-BR"},{"@type":"Organization","@id":"https:\/\/clinicaraizes.com.br\/loja\/#organization","name":"Cl\u00ednica Ra\u00edzes","url":"https:\/\/clinicaraizes.com.br\/loja\/","logo":{"@type":"ImageObject","inLanguage":"pt-BR","@id":"https:\/\/clinicaraizes.com.br\/loja\/#\/schema\/logo\/image\/","url":"https:\/\/clinicaraizes.com.br\/loja\/wp-content\/uploads\/2019\/03\/logo-raizes.png","contentUrl":"https:\/\/clinicaraizes.com.br\/loja\/wp-content\/uploads\/2019\/03\/logo-raizes.png","width":480,"height":180,"caption":"Cl\u00ednica Ra\u00edzes"},"image":{"@id":"https:\/\/clinicaraizes.com.br\/loja\/#\/schema\/logo\/image\/"},"sameAs":["https:\/\/www.facebook.com\/clinicaraizes","https:\/\/www.instagram.com\/clinicaraizes"]}]}},"jetpack_sharing_enabled":true,"_links":{"self":[{"href":"https:\/\/clinicaraizes.com.br\/loja\/wp-json\/wp\/v2\/product\/1286","targetHints":{"allow":["GET"]}}],"collection":[{"href":"https:\/\/clinicaraizes.com.br\/loja\/wp-json\/wp\/v2\/product"}],"about":[{"href":"https:\/\/clinicaraizes.com.br\/loja\/wp-json\/wp\/v2\/types\/product"}],"replies":[{"embeddable":true,"href":"https:\/\/clinicaraizes.com.br\/loja\/wp-json\/wp\/v2\/comments?post=1286"}],"wp:featuredmedia":[{"embeddable":true,"href":"https:\/\/clinicaraizes.com.br\/loja\/wp-json\/wp\/v2\/media\/923"}],"wp:attachment":[{"href":"https:\/\/clinicaraizes.com.br\/loja\/wp-json\/wp\/v2\/media?parent=1286"}],"wp:term":[{"taxonomy":"product_brand","embeddable":true,"href":"https:\/\/clinicaraizes.com.br\/loja\/wp-json\/wp\/v2\/product_brand?post=1286"},{"taxonomy":"product_cat","embeddable":true,"href":"https:\/\/clinicaraizes.com.br\/loja\/wp-json\/wp\/v2\/product_cat?post=1286"},{"taxonomy":"product_tag","embeddable":true,"href":"https:\/\/clinicaraizes.com.br\/loja\/wp-json\/wp\/v2\/product_tag?post=1286"}],"curies":[{"name":"wp","href":"https:\/\/api.w.org\/{rel}","templated":true}]}}