{"id":1285,"date":"2020-10-18T10:47:05","date_gmt":"2020-10-18T13:47:05","guid":{"rendered":"https:\/\/clinicaraizes.com.br\/loja\/?post_type=product&#038;p=1285"},"modified":"2026-04-23T19:13:04","modified_gmt":"2026-04-23T22:13:04","slug":"massagem-pedras-quentes-vale-presente","status":"publish","type":"product","link":"https:\/\/clinicaraizes.com.br\/loja\/shop\/massagem\/pedras-quentes\/massagem-pedras-quentes-vale-presente\/","title":{"rendered":"Massagem Pedras Quentes &#8211; 80 minutos"},"content":{"rendered":"<p><strong>Massagem Pedras Quentes<\/strong><\/p>\n<p>Dura\u00e7\u00e3o: 80 minutos<\/p>\n<p>Se voc\u00ea procura<b> <\/b>relaxamento, serenidade, calma e um momento s\u00f3 seu, a <strong>Massagem com Pedras Quentes \u00e9 para voc\u00ea!<\/strong><\/p>\n<p>Esta <a href=\"https:\/\/clinicaraizes.com.br\/spa\/tipos-de-massagem\/massagem-relaxantes\/terapia-pedras-quentes\/\">Massagem\u00a0\u00e9 perfeita<\/a> para <strong>relaxar a musculatura, aliviar a dor e trazer bem estar<\/strong>, pois \u00e9 uma integra\u00e7\u00e3o entre a massoterapia e a termoterapia (terapia pelo calor).<\/p>\n<p>Em nossos Bangal\u00f4s externos, climatizados e com m\u00fasica ambiente, \u00e9 realizada uma massagem em todo o corpo \u00f3leo essencial. E na sequ\u00eancia, o terapeuta realiza tamb\u00e9m uma suave massagem com a pedra aquecida deixando-a na pele durante alguns minutos, em pontos espec\u00edficos do corpo.<\/p>\n<h4><strong>As principais Indica\u00e7\u00f5es:<\/strong><\/h4>\n<ul>\n<li>Aliviar o stress;<\/li>\n<li>Aliviar Dores musculares e articulares;<\/li>\n<li>Promover relaxamento e bem-estar;<\/li>\n<li>Auxilia nos casos de ins\u00f4nia;<\/li>\n<li>Reduz estados depressivos.<\/li>\n<\/ul>\n<p>Depois de receber a Massagem, voc\u00ea se sentir\u00e1 recarregado energeticamente, o que aumentar\u00e1 a capacidade para trabalhar mais e melhor, e por per\u00edodos mais prolongados.<\/p>\n<p>&nbsp;<\/p>\n","protected":false},"excerpt":{"rendered":"<p>Dura\u00e7\u00e3o: 80 minutos<\/p>\n<p>Esta Massagem\u00a0\u00e9 perfeita para <strong>relaxar a musculatura, aliviar a dor e trazer bem estar<\/strong>, pois \u00e9 uma integra\u00e7\u00e3o entre a massoterapia e a termoterapia (terapia pelo calor).<\/p>\n","protected":false},"featured_media":1007,"comment_status":"open","ping_status":"closed","template":"","meta":{"bwfblock_default_font":""},"product_brand":[],"product_cat":[97,292],"product_tag":[178,173,186,167,217,218,185,187,215],"class_list":{"0":"post-1285","1":"product","2":"type-product","3":"status-publish","4":"has-post-thumbnail","6":"product_cat-pedras-quentes","7":"product_cat-vale-presente","8":"product_tag-day-spa","9":"product_tag-day-spa-tatuape","10":"product_tag-massagem-pedras-quentes","11":"product_tag-massagem-relaxante","12":"product_tag-presente-de-casamento","13":"product_tag-presentear","14":"product_tag-relaxamento","15":"product_tag-spa-tatuape","16":"product_tag-vale-presente","18":"first","19":"instock","20":"virtual","21":"purchasable","22":"product-type-simple"},"yoast_head":"<!-- This site is optimized with the Yoast SEO plugin v27.4 - https:\/\/yoast.com\/product\/yoast-seo-wordpress\/ -->\n<title>Massagem com Pedras Quentes | Cl\u00ednica Ra\u00edzes - Spa Tatuap\u00e9<\/title>\n<meta name=\"description\" content=\"Se voc\u00ea procura relaxamento, serenidade, calma e um momento s\u00f3 seu, a Massagem com Pedras Quentes \u00e9 para voc\u00ea! Agende (11) 2294-7070\" \/>\n<meta name=\"robots\" content=\"index, follow, max-snippet:-1, max-image-preview:large, max-video-preview:-1\" \/>\n<link rel=\"canonical\" href=\"https:\/\/clinicaraizes.com.br\/loja\/shop\/massagem\/pedras-quentes\/massagem-pedras-quentes-vale-presente\/\" \/>\n<meta property=\"og:locale\" content=\"pt_BR\" \/>\n<meta property=\"og:type\" content=\"article\" \/>\n<meta property=\"og:title\" content=\"Massagem com Pedras Quentes | Cl\u00ednica Ra\u00edzes - Spa Tatuap\u00e9\" \/>\n<meta property=\"og:description\" content=\"Se voc\u00ea procura relaxamento, serenidade, calma e um momento s\u00f3 seu, a Massagem com Pedras Quentes \u00e9 para voc\u00ea! Agende (11) 2294-7070\" \/>\n<meta property=\"og:url\" content=\"https:\/\/clinicaraizes.com.br\/loja\/shop\/massagem\/pedras-quentes\/massagem-pedras-quentes-vale-presente\/\" \/>\n<meta property=\"og:site_name\" content=\"Cl\u00ednica Ra\u00edzes\" \/>\n<meta property=\"article:publisher\" content=\"https:\/\/www.facebook.com\/clinicaraizes\" \/>\n<meta property=\"article:modified_time\" content=\"2026-04-23T22:13:04+00:00\" \/>\n<meta property=\"og:image\" content=\"https:\/\/clinicaraizes.com.br\/loja\/wp-content\/uploads\/2020\/08\/Pedras-Quentes.jpg\" \/>\n\t<meta property=\"og:image:width\" content=\"600\" \/>\n\t<meta property=\"og:image:height\" content=\"600\" \/>\n\t<meta property=\"og:image:type\" content=\"image\/jpeg\" \/>\n<meta name=\"twitter:card\" content=\"summary_large_image\" \/>\n<meta name=\"twitter:label1\" content=\"Est. tempo de leitura\" \/>\n\t<meta name=\"twitter:data1\" content=\"2 minutos\" \/>\n<script type=\"application\/ld+json\" class=\"yoast-schema-graph\">{\"@context\":\"https:\\\/\\\/schema.org\",\"@graph\":[{\"@type\":\"WebPage\",\"@id\":\"https:\\\/\\\/clinicaraizes.com.br\\\/loja\\\/shop\\\/massagem\\\/pedras-quentes\\\/massagem-pedras-quentes-vale-presente\\\/\",\"url\":\"https:\\\/\\\/clinicaraizes.com.br\\\/loja\\\/shop\\\/massagem\\\/pedras-quentes\\\/massagem-pedras-quentes-vale-presente\\\/\",\"name\":\"Massagem com Pedras Quentes | Cl\u00ednica Ra\u00edzes - Spa Tatuap\u00e9\",\"isPartOf\":{\"@id\":\"https:\\\/\\\/clinicaraizes.com.br\\\/loja\\\/#website\"},\"primaryImageOfPage\":{\"@id\":\"https:\\\/\\\/clinicaraizes.com.br\\\/loja\\\/shop\\\/massagem\\\/pedras-quentes\\\/massagem-pedras-quentes-vale-presente\\\/#primaryimage\"},\"image\":{\"@id\":\"https:\\\/\\\/clinicaraizes.com.br\\\/loja\\\/shop\\\/massagem\\\/pedras-quentes\\\/massagem-pedras-quentes-vale-presente\\\/#primaryimage\"},\"thumbnailUrl\":\"https:\\\/\\\/clinicaraizes.com.br\\\/loja\\\/wp-content\\\/uploads\\\/2020\\\/08\\\/Pedras-Quentes.jpg\",\"datePublished\":\"2020-10-18T13:47:05+00:00\",\"dateModified\":\"2026-04-23T22:13:04+00:00\",\"description\":\"Se voc\u00ea procura relaxamento, serenidade, calma e um momento s\u00f3 seu, a Massagem com Pedras Quentes \u00e9 para voc\u00ea! Agende (11) 2294-7070\",\"breadcrumb\":{\"@id\":\"https:\\\/\\\/clinicaraizes.com.br\\\/loja\\\/shop\\\/massagem\\\/pedras-quentes\\\/massagem-pedras-quentes-vale-presente\\\/#breadcrumb\"},\"inLanguage\":\"pt-BR\",\"potentialAction\":[{\"@type\":\"ReadAction\",\"target\":[\"https:\\\/\\\/clinicaraizes.com.br\\\/loja\\\/shop\\\/massagem\\\/pedras-quentes\\\/massagem-pedras-quentes-vale-presente\\\/\"]}]},{\"@type\":\"ImageObject\",\"inLanguage\":\"pt-BR\",\"@id\":\"https:\\\/\\\/clinicaraizes.com.br\\\/loja\\\/shop\\\/massagem\\\/pedras-quentes\\\/massagem-pedras-quentes-vale-presente\\\/#primaryimage\",\"url\":\"https:\\\/\\\/clinicaraizes.com.br\\\/loja\\\/wp-content\\\/uploads\\\/2020\\\/08\\\/Pedras-Quentes.jpg\",\"contentUrl\":\"https:\\\/\\\/clinicaraizes.com.br\\\/loja\\\/wp-content\\\/uploads\\\/2020\\\/08\\\/Pedras-Quentes.jpg\",\"width\":600,\"height\":600,\"caption\":\"Pedras Quentes\"},{\"@type\":\"BreadcrumbList\",\"@id\":\"https:\\\/\\\/clinicaraizes.com.br\\\/loja\\\/shop\\\/massagem\\\/pedras-quentes\\\/massagem-pedras-quentes-vale-presente\\\/#breadcrumb\",\"itemListElement\":[{\"@type\":\"ListItem\",\"position\":1,\"name\":\"In\u00edcio\",\"item\":\"https:\\\/\\\/clinicaraizes.com.br\\\/loja\\\/\"},{\"@type\":\"ListItem\",\"position\":2,\"name\":\"Shop\",\"item\":\"https:\\\/\\\/clinicaraizes.com.br\\\/loja\\\/shop\\\/\"},{\"@type\":\"ListItem\",\"position\":3,\"name\":\"Massagem Pedras Quentes &#8211; 80 minutos\"}]},{\"@type\":\"WebSite\",\"@id\":\"https:\\\/\\\/clinicaraizes.com.br\\\/loja\\\/#website\",\"url\":\"https:\\\/\\\/clinicaraizes.com.br\\\/loja\\\/\",\"name\":\"Cl\u00ednica Ra\u00edzes\",\"description\":\"Dicas &amp; Tutoriais de Beleza e Bem Estar\",\"publisher\":{\"@id\":\"https:\\\/\\\/clinicaraizes.com.br\\\/loja\\\/#organization\"},\"potentialAction\":[{\"@type\":\"SearchAction\",\"target\":{\"@type\":\"EntryPoint\",\"urlTemplate\":\"https:\\\/\\\/clinicaraizes.com.br\\\/loja\\\/?s={search_term_string}\"},\"query-input\":{\"@type\":\"PropertyValueSpecification\",\"valueRequired\":true,\"valueName\":\"search_term_string\"}}],\"inLanguage\":\"pt-BR\"},{\"@type\":\"Organization\",\"@id\":\"https:\\\/\\\/clinicaraizes.com.br\\\/loja\\\/#organization\",\"name\":\"Cl\u00ednica Ra\u00edzes\",\"url\":\"https:\\\/\\\/clinicaraizes.com.br\\\/loja\\\/\",\"logo\":{\"@type\":\"ImageObject\",\"inLanguage\":\"pt-BR\",\"@id\":\"https:\\\/\\\/clinicaraizes.com.br\\\/loja\\\/#\\\/schema\\\/logo\\\/image\\\/\",\"url\":\"https:\\\/\\\/clinicaraizes.com.br\\\/loja\\\/wp-content\\\/uploads\\\/2019\\\/03\\\/logo-raizes.png\",\"contentUrl\":\"https:\\\/\\\/clinicaraizes.com.br\\\/loja\\\/wp-content\\\/uploads\\\/2019\\\/03\\\/logo-raizes.png\",\"width\":480,\"height\":180,\"caption\":\"Cl\u00ednica Ra\u00edzes\"},\"image\":{\"@id\":\"https:\\\/\\\/clinicaraizes.com.br\\\/loja\\\/#\\\/schema\\\/logo\\\/image\\\/\"},\"sameAs\":[\"https:\\\/\\\/www.facebook.com\\\/clinicaraizes\",\"https:\\\/\\\/www.instagram.com\\\/clinicaraizes\"]}]}<\/script>\n<!-- \/ Yoast SEO plugin. -->","yoast_head_json":{"title":"Massagem com Pedras Quentes | Cl\u00ednica Ra\u00edzes - Spa Tatuap\u00e9","description":"Se voc\u00ea procura relaxamento, serenidade, calma e um momento s\u00f3 seu, a Massagem com Pedras Quentes \u00e9 para voc\u00ea! Agende (11) 2294-7070","robots":{"index":"index","follow":"follow","max-snippet":"max-snippet:-1","max-image-preview":"max-image-preview:large","max-video-preview":"max-video-preview:-1"},"canonical":"https:\/\/clinicaraizes.com.br\/loja\/shop\/massagem\/pedras-quentes\/massagem-pedras-quentes-vale-presente\/","og_locale":"pt_BR","og_type":"article","og_title":"Massagem com Pedras Quentes | Cl\u00ednica Ra\u00edzes - Spa Tatuap\u00e9","og_description":"Se voc\u00ea procura relaxamento, serenidade, calma e um momento s\u00f3 seu, a Massagem com Pedras Quentes \u00e9 para voc\u00ea! Agende (11) 2294-7070","og_url":"https:\/\/clinicaraizes.com.br\/loja\/shop\/massagem\/pedras-quentes\/massagem-pedras-quentes-vale-presente\/","og_site_name":"Cl\u00ednica Ra\u00edzes","article_publisher":"https:\/\/www.facebook.com\/clinicaraizes","article_modified_time":"2026-04-23T22:13:04+00:00","og_image":[{"width":600,"height":600,"url":"https:\/\/clinicaraizes.com.br\/loja\/wp-content\/uploads\/2020\/08\/Pedras-Quentes.jpg","type":"image\/jpeg"}],"twitter_card":"summary_large_image","twitter_misc":{"Est. tempo de leitura":"2 minutos"},"schema":{"@context":"https:\/\/schema.org","@graph":[{"@type":"WebPage","@id":"https:\/\/clinicaraizes.com.br\/loja\/shop\/massagem\/pedras-quentes\/massagem-pedras-quentes-vale-presente\/","url":"https:\/\/clinicaraizes.com.br\/loja\/shop\/massagem\/pedras-quentes\/massagem-pedras-quentes-vale-presente\/","name":"Massagem com Pedras Quentes | Cl\u00ednica Ra\u00edzes - Spa Tatuap\u00e9","isPartOf":{"@id":"https:\/\/clinicaraizes.com.br\/loja\/#website"},"primaryImageOfPage":{"@id":"https:\/\/clinicaraizes.com.br\/loja\/shop\/massagem\/pedras-quentes\/massagem-pedras-quentes-vale-presente\/#primaryimage"},"image":{"@id":"https:\/\/clinicaraizes.com.br\/loja\/shop\/massagem\/pedras-quentes\/massagem-pedras-quentes-vale-presente\/#primaryimage"},"thumbnailUrl":"https:\/\/clinicaraizes.com.br\/loja\/wp-content\/uploads\/2020\/08\/Pedras-Quentes.jpg","datePublished":"2020-10-18T13:47:05+00:00","dateModified":"2026-04-23T22:13:04+00:00","description":"Se voc\u00ea procura relaxamento, serenidade, calma e um momento s\u00f3 seu, a Massagem com Pedras Quentes \u00e9 para voc\u00ea! Agende (11) 2294-7070","breadcrumb":{"@id":"https:\/\/clinicaraizes.com.br\/loja\/shop\/massagem\/pedras-quentes\/massagem-pedras-quentes-vale-presente\/#breadcrumb"},"inLanguage":"pt-BR","potentialAction":[{"@type":"ReadAction","target":["https:\/\/clinicaraizes.com.br\/loja\/shop\/massagem\/pedras-quentes\/massagem-pedras-quentes-vale-presente\/"]}]},{"@type":"ImageObject","inLanguage":"pt-BR","@id":"https:\/\/clinicaraizes.com.br\/loja\/shop\/massagem\/pedras-quentes\/massagem-pedras-quentes-vale-presente\/#primaryimage","url":"https:\/\/clinicaraizes.com.br\/loja\/wp-content\/uploads\/2020\/08\/Pedras-Quentes.jpg","contentUrl":"https:\/\/clinicaraizes.com.br\/loja\/wp-content\/uploads\/2020\/08\/Pedras-Quentes.jpg","width":600,"height":600,"caption":"Pedras Quentes"},{"@type":"BreadcrumbList","@id":"https:\/\/clinicaraizes.com.br\/loja\/shop\/massagem\/pedras-quentes\/massagem-pedras-quentes-vale-presente\/#breadcrumb","itemListElement":[{"@type":"ListItem","position":1,"name":"In\u00edcio","item":"https:\/\/clinicaraizes.com.br\/loja\/"},{"@type":"ListItem","position":2,"name":"Shop","item":"https:\/\/clinicaraizes.com.br\/loja\/shop\/"},{"@type":"ListItem","position":3,"name":"Massagem Pedras Quentes &#8211; 80 minutos"}]},{"@type":"WebSite","@id":"https:\/\/clinicaraizes.com.br\/loja\/#website","url":"https:\/\/clinicaraizes.com.br\/loja\/","name":"Cl\u00ednica Ra\u00edzes","description":"Dicas &amp; Tutoriais de Beleza e Bem Estar","publisher":{"@id":"https:\/\/clinicaraizes.com.br\/loja\/#organization"},"potentialAction":[{"@type":"SearchAction","target":{"@type":"EntryPoint","urlTemplate":"https:\/\/clinicaraizes.com.br\/loja\/?s={search_term_string}"},"query-input":{"@type":"PropertyValueSpecification","valueRequired":true,"valueName":"search_term_string"}}],"inLanguage":"pt-BR"},{"@type":"Organization","@id":"https:\/\/clinicaraizes.com.br\/loja\/#organization","name":"Cl\u00ednica Ra\u00edzes","url":"https:\/\/clinicaraizes.com.br\/loja\/","logo":{"@type":"ImageObject","inLanguage":"pt-BR","@id":"https:\/\/clinicaraizes.com.br\/loja\/#\/schema\/logo\/image\/","url":"https:\/\/clinicaraizes.com.br\/loja\/wp-content\/uploads\/2019\/03\/logo-raizes.png","contentUrl":"https:\/\/clinicaraizes.com.br\/loja\/wp-content\/uploads\/2019\/03\/logo-raizes.png","width":480,"height":180,"caption":"Cl\u00ednica Ra\u00edzes"},"image":{"@id":"https:\/\/clinicaraizes.com.br\/loja\/#\/schema\/logo\/image\/"},"sameAs":["https:\/\/www.facebook.com\/clinicaraizes","https:\/\/www.instagram.com\/clinicaraizes"]}]}},"jetpack_sharing_enabled":true,"_links":{"self":[{"href":"https:\/\/clinicaraizes.com.br\/loja\/wp-json\/wp\/v2\/product\/1285","targetHints":{"allow":["GET"]}}],"collection":[{"href":"https:\/\/clinicaraizes.com.br\/loja\/wp-json\/wp\/v2\/product"}],"about":[{"href":"https:\/\/clinicaraizes.com.br\/loja\/wp-json\/wp\/v2\/types\/product"}],"replies":[{"embeddable":true,"href":"https:\/\/clinicaraizes.com.br\/loja\/wp-json\/wp\/v2\/comments?post=1285"}],"wp:featuredmedia":[{"embeddable":true,"href":"https:\/\/clinicaraizes.com.br\/loja\/wp-json\/wp\/v2\/media\/1007"}],"wp:attachment":[{"href":"https:\/\/clinicaraizes.com.br\/loja\/wp-json\/wp\/v2\/media?parent=1285"}],"wp:term":[{"taxonomy":"product_brand","embeddable":true,"href":"https:\/\/clinicaraizes.com.br\/loja\/wp-json\/wp\/v2\/product_brand?post=1285"},{"taxonomy":"product_cat","embeddable":true,"href":"https:\/\/clinicaraizes.com.br\/loja\/wp-json\/wp\/v2\/product_cat?post=1285"},{"taxonomy":"product_tag","embeddable":true,"href":"https:\/\/clinicaraizes.com.br\/loja\/wp-json\/wp\/v2\/product_tag?post=1285"}],"curies":[{"name":"wp","href":"https:\/\/api.w.org\/{rel}","templated":true}]}}