{"id":1171,"date":"2020-10-16T16:48:52","date_gmt":"2020-10-16T19:48:52","guid":{"rendered":"https:\/\/clinicaraizes.com.br\/loja\/?post_type=product&#038;p=1171"},"modified":"2026-04-23T19:13:57","modified_gmt":"2026-04-23T22:13:57","slug":"podologia-tradicional-valo-presente","status":"publish","type":"product","link":"https:\/\/clinicaraizes.com.br\/loja\/shop\/podologia\/podologia-tradicional-valo-presente\/","title":{"rendered":"Podologia Tradicional"},"content":{"rendered":"<p data-padding=\"15px\"><strong>Podologia Tradicional<\/strong><\/p>\n<p data-padding=\"15px\"><strong>Dura\u00e7\u00e3o:<\/strong> 60 minutos<\/p>\n<div><\/div>\n<div>O tratamento de Podologia Tradicional inclui assepsia dos p\u00e9s, corte t\u00e9cnico das unhas, unhas encravadas, retirada de calos e calosidades e breve hidrata\u00e7\u00e3o.<\/div>\n<div><\/div>\n<div><a href=\"https:\/\/clinicaraizes.com.br\/centro-de-beleza\/podologia\/\">Na Cl\u00ednica Ra\u00edzes voc\u00ea encontra:<\/a><\/div>\n<ul>\n<li class=\"title\"><strong>Atendimento Especializado:<\/strong> Com profissionais capacitados<\/li>\n<li class=\"title\"><strong>Equipamentos Modernos: <\/strong>Seus p\u00e9s nos cuidados de profissionais com equipamentos de ponta<strong><br \/>\n<\/strong><\/li>\n<li class=\"title\"><strong>Ambiente Confort\u00e1vel:<\/strong> Espa\u00e7o que proporciona maior comodidade ao cliente<strong><br \/>\n<\/strong><\/li>\n<li class=\"title\"><strong>Servi\u00e7o de Qualidade: <\/strong>Garantia de qualidade no servi\u00e7o prestado.<\/li>\n<\/ul>\n<div>\n<h4><strong>A Podologia atua em diversas \u00e1reas de interven\u00e7\u00e3o:\u00a0<\/strong><\/h4>\n<ul>\n<li>Podologia Geral (Avalia\u00e7\u00e3o est\u00e1tica e din\u00e2mica do p\u00e9);<\/li>\n<li>Infantil;<\/li>\n<li>Geri\u00e1trica;<\/li>\n<li>P\u00e9 de Risco (P\u00e9 diab\u00e9tico, p\u00e9 neurol\u00f3gico, p\u00e9 vascular);<\/li>\n<li>Desportiva;<\/li>\n<li>Preventiva.<\/li>\n<\/ul>\n<h4>\u00a0<strong>Tempo de retorno<\/strong><\/h4>\n<p>Aconselhamos que realize o retorno com seu pod\u00f3logo a cada 30 dias aproximadamente.<\/p>\n<h4>\u00a0<strong>Cuidados no m\u00eas<\/strong><\/h4>\n<p>Ap\u00f3s o procedimento, \u00e9 recomendado que o paciente sempre seque os p\u00e9s adequadamente entre os dedos, tome bastante \u00e1gua, utilize cremes hidratantes com frequ\u00eancia.<\/p>\n<h4>\u00a0<strong>Importante Lembrar<\/strong><\/h4>\n<p>O paciente precisa seguir as orienta\u00e7\u00f5es de cuidados e eliminar as causas dos problemas, por exemplo, um cal\u00e7ado apertado e utiliza\u00e7\u00e3o de produtos adequados.<\/p>\n<\/div>\n<p>Ent\u00e3o, agora voc\u00ea j\u00e1 sabe os cuidados que incluem a Podologia Tradicional, que tal agendar a sua visita a um pod\u00f3logo?<\/p>\n<h4><strong>Agendamento:<\/strong> (11) 2294-7070<\/h4>\n","protected":false},"excerpt":{"rendered":"<p>A Podologia Tradicional inclui:<\/p>\n<ul>\n<li>Assepsia dos p\u00e9s,<\/li>\n<li>Corte t\u00e9cnico das unhas,<\/li>\n<li>Unhas encravadas,<\/li>\n<li>Retirada de calos e calosidades,<\/li>\n<li>Breve hidrata\u00e7\u00e3o.<\/li>\n<\/ul>\n","protected":false},"featured_media":918,"comment_status":"open","ping_status":"closed","template":"","meta":{"bwfblock_default_font":""},"product_brand":[],"product_cat":[133,292],"product_tag":[164,162,163,217,216,165,215],"class_list":{"0":"post-1171","1":"product","2":"type-product","3":"status-publish","4":"has-post-thumbnail","6":"product_cat-podologia","7":"product_cat-vale-presente","8":"product_tag-cuidados-com-os-pes","9":"product_tag-podologia","10":"product_tag-podologia-tatuape","11":"product_tag-presente-de-casamento","12":"product_tag-presentear-amigos","13":"product_tag-unha-encravada","14":"product_tag-vale-presente","16":"first","17":"instock","18":"virtual","19":"purchasable","20":"product-type-simple"},"yoast_head":"<!-- This site is optimized with the Yoast SEO plugin v27.4 - https:\/\/yoast.com\/product\/yoast-seo-wordpress\/ -->\n<title>Podologia Tradicional Tatuap\u00e9 - Cl\u00ednica Ra\u00edzes<\/title>\n<meta name=\"description\" content=\"A Podologia \u00e9 dedicada ao cuidado e o bem-estar dos p\u00e9s. Podologia tradicional, esportiva, infantil e p\u00e9s diab\u00e9ticos. Agende (11) 2294-7070\" \/>\n<meta name=\"robots\" content=\"index, follow, max-snippet:-1, max-image-preview:large, max-video-preview:-1\" \/>\n<link rel=\"canonical\" href=\"https:\/\/clinicaraizes.com.br\/loja\/shop\/podologia\/podologia-tradicional-valo-presente\/\" \/>\n<meta property=\"og:locale\" content=\"pt_BR\" \/>\n<meta property=\"og:type\" content=\"article\" \/>\n<meta property=\"og:title\" content=\"Podologia Tradicional Tatuap\u00e9 - Cl\u00ednica Ra\u00edzes\" \/>\n<meta property=\"og:description\" content=\"A Podologia \u00e9 dedicada ao cuidado e o bem-estar dos p\u00e9s. Podologia tradicional, esportiva, infantil e p\u00e9s diab\u00e9ticos. Agende (11) 2294-7070\" \/>\n<meta property=\"og:url\" content=\"https:\/\/clinicaraizes.com.br\/loja\/shop\/podologia\/podologia-tradicional-valo-presente\/\" \/>\n<meta property=\"og:site_name\" content=\"Cl\u00ednica Ra\u00edzes\" \/>\n<meta property=\"article:publisher\" content=\"https:\/\/www.facebook.com\/clinicaraizes\" \/>\n<meta property=\"article:modified_time\" content=\"2026-04-23T22:13:57+00:00\" \/>\n<meta property=\"og:image\" content=\"https:\/\/clinicaraizes.com.br\/loja\/wp-content\/uploads\/2020\/08\/Podologia-infantil.jpg\" \/>\n\t<meta property=\"og:image:width\" content=\"400\" \/>\n\t<meta property=\"og:image:height\" content=\"400\" \/>\n\t<meta property=\"og:image:type\" content=\"image\/jpeg\" \/>\n<meta name=\"twitter:card\" content=\"summary_large_image\" \/>\n<meta name=\"twitter:label1\" content=\"Est. tempo de leitura\" \/>\n\t<meta name=\"twitter:data1\" content=\"2 minutos\" \/>\n<script type=\"application\/ld+json\" class=\"yoast-schema-graph\">{\"@context\":\"https:\\\/\\\/schema.org\",\"@graph\":[{\"@type\":\"WebPage\",\"@id\":\"https:\\\/\\\/clinicaraizes.com.br\\\/loja\\\/shop\\\/podologia\\\/podologia-tradicional-valo-presente\\\/\",\"url\":\"https:\\\/\\\/clinicaraizes.com.br\\\/loja\\\/shop\\\/podologia\\\/podologia-tradicional-valo-presente\\\/\",\"name\":\"Podologia Tradicional Tatuap\u00e9 - Cl\u00ednica Ra\u00edzes\",\"isPartOf\":{\"@id\":\"https:\\\/\\\/clinicaraizes.com.br\\\/loja\\\/#website\"},\"primaryImageOfPage\":{\"@id\":\"https:\\\/\\\/clinicaraizes.com.br\\\/loja\\\/shop\\\/podologia\\\/podologia-tradicional-valo-presente\\\/#primaryimage\"},\"image\":{\"@id\":\"https:\\\/\\\/clinicaraizes.com.br\\\/loja\\\/shop\\\/podologia\\\/podologia-tradicional-valo-presente\\\/#primaryimage\"},\"thumbnailUrl\":\"https:\\\/\\\/clinicaraizes.com.br\\\/loja\\\/wp-content\\\/uploads\\\/2020\\\/08\\\/Podologia-infantil.jpg\",\"datePublished\":\"2020-10-16T19:48:52+00:00\",\"dateModified\":\"2026-04-23T22:13:57+00:00\",\"description\":\"A Podologia \u00e9 dedicada ao cuidado e o bem-estar dos p\u00e9s. Podologia tradicional, esportiva, infantil e p\u00e9s diab\u00e9ticos. Agende (11) 2294-7070\",\"breadcrumb\":{\"@id\":\"https:\\\/\\\/clinicaraizes.com.br\\\/loja\\\/shop\\\/podologia\\\/podologia-tradicional-valo-presente\\\/#breadcrumb\"},\"inLanguage\":\"pt-BR\",\"potentialAction\":[{\"@type\":\"ReadAction\",\"target\":[\"https:\\\/\\\/clinicaraizes.com.br\\\/loja\\\/shop\\\/podologia\\\/podologia-tradicional-valo-presente\\\/\"]}]},{\"@type\":\"ImageObject\",\"inLanguage\":\"pt-BR\",\"@id\":\"https:\\\/\\\/clinicaraizes.com.br\\\/loja\\\/shop\\\/podologia\\\/podologia-tradicional-valo-presente\\\/#primaryimage\",\"url\":\"https:\\\/\\\/clinicaraizes.com.br\\\/loja\\\/wp-content\\\/uploads\\\/2020\\\/08\\\/Podologia-infantil.jpg\",\"contentUrl\":\"https:\\\/\\\/clinicaraizes.com.br\\\/loja\\\/wp-content\\\/uploads\\\/2020\\\/08\\\/Podologia-infantil.jpg\",\"width\":400,\"height\":400,\"caption\":\"Podologia Infantil\"},{\"@type\":\"BreadcrumbList\",\"@id\":\"https:\\\/\\\/clinicaraizes.com.br\\\/loja\\\/shop\\\/podologia\\\/podologia-tradicional-valo-presente\\\/#breadcrumb\",\"itemListElement\":[{\"@type\":\"ListItem\",\"position\":1,\"name\":\"In\u00edcio\",\"item\":\"https:\\\/\\\/clinicaraizes.com.br\\\/loja\\\/\"},{\"@type\":\"ListItem\",\"position\":2,\"name\":\"Shop\",\"item\":\"https:\\\/\\\/clinicaraizes.com.br\\\/loja\\\/shop\\\/\"},{\"@type\":\"ListItem\",\"position\":3,\"name\":\"Podologia Tradicional\"}]},{\"@type\":\"WebSite\",\"@id\":\"https:\\\/\\\/clinicaraizes.com.br\\\/loja\\\/#website\",\"url\":\"https:\\\/\\\/clinicaraizes.com.br\\\/loja\\\/\",\"name\":\"Cl\u00ednica Ra\u00edzes\",\"description\":\"Dicas &amp; Tutoriais de Beleza e Bem Estar\",\"publisher\":{\"@id\":\"https:\\\/\\\/clinicaraizes.com.br\\\/loja\\\/#organization\"},\"potentialAction\":[{\"@type\":\"SearchAction\",\"target\":{\"@type\":\"EntryPoint\",\"urlTemplate\":\"https:\\\/\\\/clinicaraizes.com.br\\\/loja\\\/?s={search_term_string}\"},\"query-input\":{\"@type\":\"PropertyValueSpecification\",\"valueRequired\":true,\"valueName\":\"search_term_string\"}}],\"inLanguage\":\"pt-BR\"},{\"@type\":\"Organization\",\"@id\":\"https:\\\/\\\/clinicaraizes.com.br\\\/loja\\\/#organization\",\"name\":\"Cl\u00ednica Ra\u00edzes\",\"url\":\"https:\\\/\\\/clinicaraizes.com.br\\\/loja\\\/\",\"logo\":{\"@type\":\"ImageObject\",\"inLanguage\":\"pt-BR\",\"@id\":\"https:\\\/\\\/clinicaraizes.com.br\\\/loja\\\/#\\\/schema\\\/logo\\\/image\\\/\",\"url\":\"https:\\\/\\\/clinicaraizes.com.br\\\/loja\\\/wp-content\\\/uploads\\\/2019\\\/03\\\/logo-raizes.png\",\"contentUrl\":\"https:\\\/\\\/clinicaraizes.com.br\\\/loja\\\/wp-content\\\/uploads\\\/2019\\\/03\\\/logo-raizes.png\",\"width\":480,\"height\":180,\"caption\":\"Cl\u00ednica Ra\u00edzes\"},\"image\":{\"@id\":\"https:\\\/\\\/clinicaraizes.com.br\\\/loja\\\/#\\\/schema\\\/logo\\\/image\\\/\"},\"sameAs\":[\"https:\\\/\\\/www.facebook.com\\\/clinicaraizes\",\"https:\\\/\\\/www.instagram.com\\\/clinicaraizes\"]}]}<\/script>\n<!-- \/ Yoast SEO plugin. -->","yoast_head_json":{"title":"Podologia Tradicional Tatuap\u00e9 - Cl\u00ednica Ra\u00edzes","description":"A Podologia \u00e9 dedicada ao cuidado e o bem-estar dos p\u00e9s. Podologia tradicional, esportiva, infantil e p\u00e9s diab\u00e9ticos. Agende (11) 2294-7070","robots":{"index":"index","follow":"follow","max-snippet":"max-snippet:-1","max-image-preview":"max-image-preview:large","max-video-preview":"max-video-preview:-1"},"canonical":"https:\/\/clinicaraizes.com.br\/loja\/shop\/podologia\/podologia-tradicional-valo-presente\/","og_locale":"pt_BR","og_type":"article","og_title":"Podologia Tradicional Tatuap\u00e9 - Cl\u00ednica Ra\u00edzes","og_description":"A Podologia \u00e9 dedicada ao cuidado e o bem-estar dos p\u00e9s. Podologia tradicional, esportiva, infantil e p\u00e9s diab\u00e9ticos. Agende (11) 2294-7070","og_url":"https:\/\/clinicaraizes.com.br\/loja\/shop\/podologia\/podologia-tradicional-valo-presente\/","og_site_name":"Cl\u00ednica Ra\u00edzes","article_publisher":"https:\/\/www.facebook.com\/clinicaraizes","article_modified_time":"2026-04-23T22:13:57+00:00","og_image":[{"width":400,"height":400,"url":"https:\/\/clinicaraizes.com.br\/loja\/wp-content\/uploads\/2020\/08\/Podologia-infantil.jpg","type":"image\/jpeg"}],"twitter_card":"summary_large_image","twitter_misc":{"Est. tempo de leitura":"2 minutos"},"schema":{"@context":"https:\/\/schema.org","@graph":[{"@type":"WebPage","@id":"https:\/\/clinicaraizes.com.br\/loja\/shop\/podologia\/podologia-tradicional-valo-presente\/","url":"https:\/\/clinicaraizes.com.br\/loja\/shop\/podologia\/podologia-tradicional-valo-presente\/","name":"Podologia Tradicional Tatuap\u00e9 - Cl\u00ednica Ra\u00edzes","isPartOf":{"@id":"https:\/\/clinicaraizes.com.br\/loja\/#website"},"primaryImageOfPage":{"@id":"https:\/\/clinicaraizes.com.br\/loja\/shop\/podologia\/podologia-tradicional-valo-presente\/#primaryimage"},"image":{"@id":"https:\/\/clinicaraizes.com.br\/loja\/shop\/podologia\/podologia-tradicional-valo-presente\/#primaryimage"},"thumbnailUrl":"https:\/\/clinicaraizes.com.br\/loja\/wp-content\/uploads\/2020\/08\/Podologia-infantil.jpg","datePublished":"2020-10-16T19:48:52+00:00","dateModified":"2026-04-23T22:13:57+00:00","description":"A Podologia \u00e9 dedicada ao cuidado e o bem-estar dos p\u00e9s. Podologia tradicional, esportiva, infantil e p\u00e9s diab\u00e9ticos. Agende (11) 2294-7070","breadcrumb":{"@id":"https:\/\/clinicaraizes.com.br\/loja\/shop\/podologia\/podologia-tradicional-valo-presente\/#breadcrumb"},"inLanguage":"pt-BR","potentialAction":[{"@type":"ReadAction","target":["https:\/\/clinicaraizes.com.br\/loja\/shop\/podologia\/podologia-tradicional-valo-presente\/"]}]},{"@type":"ImageObject","inLanguage":"pt-BR","@id":"https:\/\/clinicaraizes.com.br\/loja\/shop\/podologia\/podologia-tradicional-valo-presente\/#primaryimage","url":"https:\/\/clinicaraizes.com.br\/loja\/wp-content\/uploads\/2020\/08\/Podologia-infantil.jpg","contentUrl":"https:\/\/clinicaraizes.com.br\/loja\/wp-content\/uploads\/2020\/08\/Podologia-infantil.jpg","width":400,"height":400,"caption":"Podologia Infantil"},{"@type":"BreadcrumbList","@id":"https:\/\/clinicaraizes.com.br\/loja\/shop\/podologia\/podologia-tradicional-valo-presente\/#breadcrumb","itemListElement":[{"@type":"ListItem","position":1,"name":"In\u00edcio","item":"https:\/\/clinicaraizes.com.br\/loja\/"},{"@type":"ListItem","position":2,"name":"Shop","item":"https:\/\/clinicaraizes.com.br\/loja\/shop\/"},{"@type":"ListItem","position":3,"name":"Podologia Tradicional"}]},{"@type":"WebSite","@id":"https:\/\/clinicaraizes.com.br\/loja\/#website","url":"https:\/\/clinicaraizes.com.br\/loja\/","name":"Cl\u00ednica Ra\u00edzes","description":"Dicas &amp; Tutoriais de Beleza e Bem Estar","publisher":{"@id":"https:\/\/clinicaraizes.com.br\/loja\/#organization"},"potentialAction":[{"@type":"SearchAction","target":{"@type":"EntryPoint","urlTemplate":"https:\/\/clinicaraizes.com.br\/loja\/?s={search_term_string}"},"query-input":{"@type":"PropertyValueSpecification","valueRequired":true,"valueName":"search_term_string"}}],"inLanguage":"pt-BR"},{"@type":"Organization","@id":"https:\/\/clinicaraizes.com.br\/loja\/#organization","name":"Cl\u00ednica Ra\u00edzes","url":"https:\/\/clinicaraizes.com.br\/loja\/","logo":{"@type":"ImageObject","inLanguage":"pt-BR","@id":"https:\/\/clinicaraizes.com.br\/loja\/#\/schema\/logo\/image\/","url":"https:\/\/clinicaraizes.com.br\/loja\/wp-content\/uploads\/2019\/03\/logo-raizes.png","contentUrl":"https:\/\/clinicaraizes.com.br\/loja\/wp-content\/uploads\/2019\/03\/logo-raizes.png","width":480,"height":180,"caption":"Cl\u00ednica Ra\u00edzes"},"image":{"@id":"https:\/\/clinicaraizes.com.br\/loja\/#\/schema\/logo\/image\/"},"sameAs":["https:\/\/www.facebook.com\/clinicaraizes","https:\/\/www.instagram.com\/clinicaraizes"]}]}},"jetpack_sharing_enabled":true,"_links":{"self":[{"href":"https:\/\/clinicaraizes.com.br\/loja\/wp-json\/wp\/v2\/product\/1171","targetHints":{"allow":["GET"]}}],"collection":[{"href":"https:\/\/clinicaraizes.com.br\/loja\/wp-json\/wp\/v2\/product"}],"about":[{"href":"https:\/\/clinicaraizes.com.br\/loja\/wp-json\/wp\/v2\/types\/product"}],"replies":[{"embeddable":true,"href":"https:\/\/clinicaraizes.com.br\/loja\/wp-json\/wp\/v2\/comments?post=1171"}],"wp:featuredmedia":[{"embeddable":true,"href":"https:\/\/clinicaraizes.com.br\/loja\/wp-json\/wp\/v2\/media\/918"}],"wp:attachment":[{"href":"https:\/\/clinicaraizes.com.br\/loja\/wp-json\/wp\/v2\/media?parent=1171"}],"wp:term":[{"taxonomy":"product_brand","embeddable":true,"href":"https:\/\/clinicaraizes.com.br\/loja\/wp-json\/wp\/v2\/product_brand?post=1171"},{"taxonomy":"product_cat","embeddable":true,"href":"https:\/\/clinicaraizes.com.br\/loja\/wp-json\/wp\/v2\/product_cat?post=1171"},{"taxonomy":"product_tag","embeddable":true,"href":"https:\/\/clinicaraizes.com.br\/loja\/wp-json\/wp\/v2\/product_tag?post=1171"}],"curies":[{"name":"wp","href":"https:\/\/api.w.org\/{rel}","templated":true}]}}